{"id":8063,"date":"2020-06-16T10:52:53","date_gmt":"2020-06-16T13:52:53","guid":{"rendered":"https:\/\/patagonia.gob.ar\/wp2025\/biblioteca-virtual\/"},"modified":"2025-09-14T20:40:22","modified_gmt":"2025-09-14T23:40:22","slug":"biblioteca-virtual","status":"publish","type":"page","link":"https:\/\/patagonia.gob.ar\/pt-br\/biblioteca-virtual\/","title":{"rendered":"Biblioteca Virtual"},"content":{"rendered":"\r\n<section class=\"py-5\">\r\n<div class=\"container-xl mb-5\">\r\n<div class=\"row mb-5\">\r\n<div class=\"col-12 text-center\">\r\n<h1 class=\"font-serif text-primary fw-bold\">Biblioteca Virtual<\/h1>\r\n<\/div>\r\n<\/div>\r\n<div class=\"row justify-content-center\">\r\n<p>A Biblioteca Virtual tem como objetivo p\u00f4r \u00e0 disposi\u00e7\u00e3o da comunidade recursos digitais para difundir e facilitar o acesso \u00e0 informa\u00e7\u00e3o relacionada ao turismo na regi\u00e3o da Patag\u00f4nia.<\/p>\r\n<p>Aqui voc\u00ea encontrar\u00e1 projetos de pesquisa acad\u00eamica de destaque, conduzidos por estudantes de diversas universidades conveniadas com nossa institui\u00e7\u00e3o regional. Voc\u00ea tamb\u00e9m pode acessar livros e revistas digitais publicados por essas universidades. Este arquivo digital tamb\u00e9m inclui estat\u00edsticas de turismo para as diferentes prov\u00edncias que comp\u00f5em a regi\u00e3o e regulamenta\u00e7\u00f5es do setor. J\u00e1 a se\u00e7\u00e3o Publica\u00e7\u00f5es Gerais cont\u00e9m artigos, documentos, livros e trabalhos sobre aspectos do patrim\u00f4nio hist\u00f3rico e cultural da Patag\u00f4nia. Voc\u00ea tamb\u00e9m pode acessar a se\u00e7\u00e3o Screen Patag\u00f4nia, onde pode conhecer algumas produ\u00e7\u00f5es cinematogr\u00e1ficas e publicit\u00e1rias realizadas na regi\u00e3o.<\/p>\r\n<\/div>\r\n<\/div>\r\n<div class=\"container-xl\">\r\n<div class=\"row g-4\"><div class=\"col-12 col-sm-6 col-lg-4\">\r\n\t<a href=\"https:\/\/patagonia.gob.ar\/pt-br\/biblioteca\/documentacion\/\">\r\n\t\t<div class=\"rounded-4 ratio ratio-1x1 \" style=\"background-color:#fafafa;background-image:url('https:\/\/patagonia.gob.ar\/wp2025\/wp-content\/uploads\/2020\/07\/Dise\u00f1o-sin-t\u00edtulo-1.jpg');background-position: center;background-size: cover;\">\r\n\t\t\t<div class=\"text-light p-4 d-flex flex-column justify-content-end\">\r\n\t\t\t\t<h5 class=\"h3 lh-1 mb-1 fw-bold\" style=\"text-shadow: 1px 2px 6px rgba(0,0,0,0.29);\">Publicaciones Generales<\/h5>\r\n\t\t\t\t\r\n\t\t\t<\/div>\r\n\t\t<\/div>\r\n\t<\/a>\t\r\n<\/div><div class=\"col-12 col-sm-6 col-lg-4\">\r\n\t<a href=\"https:\/\/patagonia.gob.ar\/pt-br\/biblioteca\/normativas\/\">\r\n\t\t<div class=\"rounded-4 ratio ratio-1x1 \" style=\"background-color:#fafafa;background-image:url('https:\/\/patagonia.gob.ar\/wp2025\/wp-content\/uploads\/2020\/07\/Dise\u00f1o-sin-t\u00edtulo-1.jpg');background-position: center;background-size: cover;\">\r\n\t\t\t<div class=\"text-light p-4 d-flex flex-column justify-content-end\">\r\n\t\t\t\t<h5 class=\"h3 lh-1 mb-1 fw-bold\" style=\"text-shadow: 1px 2px 6px rgba(0,0,0,0.29);\">Normativas<\/h5>\r\n\t\t\t\t\r\n\t\t\t<\/div>\r\n\t\t<\/div>\r\n\t<\/a>\t\r\n<\/div><div class=\"col-12 col-sm-6 col-lg-4\">\r\n\t<a href=\"https:\/\/patagonia.gob.ar\/pt-br\/biblioteca\/estadisticas\/\">\r\n\t\t<div class=\"rounded-4 ratio ratio-1x1 \" style=\"background-color:#fafafa;background-image:url('https:\/\/patagonia.gob.ar\/wp2025\/wp-content\/uploads\/2020\/07\/Dise\u00f1o-sin-t\u00edtulo-1.jpg');background-position: center;background-size: cover;\">\r\n\t\t\t<div class=\"text-light p-4 d-flex flex-column justify-content-end\">\r\n\t\t\t\t<h5 class=\"h3 lh-1 mb-1 fw-bold\" style=\"text-shadow: 1px 2px 6px rgba(0,0,0,0.29);\">Estad\u00edsticas<\/h5>\r\n\t\t\t\t\r\n\t\t\t<\/div>\r\n\t\t<\/div>\r\n\t<\/a>\t\r\n<\/div><div class=\"col-12 col-sm-6 col-lg-4\">\r\n\t<a href=\"https:\/\/patagonia.gob.ar\/pt-br\/biblioteca\/trabajos-academicos\/\">\r\n\t\t<div class=\"rounded-4 ratio ratio-1x1 \" style=\"background-color:#fafafa;background-image:url('https:\/\/patagonia.gob.ar\/wp2025\/wp-content\/uploads\/2020\/07\/Dise\u00f1o-sin-t\u00edtulo-1.jpg');background-position: center;background-size: cover;\">\r\n\t\t\t<div class=\"text-light p-4 d-flex flex-column justify-content-end\">\r\n\t\t\t\t<h5 class=\"h3 lh-1 mb-1 fw-bold\" style=\"text-shadow: 1px 2px 6px rgba(0,0,0,0.29);\">Trabajos Acad\u00e9micos<\/h5>\r\n\t\t\t\t\r\n\t\t\t<\/div>\r\n\t\t<\/div>\r\n\t<\/a>\t\r\n<\/div><div class=\"col-12 col-sm-6 col-lg-4\">\r\n\t<a href=\"https:\/\/patagonia.gob.ar\/pt-br\/biblioteca\/screen-patagonia\/\">\r\n\t\t<div class=\"rounded-4 ratio ratio-1x1 \" style=\"background-color:#fafafa;background-image:url('https:\/\/patagonia.gob.ar\/wp2025\/wp-content\/uploads\/2020\/07\/Dise\u00f1o-sin-t\u00edtulo-1.jpg');background-position: center;background-size: cover;\">\r\n\t\t\t<div class=\"text-light p-4 d-flex flex-column justify-content-end\">\r\n\t\t\t\t<h5 class=\"h3 lh-1 mb-1 fw-bold\" style=\"text-shadow: 1px 2px 6px rgba(0,0,0,0.29);\">Screen Patag\u00f4nia<\/h5>\r\n\t\t\t\t\r\n\t\t\t<\/div>\r\n\t\t<\/div>\r\n\t<\/a>\t\r\n<\/div><\/div>\r\n<\/div>\r\n<\/section>\r\n","protected":false},"excerpt":{"rendered":"<p>Biblioteca Virtual A Biblioteca Virtual tem como objetivo p\u00f4r \u00e0 disposi\u00e7\u00e3o da comunidade recursos digitais para difundir e facilitar o acesso \u00e0 informa\u00e7\u00e3o relacionada ao turismo na regi\u00e3o da Patag\u00f4nia. Aqui voc\u00ea encontrar\u00e1 projetos de pesquisa acad\u00eamica de destaque, conduzidos por estudantes de diversas universidades conveniadas com nossa institui\u00e7\u00e3o regional. Voc\u00ea tamb\u00e9m pode acessar livros [&#8230;]<\/p>\n<p><a class=\"btn btn-secondary understrap-read-more-link\" href=\"https:\/\/patagonia.gob.ar\/pt-br\/biblioteca-virtual\/\">Read More&#8230;<\/a><\/p>\n","protected":false},"author":1,"featured_media":0,"parent":0,"menu_order":0,"comment_status":"closed","ping_status":"closed","template":"page-templates\/empty-page.php","meta":{"footnotes":""},"class_list":["post-8063","page","type-page","status-publish","hentry"],"_links":{"self":[{"href":"https:\/\/patagonia.gob.ar\/pt-br\/wp-json\/wp\/v2\/pages\/8063","targetHints":{"allow":["GET"]}}],"collection":[{"href":"https:\/\/patagonia.gob.ar\/pt-br\/wp-json\/wp\/v2\/pages"}],"about":[{"href":"https:\/\/patagonia.gob.ar\/pt-br\/wp-json\/wp\/v2\/types\/page"}],"author":[{"embeddable":true,"href":"https:\/\/patagonia.gob.ar\/pt-br\/wp-json\/wp\/v2\/users\/1"}],"replies":[{"embeddable":true,"href":"https:\/\/patagonia.gob.ar\/pt-br\/wp-json\/wp\/v2\/comments?post=8063"}],"version-history":[{"count":2,"href":"https:\/\/patagonia.gob.ar\/pt-br\/wp-json\/wp\/v2\/pages\/8063\/revisions"}],"predecessor-version":[{"id":8650,"href":"https:\/\/patagonia.gob.ar\/pt-br\/wp-json\/wp\/v2\/pages\/8063\/revisions\/8650"}],"wp:attachment":[{"href":"https:\/\/patagonia.gob.ar\/pt-br\/wp-json\/wp\/v2\/media?parent=8063"}],"curies":[{"name":"wp","href":"https:\/\/api.w.org\/{rel}","templated":true}]}}