{"id":8124,"date":"2019-07-30T10:18:28","date_gmt":"2019-07-30T13:18:28","guid":{"rendered":"https:\/\/patagonia.gob.ar\/wp2025\/institucional\/"},"modified":"2025-09-14T19:21:49","modified_gmt":"2025-09-14T22:21:49","slug":"entidade-patagonia","status":"publish","type":"page","link":"https:\/\/patagonia.gob.ar\/pt-br\/entidade-patagonia\/","title":{"rendered":"Entidade Patag\u00f4nia"},"content":{"rendered":"\r\n<section class=\"py-5\">\r\n<div class=\"container-xl\">\r\n<div class=\"row mb-5\">\r\n<div class=\"col-lg-6\">\r\n<div class=\"row\">\r\n<div class=\"col-12\">\r\n<h1 class=\"mb-4 fw-bold font-serif text-primary\">Institucional<\/h1>\r\n<p class=\"lead serif mb-4\">O Conselho Oficial Regional de Turismo da Patag\u00f4nia Argentina \u00e9 composto pelos Organismos Oficiais de Turismo das prov\u00edncias de La Pampa, Neuqu\u00e9n, R\u00edo Negro, Chubut, Santa Cruz, Terra do Fogo, Ant\u00e1rtida e Ilhas do Atl\u00e2ntico Sul.<\/p>\r\n<\/div>\r\n<div class=\"col-12\">\r\n<div class=\"row\">\r\n<div class=\"col-md-6 mb-3\">\r\n<p>Seu principal objetivo \u00e9 promover e coordenar o turismo recreativo p\u00fablico e privado na Patag\u00f4nia, com base em objetivos e pol\u00edticas consistentes e concomitantes com o desenvolvimento econ\u00f4mico e social harmonioso da regi\u00e3o. A Patag\u00f4nia foi pioneira em reconhecer a necessidade da regionaliza\u00e7\u00e3o para atingir esses objetivos. As primeiras evid\u00eancias dessa preocupa\u00e7\u00e3o remontam a 1965, quando a primeira reuni\u00e3o da Junta de Governadores incluiu o turismo como um fator v\u00e1lido e alternativo para o desenvolvimento das economias provinciais. No entanto, foi somente em 1969 que foi definido o Circuito Regional da Patag\u00f4nia Norte, que incorporou Chubut e, posteriormente, Santa Cruz e Terra do Fogo, formando assim a entidade inicialmente conhecida como &#8220;Comahue Tur\u00edstico&#8221; at\u00e9 sua mudan\u00e7a para &#8220;Patag\u00f4nia Argentina&#8221; em 1974.<\/p>\r\n<\/div>\r\n<div class=\"col-md-6 mb-5\">\r\n<p>Ap\u00f3s mais de 40 anos realizando a\u00e7\u00f5es concretas voltadas \u00e0 reafirma\u00e7\u00e3o da identidade regional da Patag\u00f4nia e \u00e0 consolida\u00e7\u00e3o da integra\u00e7\u00e3o que permite solu\u00e7\u00f5es para necessidades comuns, a entidade &#8220;Patag\u00f4nia Argentina&#8221; continua mantendo a premissa de defender e promover um esp\u00edrito de coopera\u00e7\u00e3o e concord\u00e2ncia que permita unir e associar as particularidades culturais da regi\u00e3o, promovendo essas caracter\u00edsticas para potencializar o desenvolvimento da regi\u00e3o e de seus habitantes.<\/p>\r\n<\/div>\r\n<\/div>\r\n<div class=\"row align-items-center mb-5\">\r\n<div class=\"col text-center\"><hr \/><\/div>\r\n<div class=\"col-8 col-sm-auto text-center\"><a class=\"btn btn-lg btn-outline-primary rounded-pill\" href=\"https:\/\/drive.google.com\/open?id=1e9-QIGv-UR4CX_a2A2Hdh4Z5SoK8dizE\" target=\"_blank\" rel=\"noopener noreferrer\"><i class=\"bi bi-file-pdf\"><\/i> Descargar Estatuto<\/a><\/div>\r\n<div class=\"col text-center\"><hr \/><\/div>\r\n<\/div>\r\n<\/div>\r\n<\/div>\r\n<\/div>\r\n<div class=\"col-lg-5 offset-lg-1\">\r\n<div class=\"row align-items-center mb-4\">\r\n<div class=\"col text-center\"><hr \/><\/div>\r\n<div class=\"col-8 col-sm-auto text-center\">\r\n<h5 class=\"font-serif fw-bold text-primary\">Conselho de Administra\u00e7\u00e3o<\/h5>\r\n<\/div>\r\n<div class=\"col text-center\"><hr \/><\/div>\r\n<\/div>\r\n<div class=\"row\">\r\n<div class=\"col-sm-6 text-center post-item mb-5\"><img decoding=\"async\" class=\"img-fluid rounded-circle mb-3 w-75 mx-auto\" src=\"https:\/\/patagonia.gob.ar\/wp2025\/wp-content\/uploads\/2025\/05\/querciali.jpg\" alt=\"Dante Querciali\" \/>\r\n<h5 class=\"mb-2\">Dante Querciali<\/h5>\r\n<p class=\"small mb-3\">Presidente<br \/>Instituto Fueguino de Turismo<br \/>Presid\u00eancia do Conselho Oficial de Turismo da Patag\u00f4nia Argentina<\/p>\r\n<\/div>\r\n<div class=\"col-sm-6 text-center post-item mb-5\"><img decoding=\"async\" class=\"img-fluid rounded-circle mb-3 w-75 mx-auto\" src=\"https:\/\/patagonia.gob.ar\/wp2025\/wp-content\/uploads\/2025\/05\/capiet-1.jpg\" alt=\"Gustavo Fern\u00e1ndez Capiet\" \/>\r\n<h5 class=\"mb-2\">Gustavo Fern\u00e1ndez Capiet<\/h5>\r\n<p class=\"small mb-3\">Ministro de Turismo<br \/>Prov\u00edncia de Neuqu\u00e9n<br \/>Vice-presid\u00eancia do Conselho Oficial de Turismo da Patag\u00f4nia Argentina<\/p>\r\n<\/div>\r\n<div class=\"col-sm-6 text-center post-item mb-5\"><img loading=\"lazy\" decoding=\"async\" class=\"img-fluid rounded-circle mb-3 w-75 mx-auto\" src=\"https:\/\/patagonia.gob.ar\/wp2025\/wp-content\/uploads\/2025\/05\/echeveste-1.jpeg\" alt=\"Sa\u00fal Echeveste\" width=\"1280\" height=\"1280\" \/><br \/>\r\n<h5 class=\"mb-2\">Sa\u00fal Echeveste<\/h5>\r\n<p class=\"small mb-3\">Secret\u00e1rio de Turismo<br \/>Prov\u00edncia de La Pampa<\/p>\r\n<\/div>\r\n<div class=\"col-sm-6 text-center post-item mb-5\"><img decoding=\"async\" class=\"img-fluid rounded-circle mb-3 w-75 mx-auto\" src=\"https:\/\/patagonia.gob.ar\/wp2025\/wp-content\/uploads\/2025\/05\/gatti.jpeg\" alt=\"Fabian Gatti\" \/>\r\n<h5 class=\"mb-2\">Fabian Gatti<\/h5>\r\n<p class=\"small mb-3\">Ministro do Governo, Trabalho e Turismo<br \/>Prov\u00edncia de R\u00edo Negro<\/p>\r\n<\/div>\r\n<div class=\"col-sm-6 text-center post-item mb-5\"><img loading=\"lazy\" decoding=\"async\" class=\"img-fluid rounded-circle mb-3 w-75 mx-auto\" src=\"https:\/\/patagonia.gob.ar\/wp2025\/wp-content\/uploads\/2025\/05\/lapenna-chubut.jpeg\" alt=\"Diego Lapenna\" width=\"1280\" height=\"1280\" \/><br \/>\r\n<h5 class=\"mb-2\">Diego Lapenna<\/h5>\r\n<p class=\"small mb-3\">Ministro do Turismo e \u00c1reas Protegidas<br \/>Prov\u00edncia de Chubut<\/p>\r\n<\/div>\r\n<div class=\"col-sm-6 text-center post-item mb-5\"><img decoding=\"async\" class=\"img-fluid rounded-circle mb-3 w-75 mx-auto\" src=\"https:\/\/patagonia.gob.ar\/wp2025\/wp-content\/uploads\/2025\/05\/martinez-2.jpg\" alt=\"Rub\u00e9n Martinez\" \/>\r\n<h5 class=\"mb-2\">Rub\u00e9n Martinez<\/h5>\r\n<p class=\"small mb-3\">Secret\u00e1rio de Estado do Turismo<br \/>Prov\u00edncia de Santa Cruz<\/p>\r\n<\/div>\r\n<div class=\"col-sm-6 text-center post-item mb-5\"><img decoding=\"async\" class=\"img-fluid rounded-circle mb-3 w-75 mx-auto\" src=\"https:\/\/patagonia.gob.ar\/wp2025\/wp-content\/uploads\/2025\/05\/foto-miriam.jpeg\" alt=\"Miriam Capasso\" \/>\r\n<h5 class=\"mb-2\">Miriam Capasso<\/h5>\r\n<p class=\"small mb-3\">Diretora-executiva<br \/>Entidade Patag\u00f4nia Argentina<\/p>\r\n<\/div>\r\n<\/div>\r\n<\/div>\r\n<\/div>\r\n<\/div>\r\n<\/section>\r\n\r\n\r\n\r\n<p>&nbsp;<\/p>\r\n","protected":false},"excerpt":{"rendered":"<p>Institucional O Conselho Oficial Regional de Turismo da Patag\u00f4nia Argentina \u00e9 composto pelos Organismos Oficiais de Turismo das prov\u00edncias de La Pampa, Neuqu\u00e9n, R\u00edo Negro, Chubut, Santa Cruz, Terra do Fogo, Ant\u00e1rtida e Ilhas do Atl\u00e2ntico Sul. Seu principal objetivo \u00e9 promover e coordenar o turismo recreativo p\u00fablico e privado na Patag\u00f4nia, com base em [&#8230;]<\/p>\n<p><a class=\"btn btn-secondary understrap-read-more-link\" href=\"https:\/\/patagonia.gob.ar\/pt-br\/entidade-patagonia\/\">Read More&#8230;<\/a><\/p>\n","protected":false},"author":1,"featured_media":0,"parent":0,"menu_order":0,"comment_status":"closed","ping_status":"closed","template":"page-templates\/empty-page.php","meta":{"footnotes":""},"class_list":["post-8124","page","type-page","status-publish","hentry"],"_links":{"self":[{"href":"https:\/\/patagonia.gob.ar\/pt-br\/wp-json\/wp\/v2\/pages\/8124","targetHints":{"allow":["GET"]}}],"collection":[{"href":"https:\/\/patagonia.gob.ar\/pt-br\/wp-json\/wp\/v2\/pages"}],"about":[{"href":"https:\/\/patagonia.gob.ar\/pt-br\/wp-json\/wp\/v2\/types\/page"}],"author":[{"embeddable":true,"href":"https:\/\/patagonia.gob.ar\/pt-br\/wp-json\/wp\/v2\/users\/1"}],"replies":[{"embeddable":true,"href":"https:\/\/patagonia.gob.ar\/pt-br\/wp-json\/wp\/v2\/comments?post=8124"}],"version-history":[{"count":3,"href":"https:\/\/patagonia.gob.ar\/pt-br\/wp-json\/wp\/v2\/pages\/8124\/revisions"}],"predecessor-version":[{"id":8648,"href":"https:\/\/patagonia.gob.ar\/pt-br\/wp-json\/wp\/v2\/pages\/8124\/revisions\/8648"}],"wp:attachment":[{"href":"https:\/\/patagonia.gob.ar\/pt-br\/wp-json\/wp\/v2\/media?parent=8124"}],"curies":[{"name":"wp","href":"https:\/\/api.w.org\/{rel}","templated":true}]}}