{"id":8393,"date":"2019-07-31T22:29:33","date_gmt":"2019-08-01T01:29:33","guid":{"rendered":"https:\/\/patagonia.gob.ar\/wp2025\/senderos-de-la-patagonia\/"},"modified":"2025-09-09T16:16:29","modified_gmt":"2025-09-09T19:16:29","slug":"trilhas","status":"publish","type":"page","link":"https:\/\/patagonia.gob.ar\/pt-br\/trilhas\/","title":{"rendered":"Trilhas"},"content":{"rendered":"\r\n<section id=\"senderos-2\" class=\"py-5\">\r\n\t<div class=\"container-xl\">\r\n<div class=\"row mb-5\">\r\n\t\t\t<div class=\"col-6 col-md-4 text-center mx-auto\">\r\n<img decoding=\"async\" src=\"https:\/\/patagonia.gob.ar\/wp2025\/wp-content\/uploads\/2020\/01\/Logo-Senderos.png\" alt=\"Senderos de la Patagonia\" class=\"img-fluid\">\r\n\t\t\t<\/div>\r\n\t\t<\/div>\t\r\n\t\t<div class=\"row mb-5\">\r\n\t\t\t<div class=\"col-12 col-md-6\">\r\n\t\t\t\t<p class=\"lead font-script lh-3\" style=\"letter-spacing:1px;\">Caminhos a percorrer, tesouros a descobrir numa jornada que se revela passo a passo. Novas experi\u00eancias, segredos que a terra esconde e sussurra ao viajante de olhar curioso, alma inquieta e esp\u00edrito em movimento. Porque caminhar \u00e9 avan\u00e7ar, mas tamb\u00e9m retornar e redescobrir.<\/p>\r\n\t\t\t<\/div>\r\n\t\t\t<div class=\"col-12 col-md-6\">\r\n\t\t\t\t<p>\u00c9 uma busca, uma pausa, uma abertura emocional ao ritmo do caminho. \u00c9 sentir a terra sob os p\u00e9s, o ar no rosto e a natureza no corpo. \u00c9 retornar um pouco \u00e0s origens, porque caminhar \u00e9 uma das formas mais antigas de viajar.<\/p>\r\n<p>Aqui est\u00e3o algumas op\u00e7\u00f5es para explorar parte da geografia patag\u00f4nica. Algumas s\u00e3o adequadas para fam\u00edlias, enquanto outras convidam \u00e0 aventura. \u00c9 recomend\u00e1vel verificar sempre as condi\u00e7\u00f5es da trilha para garantir uma experi\u00eancia satisfat\u00f3ria e segura.<\/p>\t\t\t\t\r\n\t\t\t<\/div>\r\n\t\t<\/div>\r\n\t<\/div>\r\n<div class=\"container-xl\">\r\n        <div class=\"row g-4\">\r\n            <div class=\"col-12 col-sm-6 col-lg-4\">\r\n\t<a href=\"https:\/\/patagonia.gob.ar\/pt-br\/senderos\/trilhas-la-pampa\/\">\r\n\t\t<div class=\"rounded-4 ratio ratio-1x1 \" style=\"background-color:#fafafa;background-image:url('https:\/\/patagonia.gob.ar\/wp2025\/wp-content\/uploads\/2019\/07\/lapampa-Parque-Nacional-Lihue-Calel-La-Pampa.jpg');background-position: center;background-size: cover;\">\r\n\t\t\t<div class=\"text-light p-4 d-flex flex-column justify-content-end\">\r\n\t\t\t\t<h5 class=\"h3 lh-1 mb-1 fw-bold\" style=\"text-shadow: 1px 2px 6px rgba(0,0,0,0.29);\">Trilhas<\/h5>\r\n\t\t\t\t\r\n\t\t\t<p class=\"lead\">La Pampa<\/p>\r\n\t\t\t  \r\n\t\t\t<\/div>\r\n\t\t<\/div>\r\n\t<\/a>\t\r\n<\/div><div class=\"col-12 col-sm-6 col-lg-4\">\r\n\t<a href=\"https:\/\/patagonia.gob.ar\/pt-br\/senderos\/senderos\/\">\r\n\t\t<div class=\"rounded-4 ratio ratio-1x1 \" style=\"background-color:#fafafa;background-image:url('https:\/\/patagonia.gob.ar\/wp2025\/wp-content\/uploads\/2020\/11\/Pehuenia_ascenso-batea_mahuida_efraindavila.com-28.jpg');background-position: center;background-size: cover;\">\r\n\t\t\t<div class=\"text-light p-4 d-flex flex-column justify-content-end\">\r\n\t\t\t\t<h5 class=\"h3 lh-1 mb-1 fw-bold\" style=\"text-shadow: 1px 2px 6px rgba(0,0,0,0.29);\">Senderos<\/h5>\r\n\t\t\t\t\r\n\t\t\t<p class=\"lead\">Neuqu\u00e9n<\/p>\r\n\t\t\t  \r\n\t\t\t<\/div>\r\n\t\t<\/div>\r\n\t<\/a>\t\r\n<\/div><div class=\"col-12 col-sm-6 col-lg-4\">\r\n\t<a href=\"https:\/\/patagonia.gob.ar\/pt-br\/senderos\/senderos-rio-negro\/\">\r\n\t\t<div class=\"rounded-4 ratio ratio-1x1 \" style=\"background-color:#fafafa;background-image:url('https:\/\/patagonia.gob.ar\/wp2025\/wp-content\/uploads\/2020\/07\/WhatsApp-Image-2020-07-02-at-14.16.12.jpeg');background-position: center;background-size: cover;\">\r\n\t\t\t<div class=\"text-light p-4 d-flex flex-column justify-content-end\">\r\n\t\t\t\t<h5 class=\"h3 lh-1 mb-1 fw-bold\" style=\"text-shadow: 1px 2px 6px rgba(0,0,0,0.29);\">Senderos<\/h5>\r\n\t\t\t\t\r\n\t\t\t<p class=\"lead\">R\u00edo Negro<\/p>\r\n\t\t\t  \r\n\t\t\t<\/div>\r\n\t\t<\/div>\r\n\t<\/a>\t\r\n<\/div><div class=\"col-12 col-sm-6 col-lg-4\">\r\n\t<a href=\"https:\/\/patagonia.gob.ar\/pt-br\/senderos\/trilhas-chubut\/\">\r\n\t\t<div class=\"rounded-4 ratio ratio-1x1 \" style=\"background-color:#fafafa;background-image:url('https:\/\/patagonia.gob.ar\/wp2025\/wp-content\/uploads\/2019\/08\/Parque-Nacional-Los-Alerces-5-3.jpg');background-position: center;background-size: cover;\">\r\n\t\t\t<div class=\"text-light p-4 d-flex flex-column justify-content-end\">\r\n\t\t\t\t<h5 class=\"h3 lh-1 mb-1 fw-bold\" style=\"text-shadow: 1px 2px 6px rgba(0,0,0,0.29);\">Trilhas<\/h5>\r\n\t\t\t\t\r\n\t\t\t<p class=\"lead\">Chubut<\/p>\r\n\t\t\t  \r\n\t\t\t<\/div>\r\n\t\t<\/div>\r\n\t<\/a>\t\r\n<\/div><div class=\"col-12 col-sm-6 col-lg-4\">\r\n\t<a href=\"https:\/\/patagonia.gob.ar\/pt-br\/senderos\/trilhas-santa-cruz\/\">\r\n\t\t<div class=\"rounded-4 ratio ratio-1x1 \" style=\"background-color:#fafafa;background-image:url('https:\/\/patagonia.gob.ar\/wp2025\/wp-content\/uploads\/2020\/07\/senderismo-tierra-de-colores-7.jpg');background-position: center;background-size: cover;\">\r\n\t\t\t<div class=\"text-light p-4 d-flex flex-column justify-content-end\">\r\n\t\t\t\t<h5 class=\"h3 lh-1 mb-1 fw-bold\" style=\"text-shadow: 1px 2px 6px rgba(0,0,0,0.29);\">Trilhas<\/h5>\r\n\t\t\t\t\r\n\t\t\t<p class=\"lead\">Santa Cruz<\/p>\r\n\t\t\t  \r\n\t\t\t<\/div>\r\n\t\t<\/div>\r\n\t<\/a>\t\r\n<\/div><div class=\"col-12 col-sm-6 col-lg-4\">\r\n\t<a href=\"https:\/\/patagonia.gob.ar\/pt-br\/senderos\/trilhas-terra-do-fogo\/\">\r\n\t\t<div class=\"rounded-4 ratio ratio-1x1 \" style=\"background-color:#fafafa;background-image:url('https:\/\/patagonia.gob.ar\/wp2025\/wp-content\/uploads\/2019\/08\/SENDERO-A-LA-LAGUNA-NEGRA.jpg');background-position: center;background-size: cover;\">\r\n\t\t\t<div class=\"text-light p-4 d-flex flex-column justify-content-end\">\r\n\t\t\t\t<h5 class=\"h3 lh-1 mb-1 fw-bold\" style=\"text-shadow: 1px 2px 6px rgba(0,0,0,0.29);\">Trilhas<\/h5>\r\n\t\t\t\t\r\n\t\t\t<p class=\"lead\">Tierra del Fuego<\/p>\r\n\t\t\t  \r\n\t\t\t<\/div>\r\n\t\t<\/div>\r\n\t<\/a>\t\r\n<\/div><div class=\"col-12 col-sm-6 col-lg-4\">\r\n\t<a href=\"https:\/\/patagonia.gob.ar\/pt-br\/senderos\/circuito-andino\/\">\r\n\t\t<div class=\"rounded-4 ratio ratio-1x1 \" style=\"background-color:#fafafa;background-image:url('https:\/\/patagonia.gob.ar\/wp2025\/wp-content\/uploads\/2020\/07\/otono.jpg');background-position: center;background-size: cover;\">\r\n\t\t\t<div class=\"text-light p-4 d-flex flex-column justify-content-end\">\r\n\t\t\t\t<h5 class=\"h3 lh-1 mb-1 fw-bold\" style=\"text-shadow: 1px 2px 6px rgba(0,0,0,0.29);\">Circuito Andino<\/h5>\r\n\t\t\t\t\r\n\t\t\t<\/div>\r\n\t\t<\/div>\r\n\t<\/a>\t\r\n<\/div>\r\n        <\/div>\r\n    <\/div>\r\n<\/section>\r\n","protected":false},"excerpt":{"rendered":"<p>Caminhos a percorrer, tesouros a descobrir numa jornada que se revela passo a passo. Novas experi\u00eancias, segredos que a terra esconde e sussurra ao viajante de olhar curioso, alma inquieta e esp\u00edrito em movimento. Porque caminhar \u00e9 avan\u00e7ar, mas tamb\u00e9m retornar e redescobrir. \u00c9 uma busca, uma pausa, uma abertura emocional ao ritmo do caminho. [&#8230;]<\/p>\n<p><a class=\"btn btn-secondary understrap-read-more-link\" href=\"https:\/\/patagonia.gob.ar\/pt-br\/trilhas\/\">Read More&#8230;<\/a><\/p>\n","protected":false},"author":1,"featured_media":4456,"parent":0,"menu_order":1,"comment_status":"closed","ping_status":"closed","template":"page-templates\/empty-page.php","meta":{"footnotes":""},"class_list":["post-8393","page","type-page","status-publish","has-post-thumbnail","hentry"],"_links":{"self":[{"href":"https:\/\/patagonia.gob.ar\/pt-br\/wp-json\/wp\/v2\/pages\/8393","targetHints":{"allow":["GET"]}}],"collection":[{"href":"https:\/\/patagonia.gob.ar\/pt-br\/wp-json\/wp\/v2\/pages"}],"about":[{"href":"https:\/\/patagonia.gob.ar\/pt-br\/wp-json\/wp\/v2\/types\/page"}],"author":[{"embeddable":true,"href":"https:\/\/patagonia.gob.ar\/pt-br\/wp-json\/wp\/v2\/users\/1"}],"replies":[{"embeddable":true,"href":"https:\/\/patagonia.gob.ar\/pt-br\/wp-json\/wp\/v2\/comments?post=8393"}],"version-history":[{"count":2,"href":"https:\/\/patagonia.gob.ar\/pt-br\/wp-json\/wp\/v2\/pages\/8393\/revisions"}],"predecessor-version":[{"id":8614,"href":"https:\/\/patagonia.gob.ar\/pt-br\/wp-json\/wp\/v2\/pages\/8393\/revisions\/8614"}],"wp:featuredmedia":[{"embeddable":true,"href":"https:\/\/patagonia.gob.ar\/pt-br\/wp-json\/wp\/v2\/media\/4456"}],"wp:attachment":[{"href":"https:\/\/patagonia.gob.ar\/pt-br\/wp-json\/wp\/v2\/media?parent=8393"}],"curies":[{"name":"wp","href":"https:\/\/api.w.org\/{rel}","templated":true}]}}