{"id":8539,"date":"2019-07-31T22:29:33","date_gmt":"2019-08-01T01:29:33","guid":{"rendered":"https:\/\/patagonia.gob.ar\/wp2025\/parques-nacionales\/"},"modified":"2025-09-09T16:39:03","modified_gmt":"2025-09-09T19:39:03","slug":"parques-nacionais","status":"publish","type":"page","link":"https:\/\/patagonia.gob.ar\/pt-br\/parques-nacionais\/","title":{"rendered":"Parques Nacionais"},"content":{"rendered":"\r\n<section class=\"py-5\">\r\n<div class=\"container-xl mb-5\">\r\n<div class=\"row mb-5\">\r\n<div class=\"col-12 col-lg-8 text-center mx-auto\">\r\n<h1 class=\"font-serif text-primary fw-bold mb-3\">Parques Nacionais<\/h1>\r\n<p class=\"lead\">A Patag\u00f4nia convida voc\u00ea a vivenciar e desfrutar de experi\u00eancias \u00fanicas e inesquec\u00edveis em um cen\u00e1rio de sonho com paisagens incompar\u00e1veis.<\/p>\r\n<\/div>\r\n<\/div>\r\n<\/div>\r\n<div class=\"container-xl\">\r\n        <div class=\"row g-4\">\r\n            <div class=\"col-12 col-sm-6 col-lg-4\">\r\n\t<a href=\"https:\/\/patagonia.gob.ar\/pt-br\/parques-nacionales\/parque-nacional-lihue-calel\/\">\r\n\t\t<div class=\"rounded-4 ratio ratio-1x1 \" style=\"background-color:#fafafa;background-image:url('https:\/\/patagonia.gob.ar\/wp2025\/wp-content\/uploads\/2019\/10\/1.-PN-LIHUE-CALEL.jpg');background-position: center;background-size: cover;\">\r\n\t\t\t<div class=\"text-light p-4 d-flex flex-column justify-content-end\">\r\n\t\t\t\t<h5 class=\"h3 lh-1 mb-1 fw-bold\" style=\"text-shadow: 1px 2px 6px rgba(0,0,0,0.29);\">Parque Nacional Lihu\u00e9 Calel<\/h5>\r\n\t\t\t\t\r\n\t\t\t<p class=\"lead\">La Pampa<\/p>\r\n\t\t\t  \r\n\t\t\t<\/div>\r\n\t\t<\/div>\r\n\t<\/a>\t\r\n<\/div><div class=\"col-12 col-sm-6 col-lg-4\">\r\n\t<a href=\"https:\/\/patagonia.gob.ar\/pt-br\/parques-nacionales\/parque-nacional-laguna-blanca\/\">\r\n\t\t<div class=\"rounded-4 ratio ratio-1x1 \" style=\"background-color:#fafafa;background-image:url('https:\/\/patagonia.gob.ar\/wp2025\/wp-content\/uploads\/2019\/08\/152.jpg');background-position: center;background-size: cover;\">\r\n\t\t\t<div class=\"text-light p-4 d-flex flex-column justify-content-end\">\r\n\t\t\t\t<h5 class=\"h3 lh-1 mb-1 fw-bold\" style=\"text-shadow: 1px 2px 6px rgba(0,0,0,0.29);\">Parque Nacional Laguna Blanca<\/h5>\r\n\t\t\t\t\r\n\t\t\t<p class=\"lead\">Neuqu\u00e9n<\/p>\r\n\t\t\t  \r\n\t\t\t<\/div>\r\n\t\t<\/div>\r\n\t<\/a>\t\r\n<\/div><div class=\"col-12 col-sm-6 col-lg-4\">\r\n\t<a href=\"https:\/\/patagonia.gob.ar\/pt-br\/parques-nacionales\/parque-nacional-lanin\/\">\r\n\t\t<div class=\"rounded-4 ratio ratio-1x1 \" style=\"background-color:#fafafa;background-image:url('https:\/\/patagonia.gob.ar\/wp2025\/wp-content\/uploads\/2019\/08\/DSC9444.jpg');background-position: center;background-size: cover;\">\r\n\t\t\t<div class=\"text-light p-4 d-flex flex-column justify-content-end\">\r\n\t\t\t\t<h5 class=\"h3 lh-1 mb-1 fw-bold\" style=\"text-shadow: 1px 2px 6px rgba(0,0,0,0.29);\">Parque Nacional Lan\u00edn<\/h5>\r\n\t\t\t\t\r\n\t\t\t<p class=\"lead\">Neuqu\u00e9n<\/p>\r\n\t\t\t  \r\n\t\t\t<\/div>\r\n\t\t<\/div>\r\n\t<\/a>\t\r\n<\/div><div class=\"col-12 col-sm-6 col-lg-4\">\r\n\t<a href=\"https:\/\/patagonia.gob.ar\/pt-br\/parques-nacionales\/parque-nacional-los-arrayanes\/\">\r\n\t\t<div class=\"rounded-4 ratio ratio-1x1 \" style=\"background-color:#fafafa;background-image:url('https:\/\/patagonia.gob.ar\/wp2025\/wp-content\/uploads\/2019\/08\/ED_2010_46_2-1845.jpg');background-position: center;background-size: cover;\">\r\n\t\t\t<div class=\"text-light p-4 d-flex flex-column justify-content-end\">\r\n\t\t\t\t<h5 class=\"h3 lh-1 mb-1 fw-bold\" style=\"text-shadow: 1px 2px 6px rgba(0,0,0,0.29);\">Parque Nacional Los Arrayanes<\/h5>\r\n\t\t\t\t\r\n\t\t\t<p class=\"lead\">Neuqu\u00e9n<\/p>\r\n\t\t\t  \r\n\t\t\t<\/div>\r\n\t\t<\/div>\r\n\t<\/a>\t\r\n<\/div><div class=\"col-12 col-sm-6 col-lg-4\">\r\n\t<a href=\"https:\/\/patagonia.gob.ar\/pt-br\/parques-nacionales\/parque-nacional-nahuel-huapi\/\">\r\n\t\t<div class=\"rounded-4 ratio ratio-1x1 \" style=\"background-color:#fafafa;background-image:url('https:\/\/patagonia.gob.ar\/wp2025\/wp-content\/uploads\/2019\/08\/Cascada-Santa-Ana-Francisco-Bedeschi.jpg');background-position: center;background-size: cover;\">\r\n\t\t\t<div class=\"text-light p-4 d-flex flex-column justify-content-end\">\r\n\t\t\t\t<h5 class=\"h3 lh-1 mb-1 fw-bold\" style=\"text-shadow: 1px 2px 6px rgba(0,0,0,0.29);\">Parque Nacional Nahuel Huapi<\/h5>\r\n\t\t\t\t\r\n\t\t\t<p class=\"lead\">Neuqu\u00e9n e R\u00edo Negro<\/p>\r\n\t\t\t  \r\n\t\t\t<\/div>\r\n\t\t<\/div>\r\n\t<\/a>\t\r\n<\/div><div class=\"col-12 col-sm-6 col-lg-4\">\r\n\t<a href=\"https:\/\/patagonia.gob.ar\/pt-br\/parques-nacionales\/parque-nacional-ilhota-lobos\/\">\r\n\t\t<div class=\"rounded-4 ratio ratio-1x1 \" style=\"background-color:#fafafa;background-image:url('https:\/\/patagonia.gob.ar\/wp2025\/wp-content\/uploads\/2025\/06\/image003.jpg');background-position: center;background-size: cover;\">\r\n\t\t\t<div class=\"text-light p-4 d-flex flex-column justify-content-end\">\r\n\t\t\t\t<h5 class=\"h3 lh-1 mb-1 fw-bold\" style=\"text-shadow: 1px 2px 6px rgba(0,0,0,0.29);\">Parque Nacional Ilhota Lobos<\/h5>\r\n\t\t\t\t\r\n\t\t\t<\/div>\r\n\t\t<\/div>\r\n\t<\/a>\t\r\n<\/div><div class=\"col-12 col-sm-6 col-lg-4\">\r\n\t<a href=\"https:\/\/patagonia.gob.ar\/pt-br\/parques-nacionales\/parque-nacional-lago-puelo\/\">\r\n\t\t<div class=\"rounded-4 ratio ratio-1x1 \" style=\"background-color:#fafafa;background-image:url('https:\/\/patagonia.gob.ar\/wp2025\/wp-content\/uploads\/2019\/10\/2.-PN-LAGO-PUELO.jpg');background-position: center;background-size: cover;\">\r\n\t\t\t<div class=\"text-light p-4 d-flex flex-column justify-content-end\">\r\n\t\t\t\t<h5 class=\"h3 lh-1 mb-1 fw-bold\" style=\"text-shadow: 1px 2px 6px rgba(0,0,0,0.29);\">Parque Nacional Lago Puelo<\/h5>\r\n\t\t\t\t\r\n\t\t\t<p class=\"lead\">Chubut<\/p>\r\n\t\t\t  \r\n\t\t\t<\/div>\r\n\t\t<\/div>\r\n\t<\/a>\t\r\n<\/div><div class=\"col-12 col-sm-6 col-lg-4\">\r\n\t<a href=\"https:\/\/patagonia.gob.ar\/pt-br\/parques-nacionales\/parque-nacional-los-alerces\/\">\r\n\t\t<div class=\"rounded-4 ratio ratio-1x1 \" style=\"background-color:#fafafa;background-image:url('https:\/\/patagonia.gob.ar\/wp2025\/wp-content\/uploads\/2019\/08\/50-PN-Los-Alerces-Lisandro-Crespo-scaled.jpg');background-position: center;background-size: cover;\">\r\n\t\t\t<div class=\"text-light p-4 d-flex flex-column justify-content-end\">\r\n\t\t\t\t<h5 class=\"h3 lh-1 mb-1 fw-bold\" style=\"text-shadow: 1px 2px 6px rgba(0,0,0,0.29);\">Parque Nacional Los Alerces<\/h5>\r\n\t\t\t\t\r\n\t\t\t<p class=\"lead\">Chubut<\/p>\r\n\t\t\t  \r\n\t\t\t<\/div>\r\n\t\t<\/div>\r\n\t<\/a>\t\r\n<\/div><div class=\"col-12 col-sm-6 col-lg-4\">\r\n\t<a href=\"https:\/\/patagonia.gob.ar\/pt-br\/parques-nacionales\/parque-interjurisdicional-marinho-costeiro-da-patagonia-austral\/\">\r\n\t\t<div class=\"rounded-4 ratio ratio-1x1 \" style=\"background-color:#fafafa;background-image:url('https:\/\/patagonia.gob.ar\/wp2025\/wp-content\/uploads\/2019\/08\/005-Experiencia-PARQUE-MARINO.jpg');background-position: center;background-size: cover;\">\r\n\t\t\t<div class=\"text-light p-4 d-flex flex-column justify-content-end\">\r\n\t\t\t\t<h5 class=\"h3 lh-1 mb-1 fw-bold\" style=\"text-shadow: 1px 2px 6px rgba(0,0,0,0.29);\">Parque Interjurisdicional Marinho Costeiro da Patag\u00f4nia Austral<\/h5>\r\n\t\t\t\t\r\n\t\t\t<p class=\"lead\">Chubut<\/p>\r\n\t\t\t  \r\n\t\t\t<\/div>\r\n\t\t<\/div>\r\n\t<\/a>\t\r\n<\/div><div class=\"col-12 col-sm-6 col-lg-4\">\r\n\t<a href=\"https:\/\/patagonia.gob.ar\/pt-br\/parques-nacionales\/parque-nacional-da-patagonia\/\">\r\n\t\t<div class=\"rounded-4 ratio ratio-1x1 \" style=\"background-color:#fafafa;background-image:url('https:\/\/patagonia.gob.ar\/wp2025\/wp-content\/uploads\/2019\/08\/PN-PATAGONIA-scaled.jpg');background-position: center;background-size: cover;\">\r\n\t\t\t<div class=\"text-light p-4 d-flex flex-column justify-content-end\">\r\n\t\t\t\t<h5 class=\"h3 lh-1 mb-1 fw-bold\" style=\"text-shadow: 1px 2px 6px rgba(0,0,0,0.29);\">Parque Nacional da Patag\u00f4nia<\/h5>\r\n\t\t\t\t\r\n\t\t\t<p class=\"lead\">Santa Cruz<\/p>\r\n\t\t\t  \r\n\t\t\t<\/div>\r\n\t\t<\/div>\r\n\t<\/a>\t\r\n<\/div><div class=\"col-12 col-sm-6 col-lg-4\">\r\n\t<a href=\"https:\/\/patagonia.gob.ar\/pt-br\/parques-nacionales\/parque-nacional-das-florestas-petrificadas-de-jaramillo\/\">\r\n\t\t<div class=\"rounded-4 ratio ratio-1x1 \" style=\"background-color:#fafafa;background-image:url('https:\/\/patagonia.gob.ar\/wp2025\/wp-content\/uploads\/2019\/10\/Bosque-Petrificado-foto-f.-Orengo.jpg');background-position: center;background-size: cover;\">\r\n\t\t\t<div class=\"text-light p-4 d-flex flex-column justify-content-end\">\r\n\t\t\t\t<h5 class=\"h3 lh-1 mb-1 fw-bold\" style=\"text-shadow: 1px 2px 6px rgba(0,0,0,0.29);\">Parque Nacional das Florestas Petrificadas de Jaramillo<\/h5>\r\n\t\t\t\t\r\n\t\t\t<p class=\"lead\">Santa Cruz<\/p>\r\n\t\t\t  \r\n\t\t\t<\/div>\r\n\t\t<\/div>\r\n\t<\/a>\t\r\n<\/div><div class=\"col-12 col-sm-6 col-lg-4\">\r\n\t<a href=\"https:\/\/patagonia.gob.ar\/pt-br\/parques-nacionales\/parque-nacional-perito-moreno\/\">\r\n\t\t<div class=\"rounded-4 ratio ratio-1x1 \" style=\"background-color:#fafafa;background-image:url('https:\/\/patagonia.gob.ar\/wp2025\/wp-content\/uploads\/2019\/08\/Valle-Rio-Lacteo-PN-Perito-Moreno-Santa-Cruz-foto-APN-scaled.jpg');background-position: center;background-size: cover;\">\r\n\t\t\t<div class=\"text-light p-4 d-flex flex-column justify-content-end\">\r\n\t\t\t\t<h5 class=\"h3 lh-1 mb-1 fw-bold\" style=\"text-shadow: 1px 2px 6px rgba(0,0,0,0.29);\">Parque Nacional Perito Moreno<\/h5>\r\n\t\t\t\t\r\n\t\t\t<p class=\"lead\">Santa Cruz<\/p>\r\n\t\t\t  \r\n\t\t\t<\/div>\r\n\t\t<\/div>\r\n\t<\/a>\t\r\n<\/div><div class=\"col-12 col-sm-6 col-lg-4\">\r\n\t<a href=\"https:\/\/patagonia.gob.ar\/pt-br\/parques-nacionales\/parque-interjurisdicional-marino-da-ilha-pinguin\/\">\r\n\t\t<div class=\"rounded-4 ratio ratio-1x1 \" style=\"background-color:#fafafa;background-image:url('https:\/\/patagonia.gob.ar\/wp2025\/wp-content\/uploads\/2019\/10\/PN-Isla-PInguino-3.jpg');background-position: center;background-size: cover;\">\r\n\t\t\t<div class=\"text-light p-4 d-flex flex-column justify-content-end\">\r\n\t\t\t\t<h5 class=\"h3 lh-1 mb-1 fw-bold\" style=\"text-shadow: 1px 2px 6px rgba(0,0,0,0.29);\">Parque Interjurisdicional Marino da Ilha Pinguin<\/h5>\r\n\t\t\t\t\r\n\t\t\t<p class=\"lead\">Santa Cruz<\/p>\r\n\t\t\t  \r\n\t\t\t<\/div>\r\n\t\t<\/div>\r\n\t<\/a>\t\r\n<\/div><div class=\"col-12 col-sm-6 col-lg-4\">\r\n\t<a href=\"https:\/\/patagonia.gob.ar\/pt-br\/parques-nacionales\/parque-interjurisdiccional-marino-makenke\/\">\r\n\t\t<div class=\"rounded-4 ratio ratio-1x1 \" style=\"background-color:#fafafa;background-image:url('https:\/\/patagonia.gob.ar\/wp2025\/wp-content\/uploads\/2019\/10\/PN-MAKENKE-san-Julian.jpg');background-position: center;background-size: cover;\">\r\n\t\t\t<div class=\"text-light p-4 d-flex flex-column justify-content-end\">\r\n\t\t\t\t<h5 class=\"h3 lh-1 mb-1 fw-bold\" style=\"text-shadow: 1px 2px 6px rgba(0,0,0,0.29);\">Parque Interjurisdicional Marinho Makenke<\/h5>\r\n\t\t\t\t\r\n\t\t\t<p class=\"lead\">Santa Cruz<\/p>\r\n\t\t\t  \r\n\t\t\t<\/div>\r\n\t\t<\/div>\r\n\t<\/a>\t\r\n<\/div><div class=\"col-12 col-sm-6 col-lg-4\">\r\n\t<a href=\"https:\/\/patagonia.gob.ar\/pt-br\/parques-nacionales\/parque-nacional-los-glaciares\/\">\r\n\t\t<div class=\"rounded-4 ratio ratio-1x1 \" style=\"background-color:#fafafa;background-image:url('https:\/\/patagonia.gob.ar\/wp2025\/wp-content\/uploads\/2019\/10\/parque-nacional-los-glaciares-Santa-Cruz-fotografias-de-argentina-14.jpg');background-position: center;background-size: cover;\">\r\n\t\t\t<div class=\"text-light p-4 d-flex flex-column justify-content-end\">\r\n\t\t\t\t<h5 class=\"h3 lh-1 mb-1 fw-bold\" style=\"text-shadow: 1px 2px 6px rgba(0,0,0,0.29);\">Parque Nacional Los Glaciares<\/h5>\r\n\t\t\t\t\r\n\t\t\t<p class=\"lead\">Santa Cruz<\/p>\r\n\t\t\t  \r\n\t\t\t<\/div>\r\n\t\t<\/div>\r\n\t<\/a>\t\r\n<\/div><div class=\"col-12 col-sm-6 col-lg-4\">\r\n\t<a href=\"https:\/\/patagonia.gob.ar\/pt-br\/parques-nacionales\/parque-nacional-monte-leon\/\">\r\n\t\t<div class=\"rounded-4 ratio ratio-1x1 \" style=\"background-color:#fafafa;background-image:url('https:\/\/patagonia.gob.ar\/wp2025\/wp-content\/uploads\/2019\/10\/PN-Monte-Leon-Santa-Cruz-Foto-SecTur-8.jpg');background-position: center;background-size: cover;\">\r\n\t\t\t<div class=\"text-light p-4 d-flex flex-column justify-content-end\">\r\n\t\t\t\t<h5 class=\"h3 lh-1 mb-1 fw-bold\" style=\"text-shadow: 1px 2px 6px rgba(0,0,0,0.29);\">Parque Nacional Monte Le\u00f3n<\/h5>\r\n\t\t\t\t\r\n\t\t\t<p class=\"lead\">Santa Cruz<\/p>\r\n\t\t\t  \r\n\t\t\t<\/div>\r\n\t\t<\/div>\r\n\t<\/a>\t\r\n<\/div><div class=\"col-12 col-sm-6 col-lg-4\">\r\n\t<a href=\"https:\/\/patagonia.gob.ar\/pt-br\/parques-nacionales\/parque-nacional-terra-do-fogo\/\">\r\n\t\t<div class=\"rounded-4 ratio ratio-1x1 \" style=\"background-color:#fafafa;background-image:url('https:\/\/patagonia.gob.ar\/wp2025\/wp-content\/uploads\/2019\/10\/PN-tierra-del-Fuego.jpg');background-position: center;background-size: cover;\">\r\n\t\t\t<div class=\"text-light p-4 d-flex flex-column justify-content-end\">\r\n\t\t\t\t<h5 class=\"h3 lh-1 mb-1 fw-bold\" style=\"text-shadow: 1px 2px 6px rgba(0,0,0,0.29);\">Parque Nacional Terra do Fogo<\/h5>\r\n\t\t\t\t\r\n\t\t\t<p class=\"lead\">Tierra del Fuego<\/p>\r\n\t\t\t  \r\n\t\t\t<\/div>\r\n\t\t<\/div>\r\n\t<\/a>\t\r\n<\/div><div class=\"col-12 col-sm-6 col-lg-4\">\r\n\t<a href=\"https:\/\/patagonia.gob.ar\/pt-br\/parques-nacionales\/reserva-natural-selvagem-ilha-dos-estados\/\">\r\n\t\t<div class=\"rounded-4 ratio ratio-1x1 \" style=\"background-color:#fafafa;background-image:url('https:\/\/patagonia.gob.ar\/wp2025\/wp-content\/uploads\/2019\/08\/image006.jpg');background-position: center;background-size: cover;\">\r\n\t\t\t<div class=\"text-light p-4 d-flex flex-column justify-content-end\">\r\n\t\t\t\t<h5 class=\"h3 lh-1 mb-1 fw-bold\" style=\"text-shadow: 1px 2px 6px rgba(0,0,0,0.29);\">Reserva Natural Selvagem Ilha dos Estados<\/h5>\r\n\t\t\t\t\r\n\t\t\t<p class=\"lead\">Tierra del Fuego<\/p>\r\n\t\t\t  \r\n\t\t\t<\/div>\r\n\t\t<\/div>\r\n\t<\/a>\t\r\n<\/div>\r\n        <\/div>\r\n    <\/div>\r\n<\/section>\r\n","protected":false},"excerpt":{"rendered":"<p>Parques Nacionais A Patag\u00f4nia convida voc\u00ea a vivenciar e desfrutar de experi\u00eancias \u00fanicas e inesquec\u00edveis em um cen\u00e1rio de sonho com paisagens incompar\u00e1veis. [&#8230;]<\/p>\n<p><a class=\"btn btn-secondary understrap-read-more-link\" href=\"https:\/\/patagonia.gob.ar\/pt-br\/parques-nacionais\/\">Read More&#8230;<\/a><\/p>\n","protected":false},"author":1,"featured_media":4534,"parent":0,"menu_order":3,"comment_status":"closed","ping_status":"closed","template":"page-templates\/empty-page.php","meta":{"footnotes":""},"class_list":["post-8539","page","type-page","status-publish","has-post-thumbnail","hentry"],"_links":{"self":[{"href":"https:\/\/patagonia.gob.ar\/pt-br\/wp-json\/wp\/v2\/pages\/8539","targetHints":{"allow":["GET"]}}],"collection":[{"href":"https:\/\/patagonia.gob.ar\/pt-br\/wp-json\/wp\/v2\/pages"}],"about":[{"href":"https:\/\/patagonia.gob.ar\/pt-br\/wp-json\/wp\/v2\/types\/page"}],"author":[{"embeddable":true,"href":"https:\/\/patagonia.gob.ar\/pt-br\/wp-json\/wp\/v2\/users\/1"}],"replies":[{"embeddable":true,"href":"https:\/\/patagonia.gob.ar\/pt-br\/wp-json\/wp\/v2\/comments?post=8539"}],"version-history":[{"count":2,"href":"https:\/\/patagonia.gob.ar\/pt-br\/wp-json\/wp\/v2\/pages\/8539\/revisions"}],"predecessor-version":[{"id":8608,"href":"https:\/\/patagonia.gob.ar\/pt-br\/wp-json\/wp\/v2\/pages\/8539\/revisions\/8608"}],"wp:featuredmedia":[{"embeddable":true,"href":"https:\/\/patagonia.gob.ar\/pt-br\/wp-json\/wp\/v2\/media\/4534"}],"wp:attachment":[{"href":"https:\/\/patagonia.gob.ar\/pt-br\/wp-json\/wp\/v2\/media?parent=8539"}],"curies":[{"name":"wp","href":"https:\/\/api.w.org\/{rel}","templated":true}]}}