{"id":8600,"date":"2019-07-30T10:18:28","date_gmt":"2019-07-30T13:18:28","guid":{"rendered":"https:\/\/patagonia.gob.ar\/wp2025\/acerca-de-patagonia\/"},"modified":"2025-09-14T15:44:14","modified_gmt":"2025-09-14T18:44:14","slug":"sobre-a-patagonia","status":"publish","type":"page","link":"https:\/\/patagonia.gob.ar\/pt-br\/sobre-a-patagonia\/","title":{"rendered":"Sobre a Patag\u00f4nia"},"content":{"rendered":"\r\n<section class=\"py-5\">\r\n<div class=\"container-xl\">\r\n<div class=\"row mb-5\">\r\n<div class=\"col-lg-7\">\r\n<div class=\"row\">\r\n<div class=\"col-12\">\r\n<h1 class=\"text-center mb-4 fw-bold font-serif text-primary\">Sobre a Patag\u00f4nia<\/h1>\r\n<p class=\"text-center lead fw-light mb-5\">A Patag\u00f4nia Argentina \u00e9 um vasto territ\u00f3rio imerso em mist\u00e9rios, gerador de um magnetismo poderoso e possuidor de um incr\u00edvel poder de sedu\u00e7\u00e3o, capaz de cativar qualquer um que se aproxime desses lugares e se deixe envolver pela imensid\u00e3o de seus horizontes, entregando-se a t\u00e3o poderosa demonstra\u00e7\u00e3o da insignific\u00e2ncia do homem diante da sublime majestade da natureza.<\/p>\r\n<div class=\"row mb-5\">\r\n<div class=\"col-md-6\">\r\n<p>Enigm\u00e1tica como poucas outras regi\u00f5es do mundo, a Patag\u00f4nia apresenta seu primeiro desafio ao tentar decifrar a origem de seu nome. Existem v\u00e1rias vers\u00f5es que apontam para Magalh\u00e3es como o autor. Uma delas se refere \u00e0 observa\u00e7\u00e3o, pelo navegador, das grandes pegadas deixadas pelos tehuelches, o povo nativo da regi\u00e3o, que se caracterizavam por sua constitui\u00e7\u00e3o robusta e altura not\u00e1vel.<\/p>\r\n<\/div>\r\n<div class=\"col-md-6\">\r\n<p>Outro especula que Magalh\u00e3es usou o termo \u201cPat\u00e1gono\u201d em refer\u00eancia a um monstro liter\u00e1rio, um personagem de um conhecido romance medieval.<\/p>\r\n<p>A verdade \u00e9 que atualmente \u00e9 um dos destinos mais procurados, um lugar ideal para viajantes que buscam viver a vida ao m\u00e1ximo.<\/p>\r\n<\/div>\r\n<\/div>\r\n<\/div>\r\n<\/div>\r\n<\/div>\r\n<div class=\"col-lg-4 offset-lg-1\">\r\n<div class=\"row\">\r\n<div class=\"col-12 text-center\"><img decoding=\"async\" class=\"img-thumbnail img-fluid mb-5\" src=\"https:\/\/patagonia.gob.ar\/wp2025\/wp-content\/uploads\/2025\/08\/mapa-patagonia-768x1084.jpg?v=1754074119\" \/> <a class=\"btn btn-lg btn-outline-primary rounded-pill text-uppercase\" style=\"--bs-btn-padding-y: 1rem; --bs-btn-padding-x: 1.5rem; --bs-btn-font-size: .9rem;\" href=\"https:\/\/patagonia.gob.ar\/wp2025\/wp-content\/uploads\/2025\/08\/ORIG-DESPLEGABLE-INTERIOR-v6.pdf\"> Descargar Mapa <i class=\"bi bi-file-pdf\"><\/i> <\/a><\/div>\r\n<\/div>\r\n<\/div>\r\n<\/div>\r\n<\/div>\r\n<div class=\"container\">\r\n<div class=\"col bg-white border border-light p-5 rounded\">\r\n<div class=\"row align-items-center mb-5\">\r\n<div class=\"col-10 col-lg-9 text-center mx-auto\">\r\n<h2 class=\"text-center fw-bold font-serif text-primary\">Territ\u00f3rio<\/h2>\r\n<p class=\"lead\">Composta pelas prov\u00edncias de La Pampa, Neuqu\u00e9n, R\u00edo Negro, Chubut, Santa Cruz e Terra do Fogo, com uma \u00e1rea de 930.731 km\u00b2 e uma popula\u00e7\u00e3o total de 2.037.545 habitantes, cada canto da Patag\u00f4nia Argentina oferece uma ampla gama de possibilidades de relaxamento, recrea\u00e7\u00e3o e aventura, em um cen\u00e1rio onde a natureza exuberante \u00e9 a principal atra\u00e7\u00e3o.<\/p>\r\n<\/div>\r\n<\/div>\r\n<div class=\"row mb-5\">\r\n<div class=\"col-md-4 col-lg-4 post-item mb-4 text-center\"><img loading=\"lazy\" decoding=\"async\" class=\"img-fluid rounded-4 mb-3 w-75\" src=\"https:\/\/patagonia.gob.ar\/wp2025\/wp-content\/uploads\/2023\/06\/salinas-recorte.jpeg\" alt=\"\" width=\"504\" height=\"505\" \/>\r\n<h5 class=\"my-3 h4 serif text-center\">La Pampa<\/h5>\r\n<p>O extremo norte da Patag\u00f4nia, a vasta extens\u00e3o da prov\u00edncia de La Pampa e a variedade de paisagens que oferece inspiram os visitantes a desfrutar de atividades que combinam o charme da aventura, da natureza e da hist\u00f3ria. Sob a imensid\u00e3o de seus c\u00e9us, La Pampa Original emociona com suas plan\u00edcies infinitas, tornando-se um destino deslumbrante, onde os turistas encontram uma grande variedade de atra\u00e7\u00f5es tur\u00edsticas e servi\u00e7os de excel\u00eancia.<\/p>\r\n<\/div>\r\n<div class=\"col-md-4 col-lg-4 post-item mb-4 text-center\"><img decoding=\"async\" class=\"img-fluid rounded-4 mb-3 w-75\" src=\"http:\/\/patagonia.gov.ar\/wp2019\/wp-content\/uploads\/2019\/08\/Cerro-Colorado_2015_SMA_efraindavila.com-59-720x720.jpg?v=1565390692\" alt=\"Neuqu\u00e9n\" \/>\r\n<h5 class=\"my-3 h4 serif text-center\">Neuqu\u00e9n<\/h5>\r\n<p>Aninhada na Cordilheira dos Andes e protegida pelo majestoso Vulc\u00e3o Lan\u00edn, Neuqu\u00e9n encanta com seus vilarejos nas montanhas e a beleza indescrit\u00edvel da Trilha dos Sete Lagos. Ber\u00e7o dos dinossauros que habitavam a regi\u00e3o h\u00e1 milh\u00f5es de anos, esta terra de forte cultura ostenta ambientes naturais prop\u00edcios \u00e0 aventura, \u00e0 pesca e \u00e0 observa\u00e7\u00e3o da diversidade da flora e fauna encontradas em seus parques nacionais e provinciais.<\/p>\r\n<\/div>\r\n<div class=\"col-md-4 col-lg-4 post-item mb-4 text-center\"><img decoding=\"async\" class=\"img-fluid rounded-4 mb-3 w-75\" src=\"http:\/\/patagonia.gov.ar\/wp2019\/wp-content\/uploads\/2019\/07\/rionegro-Ri%CC%81o-Negro-Bariloche-Cerro-Catedral-EMPROTUR-720x720.jpg?v=1565390612\" alt=\"R\u00edo Negro\" \/>\r\n<h5 class=\"my-3 h4 serif text-center\">Rio Negro<\/h5>\r\n<p>As montanhas, o mar, os vales e a estepe convidam voc\u00ea a vivenciar a plenitude de R\u00edo Negro o ano todo. O encanto da neve no inverno e das florestas e lagos no ver\u00e3o. O mar quente e cristalino, com extensas praias e fal\u00e9sias. A culin\u00e1ria regional e a mais variada oferta de acomoda\u00e7\u00f5es e servi\u00e7os satisfazem at\u00e9 o turista mais exigente.<\/p>\r\n<\/div>\r\n<div class=\"col-md-4 col-lg-4 post-item mb-4 text-center\"><img decoding=\"async\" class=\"img-fluid rounded-4 mb-3 w-75\" src=\"http:\/\/patagonia.gov.ar\/wp2019\/wp-content\/uploads\/2019\/07\/chubut-ST_0558-720x720.jpg?v=1565390660\" alt=\"Chubut\" \/>\r\n<h5 class=\"my-3 h4 serif text-center\">Chubut<\/h5>\r\n<p>Localizada no cora\u00e7\u00e3o da Patag\u00f4nia, Chubut oferece uma diversidade incompar\u00e1vel de paisagens: montanhas, florestas andinas e lagos a oeste, o imenso planalto ao centro e praias e costas ladeadas por fal\u00e9sias a leste. A sustentabilidade \u00e9 uma caracter\u00edstica marcante da prov\u00edncia, preservando o meio ambiente mais puro e respeitando a fauna em seu habitat natural. Chubut possui dezesseis \u00c1reas Naturais Protegidas, dois Patrim\u00f4nios Mundiais da Humanidade, dois Parques Nacionais e um Parque Interjurisdicional.<\/p>\r\n<\/div>\r\n<div class=\"col-md-4 col-lg-4 post-item mb-4 text-center\"><img decoding=\"async\" class=\"img-fluid rounded-4 mb-3 w-75\" src=\"http:\/\/patagonia.gov.ar\/wp2019\/wp-content\/uploads\/2019\/11\/Lago-Posadas-foto-Patrian-9-720x720.jpg?v=1576795964\" alt=\"Santa Cruz\" \/>\r\n<h5 class=\"my-3 h4 serif text-center\">Santa Cruz<\/h5>\r\n<p>Santa Cruz \u00e9 imensid\u00e3o. C\u00e9us infinitos, um vasto litoral habitado pela fauna nativa mais abundante e vastos c\u00e2nions. As profundezas de sua estepe abrigam grandes fazendas, vales e f\u00f3sseis petrificados. O Lago Argentino e centenas de geleiras impressionam por sua magnific\u00eancia. O gigantesco Perito Moreno produz estrondosos desmoronamentos de rochas que rompem o sil\u00eancio patag\u00f4nico.<\/p>\r\n<\/div>\r\n<div class=\"col-md-4 col-lg-4 post-item mb-4 text-center\"><img decoding=\"async\" class=\"img-fluid rounded-4 mb-3 w-75\" src=\"http:\/\/patagonia.gov.ar\/wp2019\/wp-content\/uploads\/2019\/07\/tierradelfuego-Facundo-Santana25-720x720.jpg?v=1574277281\" alt=\"Tierra del Fuego\" \/>\r\n<h5 class=\"my-3 h4 serif text-center\">Terra do Fogo<\/h5>\r\n<p>Antigos navegadores que avistaram enormes fogueiras alimentadas pelos abor\u00edgenes locais deram-lhe o nome: Terra do Fogo. No extremo sul das Am\u00e9ricas, separada do continente pelo m\u00edtico Estreito de Magalh\u00e3es, fica a pitoresca cidade de Ushuaia. Hoje, seus museus recriam as origens da cidade. O Rio Grande ao norte e a comuna de Tolhuin completam esta terra de sonhos e magia.<\/p>\r\n<\/div>\r\n<\/div>\r\n<\/div>\r\n<\/div>\r\n<\/section>\r\n\r\n\r\n\r\n<section id=\"mapa\" class=\"bg-paper d-none\">\r\n<div class=\"container-fluid mx-0 px-0\">\r\n<div class=\"row no-gutters align-items-center\">\r\n<div class=\"offset-md-1 col-md-6 text-center order-md-2\"><img decoding=\"async\" class=\"img-fluid mb-5\" src=\"http:\/\/patagonia.gov.ar\/wp2019\/wp-content\/uploads\/2019\/08\/argentine20-01.png\" \/>\r\n<p class=\"lead\">\u00a0<\/p>\r\n<\/div>\r\n<div class=\"offset-md-1 col-md-4 text-center order-md-1\"><img decoding=\"async\" class=\"w-75\" src=\"http:\/\/patagonia.gov.ar\/wp2019\/wp-content\/uploads\/2019\/08\/argentine20-02.png\" \/>\r\n<p class=\"lead mb-5\">\u00a0<\/p>\r\n<p class=\"lead serif text-secondary px-3 px-sm-0\">En el extremo sur del continente americano, entre la imponente Cordillera de los Andes y el oc\u00e9ano Atl\u00e1ntico, se despliega en toda su extensi\u00f3n la regi\u00f3n m\u00e1s austral del mundo.<\/p>\r\n<p class=\"lead mb-5 px-3 px-sm-0\">Conjunci\u00f3n perfecta de lagos, r\u00edos, mar, monta\u00f1as, valles y estepa infinita, la Patagonia Argentina despliega en su magn\u00edfica y variada geograf\u00eda, propuestas que invitan a ser protagonistas de estos paisajes indomables.<\/p>\r\n<\/div>\r\n<\/div>\r\n<\/div>\r\n<\/section>\r\n\r\n\r\n\r\n<div class=\"owl-carousel owl-carousel-a\">\r\n<div class=\"item\">\r\n<div class=\"ratio ratio-16x9\" style=\"background-color: #fafafa; background-image: url('http:\/\/patagonia.gob.ar\/wp2025\/wp-content\/uploads\/2019\/07\/tierradelfuego-Facundo-Santana25.jpg'); background-position: center; background-size: cover;\">\u00a0<\/div>\r\n<\/div>\r\n<div class=\"item\">\r\n<div class=\"ratio ratio-16x9\" style=\"background-color: #fafafa; background-image: url('http:\/\/patagonia.gob.ar\/wp2025\/wp-content\/uploads\/2019\/07\/santacruz-El-Chalten-Santa-Cruz-Foto-Juan-Carlos-Corral-8.jpg'); background-position: center; background-size: cover;\">\u00a0<\/div>\r\n<\/div>\r\n<div class=\"item\">\r\n<div class=\"ratio ratio-16x9\" style=\"background-color: #fafafa; background-image: url('https:\/\/patagonia.gob.ar\/wp2025\/wp-content\/uploads\/2020\/10\/tren-1.jpg'); background-position: center; background-size: cover;\">\u00a0<\/div>\r\n<\/div>\r\n<div class=\"item\">\r\n<div class=\"ratio ratio-16x9\" style=\"background-color: #fafafa; background-image: url('http:\/\/patagonia.gob.ar\/wp2025\/wp-content\/uploads\/2019\/07\/chubut-ST_9726.jpg'); background-position: center; background-size: cover;\">\u00a0<\/div>\r\n<\/div>\r\n<div class=\"item\">\r\n<div class=\"ratio ratio-16x9\" style=\"background-color: #fafafa; background-image: url('http:\/\/patagonia.gob.ar\/wp2025\/wp-content\/uploads\/2019\/07\/lapampa-Reserva-Provincial-Parque-Luro-La-Pampa.jpg'); background-position: center; background-size: cover;\">\u00a0<\/div>\r\n<\/div>\r\n<div class=\"item\">\r\n<div class=\"ratio ratio-16x9\" style=\"background-color: #fafafa; background-image: url('http:\/\/patagonia.gob.ar\/wp2025\/wp-content\/uploads\/2019\/08\/262-1920x1280.jpg?v=1565373079'); background-position: center; background-size: cover;\">\u00a0<\/div>\r\n<\/div>\r\n<\/div>\r\n","protected":false},"excerpt":{"rendered":"<p>Sobre a Patag\u00f4nia A Patag\u00f4nia Argentina \u00e9 um vasto territ\u00f3rio imerso em mist\u00e9rios, gerador de um magnetismo poderoso e possuidor de um incr\u00edvel poder de sedu\u00e7\u00e3o, capaz de cativar qualquer um que se aproxime desses lugares e se deixe envolver pela imensid\u00e3o de seus horizontes, entregando-se a t\u00e3o poderosa demonstra\u00e7\u00e3o da insignific\u00e2ncia do homem diante [&#8230;]<\/p>\n<p><a class=\"btn btn-secondary understrap-read-more-link\" href=\"https:\/\/patagonia.gob.ar\/pt-br\/sobre-a-patagonia\/\">Read More&#8230;<\/a><\/p>\n","protected":false},"author":1,"featured_media":0,"parent":0,"menu_order":0,"comment_status":"closed","ping_status":"closed","template":"page-templates\/empty-page.php","meta":{"footnotes":""},"class_list":["post-8600","page","type-page","status-publish","hentry"],"_links":{"self":[{"href":"https:\/\/patagonia.gob.ar\/pt-br\/wp-json\/wp\/v2\/pages\/8600","targetHints":{"allow":["GET"]}}],"collection":[{"href":"https:\/\/patagonia.gob.ar\/pt-br\/wp-json\/wp\/v2\/pages"}],"about":[{"href":"https:\/\/patagonia.gob.ar\/pt-br\/wp-json\/wp\/v2\/types\/page"}],"author":[{"embeddable":true,"href":"https:\/\/patagonia.gob.ar\/pt-br\/wp-json\/wp\/v2\/users\/1"}],"replies":[{"embeddable":true,"href":"https:\/\/patagonia.gob.ar\/pt-br\/wp-json\/wp\/v2\/comments?post=8600"}],"version-history":[{"count":3,"href":"https:\/\/patagonia.gob.ar\/pt-br\/wp-json\/wp\/v2\/pages\/8600\/revisions"}],"predecessor-version":[{"id":8636,"href":"https:\/\/patagonia.gob.ar\/pt-br\/wp-json\/wp\/v2\/pages\/8600\/revisions\/8636"}],"wp:attachment":[{"href":"https:\/\/patagonia.gob.ar\/pt-br\/wp-json\/wp\/v2\/media?parent=8600"}],"curies":[{"name":"wp","href":"https:\/\/api.w.org\/{rel}","templated":true}]}}