{"id":8625,"date":"2019-07-31T22:29:33","date_gmt":"2019-08-01T01:29:33","guid":{"rendered":"https:\/\/patagonia.gob.ar\/wp2025\/circuitos-clasicos\/"},"modified":"2025-09-09T16:34:40","modified_gmt":"2025-09-09T19:34:40","slug":"circuitos-classicos","status":"publish","type":"page","link":"https:\/\/patagonia.gob.ar\/pt-br\/circuitos-classicos\/","title":{"rendered":"Circuitos Cl\u00e1ssicos"},"content":{"rendered":"\r\n<section class=\"py-5\">\r\n<div class=\"container-xl mb-5\">\r\n<div class=\"row mb-5\">\r\n<div class=\"col-12 col-lg-8 text-center mx-auto\">\r\n<h1 class=\"font-serif text-primary fw-bold mb-3\">Circuitos Cl\u00e1ssicos<\/h1>\r\n<p class=\"lead\">A Patag\u00f4nia convida voc\u00ea a vivenciar e desfrutar de experi\u00eancias \u00fanicas e inesquec\u00edveis em um cen\u00e1rio de sonho com paisagens incompar\u00e1veis.<\/p>\r\n<\/div>\r\n<\/div>\r\n<\/div>\r\n<div class=\"container-xl\">\r\n        <div class=\"row g-4\">\r\n            <div class=\"col-12 col-sm-6 col-lg-4\">\r\n\t<a href=\"https:\/\/patagonia.gob.ar\/pt-br\/circuitos\/corredor-dos-lagos\/\">\r\n\t\t<div class=\"rounded-4 ratio ratio-1x1 \" style=\"background-color:#fafafa;background-image:url('https:\/\/patagonia.gob.ar\/wp2025\/wp-content\/uploads\/2019\/07\/rionegro-Ri\u0301o-Negro-Bariloche-Lago-Nahuel-Huapi-Kayakismo-PH.-Gustavo-Caligaris.jpg');background-position: center;background-size: cover;\">\r\n\t\t\t<div class=\"text-light p-4 d-flex flex-column justify-content-end\">\r\n\t\t\t\t<h5 class=\"h3 lh-1 mb-1 fw-bold\" style=\"text-shadow: 1px 2px 6px rgba(0,0,0,0.29);\">Corredor dos Lagos<\/h5>\r\n\t\t\t\t\r\n\t\t\t<\/div>\r\n\t\t<\/div>\r\n\t<\/a>\t\r\n<\/div><div class=\"col-12 col-sm-6 col-lg-4\">\r\n\t<a href=\"https:\/\/patagonia.gob.ar\/pt-br\/circuitos\/costa-da-patagonia\/\">\r\n\t\t<div class=\"rounded-4 ratio ratio-1x1 \" style=\"background-color:#fafafa;background-image:url('https:\/\/patagonia.gob.ar\/wp2025\/wp-content\/uploads\/2019\/07\/chubut-IMG_7454.jpg');background-position: center;background-size: cover;\">\r\n\t\t\t<div class=\"text-light p-4 d-flex flex-column justify-content-end\">\r\n\t\t\t\t<h5 class=\"h3 lh-1 mb-1 fw-bold\" style=\"text-shadow: 1px 2px 6px rgba(0,0,0,0.29);\">Costa da Patag\u00f4nia<\/h5>\r\n\t\t\t\t\r\n\t\t\t<\/div>\r\n\t\t<\/div>\r\n\t<\/a>\t\r\n<\/div><div class=\"col-12 col-sm-6 col-lg-4\">\r\n\t<a href=\"https:\/\/patagonia.gob.ar\/pt-br\/circuitos\/grande-circuito-patagonico\/\">\r\n\t\t<div class=\"rounded-4 ratio ratio-1x1 \" style=\"background-color:#fafafa;background-image:url('https:\/\/patagonia.gob.ar\/wp2025\/wp-content\/uploads\/2019\/07\/santacruz-Perito-Moren00-Foto-Jan-Zakelj.jpg');background-position: center;background-size: cover;\">\r\n\t\t\t<div class=\"text-light p-4 d-flex flex-column justify-content-end\">\r\n\t\t\t\t<h5 class=\"h3 lh-1 mb-1 fw-bold\" style=\"text-shadow: 1px 2px 6px rgba(0,0,0,0.29);\">Grande Circuito Patag\u00f4nico<\/h5>\r\n\t\t\t\t\r\n\t\t\t<\/div>\r\n\t\t<\/div>\r\n\t<\/a>\t\r\n<\/div><div class=\"col-12 col-sm-6 col-lg-4\">\r\n\t<a href=\"https:\/\/patagonia.gob.ar\/pt-br\/circuitos\/historia-natureza-e-tradicao\/\">\r\n\t\t<div class=\"rounded-4 ratio ratio-1x1 \" style=\"background-color:#fafafa;background-image:url('https:\/\/patagonia.gob.ar\/wp2025\/wp-content\/uploads\/2019\/07\/lapampa-Turismo-Rural-La-Pampa.jpg');background-position: center;background-size: cover;\">\r\n\t\t\t<div class=\"text-light p-4 d-flex flex-column justify-content-end\">\r\n\t\t\t\t<h5 class=\"h3 lh-1 mb-1 fw-bold\" style=\"text-shadow: 1px 2px 6px rgba(0,0,0,0.29);\">Hist\u00f3ria, natureza e tradi\u00e7\u00e3o<\/h5>\r\n\t\t\t\t\r\n\t\t\t<\/div>\r\n\t\t<\/div>\r\n\t<\/a>\t\r\n<\/div><div class=\"col-12 col-sm-6 col-lg-4\">\r\n\t<a href=\"https:\/\/patagonia.gob.ar\/pt-br\/circuitos\/patagonia-austral\/\">\r\n\t\t<div class=\"rounded-4 ratio ratio-1x1 \" style=\"background-color:#fafafa;background-image:url('https:\/\/patagonia.gob.ar\/wp2025\/wp-content\/uploads\/2019\/07\/tierradelfuego-\u00a9-Rogelio-Espinosa-7919.jpg');background-position: center;background-size: cover;\">\r\n\t\t\t<div class=\"text-light p-4 d-flex flex-column justify-content-end\">\r\n\t\t\t\t<h5 class=\"h3 lh-1 mb-1 fw-bold\" style=\"text-shadow: 1px 2px 6px rgba(0,0,0,0.29);\">Patagonia Austral<\/h5>\r\n\t\t\t\t\r\n\t\t\t<\/div>\r\n\t\t<\/div>\r\n\t<\/a>\t\r\n<\/div>\r\n        <\/div>\r\n    <\/div>\r\n<\/section>\r\n","protected":false},"excerpt":{"rendered":"<p>Circuitos Cl\u00e1ssicos A Patag\u00f4nia convida voc\u00ea a vivenciar e desfrutar de experi\u00eancias \u00fanicas e inesquec\u00edveis em um cen\u00e1rio de sonho com paisagens incompar\u00e1veis. [&#8230;]<\/p>\n<p><a class=\"btn btn-secondary understrap-read-more-link\" href=\"https:\/\/patagonia.gob.ar\/pt-br\/circuitos-classicos\/\">Read More&#8230;<\/a><\/p>\n","protected":false},"author":1,"featured_media":4546,"parent":0,"menu_order":5,"comment_status":"closed","ping_status":"closed","template":"page-templates\/empty-page.php","meta":{"footnotes":""},"class_list":["post-8625","page","type-page","status-publish","has-post-thumbnail","hentry"],"_links":{"self":[{"href":"https:\/\/patagonia.gob.ar\/pt-br\/wp-json\/wp\/v2\/pages\/8625","targetHints":{"allow":["GET"]}}],"collection":[{"href":"https:\/\/patagonia.gob.ar\/pt-br\/wp-json\/wp\/v2\/pages"}],"about":[{"href":"https:\/\/patagonia.gob.ar\/pt-br\/wp-json\/wp\/v2\/types\/page"}],"author":[{"embeddable":true,"href":"https:\/\/patagonia.gob.ar\/pt-br\/wp-json\/wp\/v2\/users\/1"}],"replies":[{"embeddable":true,"href":"https:\/\/patagonia.gob.ar\/pt-br\/wp-json\/wp\/v2\/comments?post=8625"}],"version-history":[{"count":1,"href":"https:\/\/patagonia.gob.ar\/pt-br\/wp-json\/wp\/v2\/pages\/8625\/revisions"}],"predecessor-version":[{"id":8628,"href":"https:\/\/patagonia.gob.ar\/pt-br\/wp-json\/wp\/v2\/pages\/8625\/revisions\/8628"}],"wp:featuredmedia":[{"embeddable":true,"href":"https:\/\/patagonia.gob.ar\/pt-br\/wp-json\/wp\/v2\/media\/4546"}],"wp:attachment":[{"href":"https:\/\/patagonia.gob.ar\/pt-br\/wp-json\/wp\/v2\/media?parent=8625"}],"curies":[{"name":"wp","href":"https:\/\/api.w.org\/{rel}","templated":true}]}}