{"id":8629,"date":"2019-10-07T21:13:39","date_gmt":"2019-10-08T00:13:39","guid":{"rendered":"https:\/\/patagonia.gob.ar\/wp2025\/actividades\/"},"modified":"2025-09-09T16:36:19","modified_gmt":"2025-09-09T19:36:19","slug":"atividades","status":"publish","type":"page","link":"https:\/\/patagonia.gob.ar\/pt-br\/atividades\/","title":{"rendered":"Atividades"},"content":{"rendered":"\r\n<section class=\"py-5\">\r\n<div class=\"container-xl mb-5\">\r\n<div class=\"row mb-5\">\r\n<div class=\"col-12 col-lg-8 text-center mx-auto\">\r\n<h1 class=\"font-serif text-primary fw-bold mb-3\">Atividades<\/h1>\r\n<p class=\"lead\">A Patag\u00f4nia convida voc\u00ea a vivenciar e desfrutar de experi\u00eancias \u00fanicas e inesquec\u00edveis em um cen\u00e1rio de sonho com paisagens incompar\u00e1veis.<\/p>\r\n<\/div>\r\n<\/div>\r\n<\/div>\r\n<div class=\"container-xl\">\r\n        <div class=\"row g-4\">\r\n            <div class=\"col-12 col-sm-6 col-lg-4\">\r\n\t<a href=\"https:\/\/patagonia.gob.ar\/pt-br\/actividades\/astroturismo\/\">\r\n\t\t<div class=\"rounded-4 ratio ratio-1x1 \" style=\"background-color:#fafafa;background-image:url('https:\/\/patagonia.gob.ar\/wp2025\/wp-content\/uploads\/2022\/10\/Rio-Negro-Estepa-017-Paisaje-Los-Menucos-Luna-Llena-1.jpg');background-position: center;background-size: cover;\">\r\n\t\t\t<div class=\"text-light p-4 d-flex flex-column justify-content-end\">\r\n\t\t\t\t<h5 class=\"h3 lh-1 mb-1 fw-bold\" style=\"text-shadow: 1px 2px 6px rgba(0,0,0,0.29);\">Astroturismo<\/h5>\r\n\t\t\t\t\r\n\t\t\t<\/div>\r\n\t\t<\/div>\r\n\t<\/a>\t\r\n<\/div><div class=\"col-12 col-sm-6 col-lg-4\">\r\n\t<a href=\"https:\/\/patagonia.gob.ar\/pt-br\/actividades\/aventura\/\">\r\n\t\t<div class=\"rounded-4 ratio ratio-1x1 \" style=\"background-color:#fafafa;background-image:url('https:\/\/patagonia.gob.ar\/wp2025\/wp-content\/uploads\/2019\/10\/atap-feb-g.jpg');background-position: center;background-size: cover;\">\r\n\t\t\t<div class=\"text-light p-4 d-flex flex-column justify-content-end\">\r\n\t\t\t\t<h5 class=\"h3 lh-1 mb-1 fw-bold\" style=\"text-shadow: 1px 2px 6px rgba(0,0,0,0.29);\">Aventura<\/h5>\r\n\t\t\t\t\r\n\t\t\t<\/div>\r\n\t\t<\/div>\r\n\t<\/a>\t\r\n<\/div><div class=\"col-12 col-sm-6 col-lg-4\">\r\n\t<a href=\"https:\/\/patagonia.gob.ar\/pt-br\/actividades\/rede-de-museus\/\">\r\n\t\t<div class=\"rounded-4 ratio ratio-1x1 \" style=\"background-color:#fafafa;background-image:url('https:\/\/patagonia.gob.ar\/wp2025\/wp-content\/uploads\/2019\/08\/Museo-Olsacher.jpg');background-position: center;background-size: cover;\">\r\n\t\t\t<div class=\"text-light p-4 d-flex flex-column justify-content-end\">\r\n\t\t\t\t<h5 class=\"h3 lh-1 mb-1 fw-bold\" style=\"text-shadow: 1px 2px 6px rgba(0,0,0,0.29);\">Rede de museus<\/h5>\r\n\t\t\t\t\r\n\t\t\t<\/div>\r\n\t\t<\/div>\r\n\t<\/a>\t\r\n<\/div><div class=\"col-12 col-sm-6 col-lg-4\">\r\n\t<a href=\"https:\/\/patagonia.gob.ar\/pt-br\/actividades\/arqueologia\/\">\r\n\t\t<div class=\"rounded-4 ratio ratio-1x1 \" style=\"background-color:#fafafa;background-image:url('https:\/\/patagonia.gob.ar\/wp2025\/wp-content\/uploads\/2019\/10\/Cueva-de-las-Manos-foto-Patrian-37-1.jpg');background-position: center;background-size: cover;\">\r\n\t\t\t<div class=\"text-light p-4 d-flex flex-column justify-content-end\">\r\n\t\t\t\t<h5 class=\"h3 lh-1 mb-1 fw-bold\" style=\"text-shadow: 1px 2px 6px rgba(0,0,0,0.29);\">Arqueologia<\/h5>\r\n\t\t\t\t\r\n\t\t\t<\/div>\r\n\t\t<\/div>\r\n\t<\/a>\t\r\n<\/div><div class=\"col-12 col-sm-6 col-lg-4\">\r\n\t<a href=\"https:\/\/patagonia.gob.ar\/pt-br\/actividades\/trens-turisticos\/\">\r\n\t\t<div class=\"rounded-4 ratio ratio-1x1 \" style=\"background-color:#fafafa;background-image:url('https:\/\/patagonia.gob.ar\/wp2025\/wp-content\/uploads\/2019\/10\/Rogelio-Espinosa-7530.jpg');background-position: center;background-size: cover;\">\r\n\t\t\t<div class=\"text-light p-4 d-flex flex-column justify-content-end\">\r\n\t\t\t\t<h5 class=\"h3 lh-1 mb-1 fw-bold\" style=\"text-shadow: 1px 2px 6px rgba(0,0,0,0.29);\">Trens Tur\u00edsticos<\/h5>\r\n\t\t\t\t\r\n\t\t\t<\/div>\r\n\t\t<\/div>\r\n\t<\/a>\t\r\n<\/div><div class=\"col-12 col-sm-6 col-lg-4\">\r\n\t<a href=\"https:\/\/patagonia.gob.ar\/pt-br\/actividades\/neve\/\">\r\n\t\t<div class=\"rounded-4 ratio ratio-1x1 \" style=\"background-color:#fafafa;background-image:url('https:\/\/patagonia.gob.ar\/wp2025\/wp-content\/uploads\/2019\/10\/sentir-la-brisa-en-tu-rostro-en-la-cima-de-la-montana-facundosantana106-2.jpg');background-position: center;background-size: cover;\">\r\n\t\t\t<div class=\"text-light p-4 d-flex flex-column justify-content-end\">\r\n\t\t\t\t<h5 class=\"h3 lh-1 mb-1 fw-bold\" style=\"text-shadow: 1px 2px 6px rgba(0,0,0,0.29);\">Neve<\/h5>\r\n\t\t\t\t\r\n\t\t\t<\/div>\r\n\t\t<\/div>\r\n\t<\/a>\t\r\n<\/div><div class=\"col-12 col-sm-6 col-lg-4\">\r\n\t<a href=\"https:\/\/patagonia.gob.ar\/pt-br\/actividades\/geleiras\/\">\r\n\t\t<div class=\"rounded-4 ratio ratio-1x1 \" style=\"background-color:#fafafa;background-image:url('https:\/\/patagonia.gob.ar\/wp2025\/wp-content\/uploads\/2019\/10\/8.-GLACIARES.-G.-Perito-Moreno-V.jpg');background-position: center;background-size: cover;\">\r\n\t\t\t<div class=\"text-light p-4 d-flex flex-column justify-content-end\">\r\n\t\t\t\t<h5 class=\"h3 lh-1 mb-1 fw-bold\" style=\"text-shadow: 1px 2px 6px rgba(0,0,0,0.29);\">Geleiras<\/h5>\r\n\t\t\t\t\r\n\t\t\t<\/div>\r\n\t\t<\/div>\r\n\t<\/a>\t\r\n<\/div><div class=\"col-12 col-sm-6 col-lg-4\">\r\n\t<a href=\"https:\/\/patagonia.gob.ar\/pt-br\/actividades\/turismo-rural\/\">\r\n\t\t<div class=\"rounded-4 ratio ratio-1x1 \" style=\"background-color:#fafafa;background-image:url('https:\/\/patagonia.gob.ar\/wp2025\/wp-content\/uploads\/2019\/10\/1.-Portada-LP.jpg');background-position: center;background-size: cover;\">\r\n\t\t\t<div class=\"text-light p-4 d-flex flex-column justify-content-end\">\r\n\t\t\t\t<h5 class=\"h3 lh-1 mb-1 fw-bold\" style=\"text-shadow: 1px 2px 6px rgba(0,0,0,0.29);\">Turismo Rural<\/h5>\r\n\t\t\t\t\r\n\t\t\t<\/div>\r\n\t\t<\/div>\r\n\t<\/a>\t\r\n<\/div><div class=\"col-12 col-sm-6 col-lg-4\">\r\n\t<a href=\"https:\/\/patagonia.gob.ar\/pt-br\/actividades\/mergulho\/\">\r\n\t\t<div class=\"rounded-4 ratio ratio-1x1 \" style=\"background-color:#fafafa;background-image:url('https:\/\/patagonia.gob.ar\/wp2025\/wp-content\/uploads\/2019\/10\/4.-BUCEO.jpg');background-position: center;background-size: cover;\">\r\n\t\t\t<div class=\"text-light p-4 d-flex flex-column justify-content-end\">\r\n\t\t\t\t<h5 class=\"h3 lh-1 mb-1 fw-bold\" style=\"text-shadow: 1px 2px 6px rgba(0,0,0,0.29);\">Mergulho<\/h5>\r\n\t\t\t\t\r\n\t\t\t<\/div>\r\n\t\t<\/div>\r\n\t<\/a>\t\r\n<\/div><div class=\"col-12 col-sm-6 col-lg-4\">\r\n\t<a href=\"https:\/\/patagonia.gob.ar\/pt-br\/actividades\/observacao-de-fauna\/\">\r\n\t\t<div class=\"rounded-4 ratio ratio-1x1 \" style=\"background-color:#fafafa;background-image:url('https:\/\/patagonia.gob.ar\/wp2025\/wp-content\/uploads\/2019\/07\/tierradelfuego-2015-04-Anta\u0301rtida-_Esteban-Lobo-Pingu\u0308inos-Papu\u0301a.jpg');background-position: center;background-size: cover;\">\r\n\t\t\t<div class=\"text-light p-4 d-flex flex-column justify-content-end\">\r\n\t\t\t\t<h5 class=\"h3 lh-1 mb-1 fw-bold\" style=\"text-shadow: 1px 2px 6px rgba(0,0,0,0.29);\">Observa\u00e7\u00e3o de fauna<\/h5>\r\n\t\t\t\t\r\n\t\t\t<\/div>\r\n\t\t<\/div>\r\n\t<\/a>\t\r\n<\/div><div class=\"col-12 col-sm-6 col-lg-4\">\r\n\t<a href=\"https:\/\/patagonia.gob.ar\/pt-br\/actividades\/parques-nacionais-reservas-naturais-e-areas-protegidas\/\">\r\n\t\t<div class=\"rounded-4 ratio ratio-1x1 \" style=\"background-color:#fafafa;background-image:url('https:\/\/patagonia.gob.ar\/wp2025\/wp-content\/uploads\/2019\/10\/8271689179_4109f67684_o.jpg');background-position: center;background-size: cover;\">\r\n\t\t\t<div class=\"text-light p-4 d-flex flex-column justify-content-end\">\r\n\t\t\t\t<h5 class=\"h3 lh-1 mb-1 fw-bold\" style=\"text-shadow: 1px 2px 6px rgba(0,0,0,0.29);\">Parques Nacionais, Reservas Naturais e \u00c1reas Protegidas<\/h5>\r\n\t\t\t\t\r\n\t\t\t<\/div>\r\n\t\t<\/div>\r\n\t<\/a>\t\r\n<\/div><div class=\"col-12 col-sm-6 col-lg-4\">\r\n\t<a href=\"https:\/\/patagonia.gob.ar\/pt-br\/actividades\/pesca-esportiva\/\">\r\n\t\t<div class=\"rounded-4 ratio ratio-1x1 \" style=\"background-color:#fafafa;background-image:url('https:\/\/patagonia.gob.ar\/wp2025\/wp-content\/uploads\/2019\/10\/HYrigoyen-Pesca-foto-Patrian-11-scaled.jpg');background-position: center;background-size: cover;\">\r\n\t\t\t<div class=\"text-light p-4 d-flex flex-column justify-content-end\">\r\n\t\t\t\t<h5 class=\"h3 lh-1 mb-1 fw-bold\" style=\"text-shadow: 1px 2px 6px rgba(0,0,0,0.29);\">Pesca esportiva<\/h5>\r\n\t\t\t\t\r\n\t\t\t<\/div>\r\n\t\t<\/div>\r\n\t<\/a>\t\r\n<\/div><div class=\"col-12 col-sm-6 col-lg-4\">\r\n\t<a href=\"https:\/\/patagonia.gob.ar\/pt-br\/actividades\/turismo-cultural\/\">\r\n\t\t<div class=\"rounded-4 ratio ratio-1x1 \" style=\"background-color:#fafafa;background-image:url('https:\/\/patagonia.gob.ar\/wp2025\/wp-content\/uploads\/2019\/10\/1.-PORTADA-t.-Cultural-NQN-.jpg');background-position: center;background-size: cover;\">\r\n\t\t\t<div class=\"text-light p-4 d-flex flex-column justify-content-end\">\r\n\t\t\t\t<h5 class=\"h3 lh-1 mb-1 fw-bold\" style=\"text-shadow: 1px 2px 6px rgba(0,0,0,0.29);\">Turismo Cultural<\/h5>\r\n\t\t\t\t\r\n\t\t\t<\/div>\r\n\t\t<\/div>\r\n\t<\/a>\t\r\n<\/div><div class=\"col-12 col-sm-6 col-lg-4\">\r\n\t<a href=\"https:\/\/patagonia.gob.ar\/pt-br\/actividades\/termalismo\/\">\r\n\t\t<div class=\"rounded-4 ratio ratio-1x1 \" style=\"background-color:#fafafa;background-image:url('https:\/\/patagonia.gob.ar\/wp2025\/wp-content\/uploads\/2019\/10\/ED30872.jpg');background-position: center;background-size: cover;\">\r\n\t\t\t<div class=\"text-light p-4 d-flex flex-column justify-content-end\">\r\n\t\t\t\t<h5 class=\"h3 lh-1 mb-1 fw-bold\" style=\"text-shadow: 1px 2px 6px rgba(0,0,0,0.29);\">Termalismo<\/h5>\r\n\t\t\t\t\r\n\t\t\t<\/div>\r\n\t\t<\/div>\r\n\t<\/a>\t\r\n<\/div><div class=\"col-12 col-sm-6 col-lg-4\">\r\n\t<a href=\"https:\/\/patagonia.gob.ar\/pt-br\/actividades\/paleontologia\/\">\r\n\t\t<div class=\"rounded-4 ratio ratio-1x1 \" style=\"background-color:#fafafa;background-image:url('https:\/\/patagonia.gob.ar\/wp2025\/wp-content\/uploads\/2019\/10\/11.-PALEONTOLOG\u00cdA.-Choc\u00f3n.jpg');background-position: center;background-size: cover;\">\r\n\t\t\t<div class=\"text-light p-4 d-flex flex-column justify-content-end\">\r\n\t\t\t\t<h5 class=\"h3 lh-1 mb-1 fw-bold\" style=\"text-shadow: 1px 2px 6px rgba(0,0,0,0.29);\">Paleontolog\u00eda<\/h5>\r\n\t\t\t\t\r\n\t\t\t<\/div>\r\n\t\t<\/div>\r\n\t<\/a>\t\r\n<\/div><div class=\"col-12 col-sm-6 col-lg-4\">\r\n\t<a href=\"https:\/\/patagonia.gob.ar\/pt-br\/actividades\/gastronomia\/\">\r\n\t\t<div class=\"rounded-4 ratio ratio-1x1 \" style=\"background-color:#fafafa;background-image:url('https:\/\/patagonia.gob.ar\/wp2025\/wp-content\/uploads\/2019\/10\/rogelio-espinosa-20170522-0037-6-1.jpg');background-position: center;background-size: cover;\">\r\n\t\t\t<div class=\"text-light p-4 d-flex flex-column justify-content-end\">\r\n\t\t\t\t<h5 class=\"h3 lh-1 mb-1 fw-bold\" style=\"text-shadow: 1px 2px 6px rgba(0,0,0,0.29);\">Gastronomia<\/h5>\r\n\t\t\t\t\r\n\t\t\t<\/div>\r\n\t\t<\/div>\r\n\t<\/a>\t\r\n<\/div><div class=\"col-12 col-sm-6 col-lg-4\">\r\n\t<a href=\"https:\/\/patagonia.gob.ar\/pt-br\/actividades\/golfe\/\">\r\n\t\t<div class=\"rounded-4 ratio ratio-1x1 \" style=\"background-color:#fafafa;background-image:url('https:\/\/patagonia.gob.ar\/wp2025\/wp-content\/uploads\/2019\/10\/9.-GOLF.-nqn.jpg');background-position: center;background-size: cover;\">\r\n\t\t\t<div class=\"text-light p-4 d-flex flex-column justify-content-end\">\r\n\t\t\t\t<h5 class=\"h3 lh-1 mb-1 fw-bold\" style=\"text-shadow: 1px 2px 6px rgba(0,0,0,0.29);\">Golfe<\/h5>\r\n\t\t\t\t\r\n\t\t\t<\/div>\r\n\t\t<\/div>\r\n\t<\/a>\t\r\n<\/div><div class=\"col-12 col-sm-6 col-lg-4\">\r\n\t<a href=\"https:\/\/patagonia.gob.ar\/pt-br\/actividades\/festas-populares\/\">\r\n\t\t<div class=\"rounded-4 ratio ratio-1x1 \" style=\"background-color:#fafafa;background-image:url('https:\/\/patagonia.gob.ar\/wp2025\/wp-content\/uploads\/2019\/10\/6-Fiestas-Populares-LP-1-1280x853-1.jpg');background-position: center;background-size: cover;\">\r\n\t\t\t<div class=\"text-light p-4 d-flex flex-column justify-content-end\">\r\n\t\t\t\t<h5 class=\"h3 lh-1 mb-1 fw-bold\" style=\"text-shadow: 1px 2px 6px rgba(0,0,0,0.29);\">Festas populares<\/h5>\r\n\t\t\t\t\r\n\t\t\t<\/div>\r\n\t\t<\/div>\r\n\t<\/a>\t\r\n<\/div><div class=\"col-12 col-sm-6 col-lg-4\">\r\n\t<a href=\"https:\/\/patagonia.gob.ar\/pt-br\/actividades\/patrimonios-da-humanidade\/\">\r\n\t\t<div class=\"rounded-4 ratio ratio-1x1 \" style=\"background-color:#fafafa;background-image:url('https:\/\/patagonia.gob.ar\/wp2025\/wp-content\/uploads\/2019\/10\/12--patrimonios-peninsula-valdes.jpg');background-position: center;background-size: cover;\">\r\n\t\t\t<div class=\"text-light p-4 d-flex flex-column justify-content-end\">\r\n\t\t\t\t<h5 class=\"h3 lh-1 mb-1 fw-bold\" style=\"text-shadow: 1px 2px 6px rgba(0,0,0,0.29);\">Patrim\u00f4nios da Humanidade<\/h5>\r\n\t\t\t\t\r\n\t\t\t<\/div>\r\n\t\t<\/div>\r\n\t<\/a>\t\r\n<\/div><div class=\"col-12 col-sm-6 col-lg-4\">\r\n\t<a href=\"https:\/\/patagonia.gob.ar\/pt-br\/actividades\/rota-40\/\">\r\n\t\t<div class=\"rounded-4 ratio ratio-1x1 \" style=\"background-color:#fafafa;background-image:url('https:\/\/patagonia.gob.ar\/wp2025\/wp-content\/uploads\/2019\/10\/RUTA-40-1.jpg');background-position: center;background-size: cover;\">\r\n\t\t\t<div class=\"text-light p-4 d-flex flex-column justify-content-end\">\r\n\t\t\t\t<h5 class=\"h3 lh-1 mb-1 fw-bold\" style=\"text-shadow: 1px 2px 6px rgba(0,0,0,0.29);\">Rota 40<\/h5>\r\n\t\t\t\t\r\n\t\t\t<\/div>\r\n\t\t<\/div>\r\n\t<\/a>\t\r\n<\/div><div class=\"col-12 col-sm-6 col-lg-4\">\r\n\t<a href=\"https:\/\/patagonia.gob.ar\/pt-br\/actividades\/turismo-de-reunioes\/\">\r\n\t\t<div class=\"rounded-4 ratio ratio-1x1 \" style=\"background-color:#fafafa;background-image:url('https:\/\/patagonia.gob.ar\/wp2025\/wp-content\/uploads\/2019\/10\/foto-turismo-de-reuniones.jpg');background-position: center;background-size: cover;\">\r\n\t\t\t<div class=\"text-light p-4 d-flex flex-column justify-content-end\">\r\n\t\t\t\t<h5 class=\"h3 lh-1 mb-1 fw-bold\" style=\"text-shadow: 1px 2px 6px rgba(0,0,0,0.29);\">Turismo de Reuni\u00f5es<\/h5>\r\n\t\t\t\t\r\n\t\t\t<\/div>\r\n\t\t<\/div>\r\n\t<\/a>\t\r\n<\/div><div class=\"col-12 col-sm-6 col-lg-4\">\r\n\t<a href=\"https:\/\/patagonia.gob.ar\/pt-br\/actividades\/turismo-religioso\/\">\r\n\t\t<div class=\"rounded-4 ratio ratio-1x1 \" style=\"background-color:#fafafa;background-image:url('https:\/\/patagonia.gob.ar\/wp2025\/wp-content\/uploads\/2019\/10\/viachristi-jandes-4-alta.jpg');background-position: center;background-size: cover;\">\r\n\t\t\t<div class=\"text-light p-4 d-flex flex-column justify-content-end\">\r\n\t\t\t\t<h5 class=\"h3 lh-1 mb-1 fw-bold\" style=\"text-shadow: 1px 2px 6px rgba(0,0,0,0.29);\">Turismo Religioso<\/h5>\r\n\t\t\t\t\r\n\t\t\t<\/div>\r\n\t\t<\/div>\r\n\t<\/a>\t\r\n<\/div><div class=\"col-12 col-sm-6 col-lg-4\">\r\n\t<a href=\"https:\/\/patagonia.gob.ar\/pt-br\/actividades\/praias\/\">\r\n\t\t<div class=\"rounded-4 ratio ratio-1x1 \" style=\"background-color:#fafafa;background-image:url('https:\/\/patagonia.gob.ar\/wp2025\/wp-content\/uploads\/2019\/10\/patagonia-actividades-playas.jpeg');background-position: center;background-size: cover;\">\r\n\t\t\t<div class=\"text-light p-4 d-flex flex-column justify-content-end\">\r\n\t\t\t\t<h5 class=\"h3 lh-1 mb-1 fw-bold\" style=\"text-shadow: 1px 2px 6px rgba(0,0,0,0.29);\">Praias<\/h5>\r\n\t\t\t\t\r\n\t\t\t<\/div>\r\n\t\t<\/div>\r\n\t<\/a>\t\r\n<\/div><div class=\"col-12 col-sm-6 col-lg-4\">\r\n\t<a href=\"https:\/\/patagonia.gob.ar\/pt-br\/actividades\/turismo-acessivel\/\">\r\n\t\t<div class=\"rounded-4 ratio ratio-1x1 \" style=\"background-color:#fafafa;background-image:url('https:\/\/patagonia.gob.ar\/wp2025\/wp-content\/uploads\/2020\/12\/accesibilidad-e1743302381645.jpg');background-position: center;background-size: cover;\">\r\n\t\t\t<div class=\"text-light p-4 d-flex flex-column justify-content-end\">\r\n\t\t\t\t<h5 class=\"h3 lh-1 mb-1 fw-bold\" style=\"text-shadow: 1px 2px 6px rgba(0,0,0,0.29);\">Turismo acess\u00edvel<\/h5>\r\n\t\t\t\t\r\n\t\t\t<\/div>\r\n\t\t<\/div>\r\n\t<\/a>\t\r\n<\/div><div class=\"col-12 col-sm-6 col-lg-4\">\r\n\t<a href=\"https:\/\/patagonia.gob.ar\/pt-br\/actividades\/cruzeiros-e-navegacoes\/\">\r\n\t\t<div class=\"rounded-4 ratio ratio-1x1 \" style=\"background-color:#fafafa;background-image:url('https:\/\/patagonia.gob.ar\/wp2025\/wp-content\/uploads\/2019\/10\/cruceros-3.jpg');background-position: center;background-size: cover;\">\r\n\t\t\t<div class=\"text-light p-4 d-flex flex-column justify-content-end\">\r\n\t\t\t\t<h5 class=\"h3 lh-1 mb-1 fw-bold\" style=\"text-shadow: 1px 2px 6px rgba(0,0,0,0.29);\">Cruzeiros e Navega\u00e7\u00f5es<\/h5>\r\n\t\t\t\t\r\n\t\t\t<\/div>\r\n\t\t<\/div>\r\n\t<\/a>\t\r\n<\/div><div class=\"col-12 col-sm-6 col-lg-4\">\r\n\t<a href=\"https:\/\/patagonia.gob.ar\/pt-br\/actividades\/antartida\/\">\r\n\t\t<div class=\"rounded-4 ratio ratio-1x1 \" style=\"background-color:#fafafa;background-image:url('https:\/\/patagonia.gob.ar\/wp2025\/wp-content\/uploads\/2019\/10\/15.-ANT\u00c1RTIDA.jpg');background-position: center;background-size: cover;\">\r\n\t\t\t<div class=\"text-light p-4 d-flex flex-column justify-content-end\">\r\n\t\t\t\t<h5 class=\"h3 lh-1 mb-1 fw-bold\" style=\"text-shadow: 1px 2px 6px rgba(0,0,0,0.29);\">Ant\u00e1rtida<\/h5>\r\n\t\t\t\t\r\n\t\t\t<\/div>\r\n\t\t<\/div>\r\n\t<\/a>\t\r\n<\/div>\r\n        <\/div>\r\n    <\/div>\r\n<\/section>\r\n","protected":false},"excerpt":{"rendered":"<p>Atividades A Patag\u00f4nia convida voc\u00ea a vivenciar e desfrutar de experi\u00eancias \u00fanicas e inesquec\u00edveis em um cen\u00e1rio de sonho com paisagens incompar\u00e1veis. [&#8230;]<\/p>\n<p><a class=\"btn btn-secondary understrap-read-more-link\" href=\"https:\/\/patagonia.gob.ar\/pt-br\/atividades\/\">Read More&#8230;<\/a><\/p>\n","protected":false},"author":1,"featured_media":8056,"parent":0,"menu_order":0,"comment_status":"closed","ping_status":"closed","template":"page-templates\/empty-page.php","meta":{"footnotes":""},"class_list":["post-8629","page","type-page","status-publish","has-post-thumbnail","hentry"],"_links":{"self":[{"href":"https:\/\/patagonia.gob.ar\/pt-br\/wp-json\/wp\/v2\/pages\/8629","targetHints":{"allow":["GET"]}}],"collection":[{"href":"https:\/\/patagonia.gob.ar\/pt-br\/wp-json\/wp\/v2\/pages"}],"about":[{"href":"https:\/\/patagonia.gob.ar\/pt-br\/wp-json\/wp\/v2\/types\/page"}],"author":[{"embeddable":true,"href":"https:\/\/patagonia.gob.ar\/pt-br\/wp-json\/wp\/v2\/users\/1"}],"replies":[{"embeddable":true,"href":"https:\/\/patagonia.gob.ar\/pt-br\/wp-json\/wp\/v2\/comments?post=8629"}],"version-history":[{"count":1,"href":"https:\/\/patagonia.gob.ar\/pt-br\/wp-json\/wp\/v2\/pages\/8629\/revisions"}],"predecessor-version":[{"id":8630,"href":"https:\/\/patagonia.gob.ar\/pt-br\/wp-json\/wp\/v2\/pages\/8629\/revisions\/8630"}],"wp:featuredmedia":[{"embeddable":true,"href":"https:\/\/patagonia.gob.ar\/pt-br\/wp-json\/wp\/v2\/media\/8056"}],"wp:attachment":[{"href":"https:\/\/patagonia.gob.ar\/pt-br\/wp-json\/wp\/v2\/media?parent=8629"}],"curies":[{"name":"wp","href":"https:\/\/api.w.org\/{rel}","templated":true}]}}