{"id":149,"date":"2019-07-31T22:29:33","date_gmt":"2019-08-01T01:29:33","guid":{"rendered":"http:\/\/patagonia.gov.ar\/wp2019\/tesoros-por-descubrir\/"},"modified":"2021-09-20T09:27:40","modified_gmt":"2021-09-20T12:27:40","slug":"tesoros-por-descubrir","status":"publish","type":"page","link":"https:\/\/patagonia.gob.ar\/wp2019\/tesoros-por-descubrir\/","title":{"rendered":"Tesoros por Descubrir"},"content":{"rendered":"\r\n<section class=\"bg-secondary\">\r\n    <div class=\"container-fluid\">\r\n        <div class=\"row row-portfolio\" data-columns=\"3\">\r\n            <div class=\"grid-sizer\"><\/div>\r\n            <div class=\"portfolio-item  p-0\" >\r\n\t<div class=\"shadow-sm portfolio-item-wrapper\">\r\n\t\t<div class=\"portfolio-item-img\">\r\n\t\t\t<img src=\"https:\/\/patagonia.gob.ar\/wp2019\/wp-content\/uploads\/2019\/12\/lobos-sae-720x720.jpg\" alt=\"Costa de R\u00edo Negro\">\r\n\t\t<\/div>\r\n\t\t<div class=\"portfolio-item-caption d-flex align-items-center justify-content-center\">\r\n\t\t\t<div class=\"portfolio-item-frame d-flex align-items-center justify-content-center w-75 h-75 p-4 border\" style=\"border-width:2px !important; border-color:rgba(255,255,255,0.3) !important;\">\r\n\t\t\t<h2 class=\"portfolio-item-title text-light h3 pb-0 mb-0 serif\">Costa de R\u00edo Negro\r\n\t\t\t\r\n\t\t\t<\/h2>\r\n\t\t\t<\/div>\r\n\t\t<\/div>\r\n\t\t<a class=\"portfolio-item-link\" href=\"https:\/\/patagonia.gob.ar\/wp2019\/tesoros\/costa-de-rio-negro\/\"><\/a>\r\n\t<\/div>\r\n<\/div><div class=\"portfolio-item  p-0\" >\r\n\t<div class=\"shadow-sm portfolio-item-wrapper\">\r\n\t\t<div class=\"portfolio-item-img\">\r\n\t\t\t<img src=\"https:\/\/patagonia.gob.ar\/wp2019\/wp-content\/uploads\/2019\/12\/IMG_20160424_132408676-720x720.jpg\" alt=\"Nieve, termas y gastronom\u00eda en Caviahue, Neuqu\u00e9n\">\r\n\t\t<\/div>\r\n\t\t<div class=\"portfolio-item-caption d-flex align-items-center justify-content-center\">\r\n\t\t\t<div class=\"portfolio-item-frame d-flex align-items-center justify-content-center w-75 h-75 p-4 border\" style=\"border-width:2px !important; border-color:rgba(255,255,255,0.3) !important;\">\r\n\t\t\t<h2 class=\"portfolio-item-title text-light h3 pb-0 mb-0 serif\">Nieve, termas y gastronom\u00eda en Caviahue, Neuqu\u00e9n\r\n\t\t\t\r\n\t\t\t<\/h2>\r\n\t\t\t<\/div>\r\n\t\t<\/div>\r\n\t\t<a class=\"portfolio-item-link\" href=\"https:\/\/patagonia.gob.ar\/wp2019\/tesoros\/nieve-termas-y-gastronomia-en-caviahue-neuquen\/\"><\/a>\r\n\t<\/div>\r\n<\/div><div class=\"portfolio-item  p-0\" >\r\n\t<div class=\"shadow-sm portfolio-item-wrapper\">\r\n\t\t<div class=\"portfolio-item-img\">\r\n\t\t\t<img src=\"https:\/\/patagonia.gob.ar\/wp2019\/wp-content\/uploads\/2019\/11\/huinganco-Ri\u0301o-Neuque\u0301n-720x720.jpg\" alt=\"Norte neuquino\">\r\n\t\t<\/div>\r\n\t\t<div class=\"portfolio-item-caption d-flex align-items-center justify-content-center\">\r\n\t\t\t<div class=\"portfolio-item-frame d-flex align-items-center justify-content-center w-75 h-75 p-4 border\" style=\"border-width:2px !important; border-color:rgba(255,255,255,0.3) !important;\">\r\n\t\t\t<h2 class=\"portfolio-item-title text-light h3 pb-0 mb-0 serif\">Norte neuquino\r\n\t\t\t\r\n\t\t\t<\/h2>\r\n\t\t\t<\/div>\r\n\t\t<\/div>\r\n\t\t<a class=\"portfolio-item-link\" href=\"https:\/\/patagonia.gob.ar\/wp2019\/tesoros\/norte-neuquino\/\"><\/a>\r\n\t<\/div>\r\n<\/div><div class=\"portfolio-item  p-0\" >\r\n\t<div class=\"shadow-sm portfolio-item-wrapper\">\r\n\t\t<div class=\"portfolio-item-img\">\r\n\t\t\t<img src=\"https:\/\/patagonia.gob.ar\/wp2019\/wp-content\/uploads\/2019\/12\/Bosque-Petrificado-Canon-147-720x720.jpg\" alt=\"Ruta Azul en Santa Cruz\">\r\n\t\t<\/div>\r\n\t\t<div class=\"portfolio-item-caption d-flex align-items-center justify-content-center\">\r\n\t\t\t<div class=\"portfolio-item-frame d-flex align-items-center justify-content-center w-75 h-75 p-4 border\" style=\"border-width:2px !important; border-color:rgba(255,255,255,0.3) !important;\">\r\n\t\t\t<h2 class=\"portfolio-item-title text-light h3 pb-0 mb-0 serif\">Ruta Azul en Santa Cruz\r\n\t\t\t\r\n\t\t\t<\/h2>\r\n\t\t\t<\/div>\r\n\t\t<\/div>\r\n\t\t<a class=\"portfolio-item-link\" href=\"https:\/\/patagonia.gob.ar\/wp2019\/tesoros\/ruta-azul-en-santa-cruz\/\"><\/a>\r\n\t<\/div>\r\n<\/div><div class=\"portfolio-item  p-0\" >\r\n\t<div class=\"shadow-sm portfolio-item-wrapper\">\r\n\t\t<div class=\"portfolio-item-img\">\r\n\t\t\t<img src=\"https:\/\/patagonia.gob.ar\/wp2019\/wp-content\/uploads\/2020\/12\/Risotto-con-Morillas-720x720.jpg\" alt=\"Sabores por Descubrir\">\r\n\t\t<\/div>\r\n\t\t<div class=\"portfolio-item-caption d-flex align-items-center justify-content-center\">\r\n\t\t\t<div class=\"portfolio-item-frame d-flex align-items-center justify-content-center w-75 h-75 p-4 border\" style=\"border-width:2px !important; border-color:rgba(255,255,255,0.3) !important;\">\r\n\t\t\t<h2 class=\"portfolio-item-title text-light h3 pb-0 mb-0 serif\">Sabores por Descubrir\r\n\t\t\t\r\n\t\t\t<\/h2>\r\n\t\t\t<\/div>\r\n\t\t<\/div>\r\n\t\t<a class=\"portfolio-item-link\" href=\"https:\/\/patagonia.gob.ar\/wp2019\/tesoros\/sabores-por-descubrir\/\"><\/a>\r\n\t<\/div>\r\n<\/div><div class=\"portfolio-item  p-0\" >\r\n\t<div class=\"shadow-sm portfolio-item-wrapper\">\r\n\t\t<div class=\"portfolio-item-img\">\r\n\t\t\t<img src=\"https:\/\/patagonia.gob.ar\/wp2019\/wp-content\/uploads\/2020\/01\/Tren-patagonico-720x720.jpg\" alt=\"Tren Patag\u00f3nico y Viejo Expreso Patag\u00f3nico &#8220;La Trochita&#8221; en R\u00edo Negro\">\r\n\t\t<\/div>\r\n\t\t<div class=\"portfolio-item-caption d-flex align-items-center justify-content-center\">\r\n\t\t\t<div class=\"portfolio-item-frame d-flex align-items-center justify-content-center w-75 h-75 p-4 border\" style=\"border-width:2px !important; border-color:rgba(255,255,255,0.3) !important;\">\r\n\t\t\t<h2 class=\"portfolio-item-title text-light h3 pb-0 mb-0 serif\">Tren Patag\u00f3nico y Viejo Expreso Patag\u00f3nico &#8220;La Trochita&#8221; en R\u00edo Negro\r\n\t\t\t\r\n\t\t\t<\/h2>\r\n\t\t\t<\/div>\r\n\t\t<\/div>\r\n\t\t<a class=\"portfolio-item-link\" href=\"https:\/\/patagonia.gob.ar\/wp2019\/tesoros\/tren-patagonico-y-viejo-expreso-patagonico-la-trochita-en-rio-negro\/\"><\/a>\r\n\t<\/div>\r\n<\/div><div class=\"portfolio-item  p-0\" >\r\n\t<div class=\"shadow-sm portfolio-item-wrapper\">\r\n\t\t<div class=\"portfolio-item-img\">\r\n\t\t\t<img src=\"https:\/\/patagonia.gob.ar\/wp2019\/wp-content\/uploads\/2019\/12\/DSC_7489-720x720.jpg\" alt=\"Turismo bienestar en R\u00edo Negro y Chubut\">\r\n\t\t<\/div>\r\n\t\t<div class=\"portfolio-item-caption d-flex align-items-center justify-content-center\">\r\n\t\t\t<div class=\"portfolio-item-frame d-flex align-items-center justify-content-center w-75 h-75 p-4 border\" style=\"border-width:2px !important; border-color:rgba(255,255,255,0.3) !important;\">\r\n\t\t\t<h2 class=\"portfolio-item-title text-light h3 pb-0 mb-0 serif\">Turismo bienestar en R\u00edo Negro y Chubut\r\n\t\t\t\r\n\t\t\t<\/h2>\r\n\t\t\t<\/div>\r\n\t\t<\/div>\r\n\t\t<a class=\"portfolio-item-link\" href=\"https:\/\/patagonia.gob.ar\/wp2019\/tesoros\/turismo-bienestar\/\"><\/a>\r\n\t<\/div>\r\n<\/div><div class=\"portfolio-item  p-0\" >\r\n\t<div class=\"shadow-sm portfolio-item-wrapper\">\r\n\t\t<div class=\"portfolio-item-img\">\r\n\t\t\t<img src=\"https:\/\/patagonia.gob.ar\/wp2019\/wp-content\/uploads\/2019\/12\/DSC2657-1-720x720.jpg\" alt=\"Turismo cultural y natural en Chubut y Santa cruz\">\r\n\t\t<\/div>\r\n\t\t<div class=\"portfolio-item-caption d-flex align-items-center justify-content-center\">\r\n\t\t\t<div class=\"portfolio-item-frame d-flex align-items-center justify-content-center w-75 h-75 p-4 border\" style=\"border-width:2px !important; border-color:rgba(255,255,255,0.3) !important;\">\r\n\t\t\t<h2 class=\"portfolio-item-title text-light h3 pb-0 mb-0 serif\">Turismo cultural y natural en Chubut y Santa cruz\r\n\t\t\t\r\n\t\t\t<\/h2>\r\n\t\t\t<\/div>\r\n\t\t<\/div>\r\n\t\t<a class=\"portfolio-item-link\" href=\"https:\/\/patagonia.gob.ar\/wp2019\/tesoros\/turismo-cultural-y-natural-en-chubut-y-santa-cruz\/\"><\/a>\r\n\t<\/div>\r\n<\/div><div class=\"portfolio-item  p-0\" >\r\n\t<div class=\"shadow-sm portfolio-item-wrapper\">\r\n\t\t<div class=\"portfolio-item-img\">\r\n\t\t\t<img src=\"https:\/\/patagonia.gob.ar\/wp2019\/wp-content\/uploads\/2020\/10\/08-Los-Altares-Lisandro-Crespo-baja-720x720.jpg\" alt=\"Turismo Natural y Cultural, Arqueol\u00f3gico y Paleontol\u00f3gico en Chubut\">\r\n\t\t<\/div>\r\n\t\t<div class=\"portfolio-item-caption d-flex align-items-center justify-content-center\">\r\n\t\t\t<div class=\"portfolio-item-frame d-flex align-items-center justify-content-center w-75 h-75 p-4 border\" style=\"border-width:2px !important; border-color:rgba(255,255,255,0.3) !important;\">\r\n\t\t\t<h2 class=\"portfolio-item-title text-light h3 pb-0 mb-0 serif\">Turismo Natural y Cultural, Arqueol\u00f3gico y Paleontol\u00f3gico en Chubut\r\n\t\t\t\r\n\t\t\t<\/h2>\r\n\t\t\t<\/div>\r\n\t\t<\/div>\r\n\t\t<a class=\"portfolio-item-link\" href=\"https:\/\/patagonia.gob.ar\/wp2019\/tesoros\/turismo-natural-y-cultural-arqueologico-y-paleontologico-en-chubut\/\"><\/a>\r\n\t<\/div>\r\n<\/div><div class=\"portfolio-item  p-0\" >\r\n\t<div class=\"shadow-sm portfolio-item-wrapper\">\r\n\t\t<div class=\"portfolio-item-img\">\r\n\t\t\t<img src=\"https:\/\/patagonia.gob.ar\/wp2019\/wp-content\/uploads\/2019\/11\/Mercado-Artesanal-baja-1-720x720.jpg\" alt=\"Turismo Rural y Cultural en La Pampa\">\r\n\t\t<\/div>\r\n\t\t<div class=\"portfolio-item-caption d-flex align-items-center justify-content-center\">\r\n\t\t\t<div class=\"portfolio-item-frame d-flex align-items-center justify-content-center w-75 h-75 p-4 border\" style=\"border-width:2px !important; border-color:rgba(255,255,255,0.3) !important;\">\r\n\t\t\t<h2 class=\"portfolio-item-title text-light h3 pb-0 mb-0 serif\">Turismo Rural y Cultural en La Pampa\r\n\t\t\t\r\n\t\t\t<\/h2>\r\n\t\t\t<\/div>\r\n\t\t<\/div>\r\n\t\t<a class=\"portfolio-item-link\" href=\"https:\/\/patagonia.gob.ar\/wp2019\/tesoros\/la-pampa\/\"><\/a>\r\n\t<\/div>\r\n<\/div><div class=\"portfolio-item  p-0\" >\r\n\t<div class=\"shadow-sm portfolio-item-wrapper\">\r\n\t\t<div class=\"portfolio-item-img\">\r\n\t\t\t<img src=\"https:\/\/patagonia.gob.ar\/wp2019\/wp-content\/uploads\/2019\/12\/Rogelio-Espinosa-3767-720x720.jpg\" alt=\"Turismo rural, natural y cultural en Tierra del Fuego\">\r\n\t\t<\/div>\r\n\t\t<div class=\"portfolio-item-caption d-flex align-items-center justify-content-center\">\r\n\t\t\t<div class=\"portfolio-item-frame d-flex align-items-center justify-content-center w-75 h-75 p-4 border\" style=\"border-width:2px !important; border-color:rgba(255,255,255,0.3) !important;\">\r\n\t\t\t<h2 class=\"portfolio-item-title text-light h3 pb-0 mb-0 serif\">Turismo rural, natural y cultural en Tierra del Fuego\r\n\t\t\t\r\n\t\t\t<\/h2>\r\n\t\t\t<\/div>\r\n\t\t<\/div>\r\n\t\t<a class=\"portfolio-item-link\" href=\"https:\/\/patagonia.gob.ar\/wp2019\/tesoros\/turismo-rural-natural-y-cultural-en-tierra-del-fuego\/\"><\/a>\r\n\t<\/div>\r\n<\/div>\r\n        <\/div>\r\n    <\/div>\r\n<\/section>\r\n","protected":false},"excerpt":{"rendered":"<p> [&#8230;]<\/p>\n<p><a class=\"btn btn-secondary understrap-read-more-link\" href=\"https:\/\/patagonia.gob.ar\/wp2019\/tesoros-por-descubrir\/\">Leer m\u00e1s&#8230;<\/a><\/p>\n","protected":false},"author":1,"featured_media":1198,"parent":0,"menu_order":2,"comment_status":"closed","ping_status":"closed","template":"page-templates\/empty-page.php","meta":[],"_links":{"self":[{"href":"https:\/\/patagonia.gob.ar\/wp2019\/wp-json\/wp\/v2\/pages\/149"}],"collection":[{"href":"https:\/\/patagonia.gob.ar\/wp2019\/wp-json\/wp\/v2\/pages"}],"about":[{"href":"https:\/\/patagonia.gob.ar\/wp2019\/wp-json\/wp\/v2\/types\/page"}],"author":[{"embeddable":true,"href":"https:\/\/patagonia.gob.ar\/wp2019\/wp-json\/wp\/v2\/users\/1"}],"replies":[{"embeddable":true,"href":"https:\/\/patagonia.gob.ar\/wp2019\/wp-json\/wp\/v2\/comments?post=149"}],"version-history":[{"count":3,"href":"https:\/\/patagonia.gob.ar\/wp2019\/wp-json\/wp\/v2\/pages\/149\/revisions"}],"predecessor-version":[{"id":1373,"href":"https:\/\/patagonia.gob.ar\/wp2019\/wp-json\/wp\/v2\/pages\/149\/revisions\/1373"}],"wp:featuredmedia":[{"embeddable":true,"href":"https:\/\/patagonia.gob.ar\/wp2019\/wp-json\/wp\/v2\/media\/1198"}],"wp:attachment":[{"href":"https:\/\/patagonia.gob.ar\/wp2019\/wp-json\/wp\/v2\/media?parent=149"}],"curies":[{"name":"wp","href":"https:\/\/api.w.org\/{rel}","templated":true}]}}