{"id":150,"date":"2019-07-31T22:29:33","date_gmt":"2019-08-01T01:29:33","guid":{"rendered":"http:\/\/patagonia.gov.ar\/wp2019\/senderos-de-la-patagonia\/"},"modified":"2021-09-18T02:00:23","modified_gmt":"2021-09-18T05:00:23","slug":"senderos-de-la-patagonia","status":"publish","type":"page","link":"https:\/\/patagonia.gob.ar\/wp2019\/senderos-de-la-patagonia\/","title":{"rendered":"Senderos de la Patagonia"},"content":{"rendered":"\r\n<section id=\"senderos-2\" class=\"module bg-paper\">\r\n\t<div class=\"container\">\r\n<div class=\"row mb-5\">\r\n\t\t\t<div class=\"col-6 col-md-4 text-center mx-auto\">\r\n<img src=\"http:\/\/patagonia.gov.ar\/wp2019\/wp-content\/uploads\/2020\/01\/Logo-Senderos.png\" alt=\"Senderos de la Patagonia\" class=\"img-fluid\">\r\n\t\t\t<\/div>\r\n\t\t<\/div>\t\r\n\t\t<div class=\"row justify-content-center\">\r\n\t\t\t<div class=\"col-12 col-md-5\">\r\n\t\t\t\t<p class=\"lead serif\">Caminos por recorrer, tesoros por descubrir en un viaje que se revela paso a paso. Experiencias novedosas, secretos que la tierra esconde y que susurra al caminante de ojos curiosos, alma inquieta y esp\u00edritu en movimiento. Porque caminar es avanzar pero tambi\u00e9n volver y redescubrir.<\/p>\r\n\t\t\t<\/div>\r\n\t\t\t<div class=\"col-12 col-md-5\">\r\n\t\t\t\t<p>Es una b\u00fasqueda, es una pausa, es abrir las emociones al ritmo que impone el camino. Es sentir la tierra bajo los pies, el aire en el rostro, y la naturaleza en el cuerpo. Es volver un poco a los or\u00edgenes, porque caminar es una de las formas m\u00e1s antiguas de viajar.<\/p>\r\n<p>Aqu\u00ed se describe una variedad de propuestas para sentirse parte de la geograf\u00eda patag\u00f3nica. Algunas son aptas para realizar en familia, otras invitan a la aventura. Se sugiere chequear siempre las condiciones requeridas para realizar los senderos a fin de garantizar una experiencia satisfactoria y segura.<\/p>\t\t\t\t\r\n\t\t\t<\/div>\r\n\t\t<\/div>\r\n\t<\/div>\r\n<\/section>\r\n<section class=\"module bg-secondary p-0\">\r\n    <div class=\"container-fluid\">\r\n        <div class=\"row row-portfolio\" data-columns=\"3\">\r\n            <div class=\"grid-sizer\"><\/div>\r\n            <div class=\"portfolio-item  p-0\" >\r\n\t<div class=\"shadow-sm portfolio-item-wrapper\">\r\n\t\t<div class=\"portfolio-item-img\">\r\n\t\t\t<img src=\"https:\/\/patagonia.gob.ar\/wp2019\/wp-content\/uploads\/2019\/07\/lapampa-Parque-Nacional-Lihue-Calel-La-Pampa-720x720.jpg\" alt=\"Senderos\">\r\n\t\t<\/div>\r\n\t\t<div class=\"portfolio-item-caption d-flex align-items-center justify-content-center\">\r\n\t\t\t<div class=\"portfolio-item-frame d-flex align-items-center justify-content-center w-75 h-75 p-4 border\" style=\"border-width:2px !important; border-color:rgba(255,255,255,0.3) !important;\">\r\n\t\t\t<h2 class=\"portfolio-item-title text-light h3 pb-0 mb-0 serif\">Senderos\r\n\t\t\t\r\n\t\t\t\t<br>\r\n\t\t\t\t<small>La Pampa<\/small>\r\n\t\t\t\r\n\t\t\t<\/h2>\r\n\t\t\t<\/div>\r\n\t\t<\/div>\r\n\t\t<a class=\"portfolio-item-link\" href=\"https:\/\/patagonia.gob.ar\/wp2019\/senderos\/parque-nacional-laguna-blanca\/\"><\/a>\r\n\t<\/div>\r\n<\/div><div class=\"portfolio-item  p-0\" >\r\n\t<div class=\"shadow-sm portfolio-item-wrapper\">\r\n\t\t<div class=\"portfolio-item-img\">\r\n\t\t\t<img src=\"https:\/\/patagonia.gob.ar\/wp2019\/wp-content\/uploads\/2020\/11\/Pehuenia_ascenso-batea_mahuida_efraindavila.com-28-720x720.jpg\" alt=\"Senderos\">\r\n\t\t<\/div>\r\n\t\t<div class=\"portfolio-item-caption d-flex align-items-center justify-content-center\">\r\n\t\t\t<div class=\"portfolio-item-frame d-flex align-items-center justify-content-center w-75 h-75 p-4 border\" style=\"border-width:2px !important; border-color:rgba(255,255,255,0.3) !important;\">\r\n\t\t\t<h2 class=\"portfolio-item-title text-light h3 pb-0 mb-0 serif\">Senderos\r\n\t\t\t\r\n\t\t\t\t<br>\r\n\t\t\t\t<small>Neuqu\u00e9n<\/small>\r\n\t\t\t\r\n\t\t\t<\/h2>\r\n\t\t\t<\/div>\r\n\t\t<\/div>\r\n\t\t<a class=\"portfolio-item-link\" href=\"https:\/\/patagonia.gob.ar\/wp2019\/senderos\/senderos\/\"><\/a>\r\n\t<\/div>\r\n<\/div><div class=\"portfolio-item  p-0\" >\r\n\t<div class=\"shadow-sm portfolio-item-wrapper\">\r\n\t\t<div class=\"portfolio-item-img\">\r\n\t\t\t<img src=\"https:\/\/patagonia.gob.ar\/wp2019\/wp-content\/uploads\/2020\/07\/WhatsApp-Image-2020-07-02-at-14.16.12-720x720.jpeg\" alt=\"Senderos\">\r\n\t\t<\/div>\r\n\t\t<div class=\"portfolio-item-caption d-flex align-items-center justify-content-center\">\r\n\t\t\t<div class=\"portfolio-item-frame d-flex align-items-center justify-content-center w-75 h-75 p-4 border\" style=\"border-width:2px !important; border-color:rgba(255,255,255,0.3) !important;\">\r\n\t\t\t<h2 class=\"portfolio-item-title text-light h3 pb-0 mb-0 serif\">Senderos\r\n\t\t\t\r\n\t\t\t\t<br>\r\n\t\t\t\t<small>R\u00edo Negro<\/small>\r\n\t\t\t\r\n\t\t\t<\/h2>\r\n\t\t\t<\/div>\r\n\t\t<\/div>\r\n\t\t<a class=\"portfolio-item-link\" href=\"https:\/\/patagonia.gob.ar\/wp2019\/senderos\/senderos-2\/\"><\/a>\r\n\t<\/div>\r\n<\/div><div class=\"portfolio-item  p-0\" >\r\n\t<div class=\"shadow-sm portfolio-item-wrapper\">\r\n\t\t<div class=\"portfolio-item-img\">\r\n\t\t\t<img src=\"https:\/\/patagonia.gob.ar\/wp2019\/wp-content\/uploads\/2019\/08\/Parque-Nacional-Los-Alerces-5-3.jpg\" alt=\"Senderos\">\r\n\t\t<\/div>\r\n\t\t<div class=\"portfolio-item-caption d-flex align-items-center justify-content-center\">\r\n\t\t\t<div class=\"portfolio-item-frame d-flex align-items-center justify-content-center w-75 h-75 p-4 border\" style=\"border-width:2px !important; border-color:rgba(255,255,255,0.3) !important;\">\r\n\t\t\t<h2 class=\"portfolio-item-title text-light h3 pb-0 mb-0 serif\">Senderos\r\n\t\t\t\r\n\t\t\t\t<br>\r\n\t\t\t\t<small>Chubut<\/small>\r\n\t\t\t\r\n\t\t\t<\/h2>\r\n\t\t\t<\/div>\r\n\t\t<\/div>\r\n\t\t<a class=\"portfolio-item-link\" href=\"https:\/\/patagonia.gob.ar\/wp2019\/senderos\/senderos-3\/\"><\/a>\r\n\t<\/div>\r\n<\/div><div class=\"portfolio-item  p-0\" >\r\n\t<div class=\"shadow-sm portfolio-item-wrapper\">\r\n\t\t<div class=\"portfolio-item-img\">\r\n\t\t\t<img src=\"https:\/\/patagonia.gob.ar\/wp2019\/wp-content\/uploads\/2020\/07\/senderismo-tierra-de-colores-7-720x720.jpg\" alt=\"Senderos\">\r\n\t\t<\/div>\r\n\t\t<div class=\"portfolio-item-caption d-flex align-items-center justify-content-center\">\r\n\t\t\t<div class=\"portfolio-item-frame d-flex align-items-center justify-content-center w-75 h-75 p-4 border\" style=\"border-width:2px !important; border-color:rgba(255,255,255,0.3) !important;\">\r\n\t\t\t<h2 class=\"portfolio-item-title text-light h3 pb-0 mb-0 serif\">Senderos\r\n\t\t\t\r\n\t\t\t\t<br>\r\n\t\t\t\t<small>Santa Cruz<\/small>\r\n\t\t\t\r\n\t\t\t<\/h2>\r\n\t\t\t<\/div>\r\n\t\t<\/div>\r\n\t\t<a class=\"portfolio-item-link\" href=\"https:\/\/patagonia.gob.ar\/wp2019\/senderos\/senderos-4\/\"><\/a>\r\n\t<\/div>\r\n<\/div><div class=\"portfolio-item  p-0\" >\r\n\t<div class=\"shadow-sm portfolio-item-wrapper\">\r\n\t\t<div class=\"portfolio-item-img\">\r\n\t\t\t<img src=\"https:\/\/patagonia.gob.ar\/wp2019\/wp-content\/uploads\/2019\/08\/SENDERO-A-LA-LAGUNA-NEGRA-720x720.jpg\" alt=\"Senderos\">\r\n\t\t<\/div>\r\n\t\t<div class=\"portfolio-item-caption d-flex align-items-center justify-content-center\">\r\n\t\t\t<div class=\"portfolio-item-frame d-flex align-items-center justify-content-center w-75 h-75 p-4 border\" style=\"border-width:2px !important; border-color:rgba(255,255,255,0.3) !important;\">\r\n\t\t\t<h2 class=\"portfolio-item-title text-light h3 pb-0 mb-0 serif\">Senderos\r\n\t\t\t\r\n\t\t\t\t<br>\r\n\t\t\t\t<small>Tierra del Fuego<\/small>\r\n\t\t\t\r\n\t\t\t<\/h2>\r\n\t\t\t<\/div>\r\n\t\t<\/div>\r\n\t\t<a class=\"portfolio-item-link\" href=\"https:\/\/patagonia.gob.ar\/wp2019\/senderos\/parque-nacional-tierra-del-fuego\/\"><\/a>\r\n\t<\/div>\r\n<\/div><div class=\"portfolio-item  p-0\" >\r\n\t<div class=\"shadow-sm portfolio-item-wrapper\">\r\n\t\t<div class=\"portfolio-item-img\">\r\n\t\t\t<img src=\"https:\/\/patagonia.gob.ar\/wp2019\/wp-content\/uploads\/2020\/07\/otono-720x720.jpg\" alt=\"Huella Andina\">\r\n\t\t<\/div>\r\n\t\t<div class=\"portfolio-item-caption d-flex align-items-center justify-content-center\">\r\n\t\t\t<div class=\"portfolio-item-frame d-flex align-items-center justify-content-center w-75 h-75 p-4 border\" style=\"border-width:2px !important; border-color:rgba(255,255,255,0.3) !important;\">\r\n\t\t\t<h2 class=\"portfolio-item-title text-light h3 pb-0 mb-0 serif\">Huella Andina\r\n\t\t\t\r\n\t\t\t<\/h2>\r\n\t\t\t<\/div>\r\n\t\t<\/div>\r\n\t\t<a class=\"portfolio-item-link\" href=\"https:\/\/patagonia.gob.ar\/wp2019\/senderos\/huella-andina\/\"><\/a>\r\n\t<\/div>\r\n<\/div>\r\n        <\/div>\r\n    <\/div>\r\n<\/section>\r\n","protected":false},"excerpt":{"rendered":"<p>Caminos por recorrer, tesoros por descubrir en un viaje que se revela paso a paso. Experiencias novedosas, secretos que la tierra esconde y que susurra al caminante de ojos curiosos, alma inquieta y esp\u00edritu en movimiento. Porque caminar es avanzar pero tambi\u00e9n volver y redescubrir. Es una b\u00fasqueda, es una pausa, es abrir las emociones [&#8230;]<\/p>\n<p><a class=\"btn btn-secondary understrap-read-more-link\" href=\"https:\/\/patagonia.gob.ar\/wp2019\/senderos-de-la-patagonia\/\">Leer m\u00e1s&#8230;<\/a><\/p>\n","protected":false},"author":1,"featured_media":1344,"parent":0,"menu_order":1,"comment_status":"closed","ping_status":"closed","template":"page-templates\/empty-page.php","meta":[],"_links":{"self":[{"href":"https:\/\/patagonia.gob.ar\/wp2019\/wp-json\/wp\/v2\/pages\/150"}],"collection":[{"href":"https:\/\/patagonia.gob.ar\/wp2019\/wp-json\/wp\/v2\/pages"}],"about":[{"href":"https:\/\/patagonia.gob.ar\/wp2019\/wp-json\/wp\/v2\/types\/page"}],"author":[{"embeddable":true,"href":"https:\/\/patagonia.gob.ar\/wp2019\/wp-json\/wp\/v2\/users\/1"}],"replies":[{"embeddable":true,"href":"https:\/\/patagonia.gob.ar\/wp2019\/wp-json\/wp\/v2\/comments?post=150"}],"version-history":[{"count":28,"href":"https:\/\/patagonia.gob.ar\/wp2019\/wp-json\/wp\/v2\/pages\/150\/revisions"}],"predecessor-version":[{"id":2220,"href":"https:\/\/patagonia.gob.ar\/wp2019\/wp-json\/wp\/v2\/pages\/150\/revisions\/2220"}],"wp:featuredmedia":[{"embeddable":true,"href":"https:\/\/patagonia.gob.ar\/wp2019\/wp-json\/wp\/v2\/media\/1344"}],"wp:attachment":[{"href":"https:\/\/patagonia.gob.ar\/wp2019\/wp-json\/wp\/v2\/media?parent=150"}],"curies":[{"name":"wp","href":"https:\/\/api.w.org\/{rel}","templated":true}]}}