{"id":69,"date":"2019-07-30T10:18:28","date_gmt":"2019-07-30T13:18:28","guid":{"rendered":"http:\/\/patagonia.gov.ar\/wp2019\/acerca-de-patagonia\/"},"modified":"2023-06-13T17:40:34","modified_gmt":"2023-06-13T20:40:34","slug":"acerca-de-patagonia","status":"publish","type":"page","link":"https:\/\/patagonia.gob.ar\/wp2019\/acerca-de-patagonia\/","title":{"rendered":"Acerca de Patagonia"},"content":{"rendered":"\r\n<section class=\"module bg-paper\">\r\n    <div class=\"container\">\r\n        <div class=\"row mb-5\">\r\n            <div class=\"col-lg-7\">\r\n                <div class=\"row\">\r\n                    <div class=\"col-12\">\r\n                        <h1 class=\"text-center mb-4 font-weight-bold\">Acerca de Patagonia<\/h1>\r\n                        <p class=\"text-center lead serif mb-5\">La Patagonia Argentina es un vasto territorio cargado de\r\n                            misterio, generador de un fuerte magnetismo, poseedor de un incre\u00edble poder de seducci\u00f3n,\r\n                            capaz de cautivar a todo aquel que se acerque hasta estos parajes y se deje abrazar por la\r\n                            inmensidad de sus horizontes, hasta rendirse ante tan contundente demostraci\u00f3n de la\r\n                            insignificancia del ser frente a la sublime majestuosidad de la naturaleza.<\/p>\r\n                        <div class=\"row mb-5\">\r\n                            <div class=\"col-md-6\">\r\n                                <p>Enigm\u00e1tica como pocas regiones en el mundo, Patagonia plantea su primer desaf\u00edo al\r\n                                    intentar descifrar el origen de su nombre. Acerca del mismo, existen distintas\r\n                                    versiones que se\u00f1alan a Magallanes como autor. Una de ellas remite a la observaci\u00f3n\r\n                                    por parte del navegante de grandes pisadas realizadas por los Tehuelches, pueblo\r\n                                    nativo de la regi\u00f3n, quienes se caracterizaban por su fuerte contextura y notable\r\n                                    altura.<\/p>\r\n                            <\/div>\r\n                            <div class=\"col-md-6\">\r\n                                <p>Otra, especula que Magallanes utiliz\u00f3 el t\u00e9rmino \u201cPatag\u00f3n\u201d, haciendo alusi\u00f3n a un\r\n                                    monstruo literario, personaje de una conocida novela medieval.<\/p>\r\n                                <p>Lo cierto, es que se trata actualmente de uno de los destinos m\u00e1s convocantes, un\r\n                                    lugar ideal para el viajero que busca atesorar experiencias intensas.<\/p>\r\n                            <\/div>\r\n                        <\/div>\r\n                    <\/div>\r\n                <\/div>\r\n            <\/div>\r\n            <div class=\"col-lg-4 offset-lg-1\">\r\n                <div class=\"row\">\r\n                    <div class=\"col-12 text-center\">\r\n                        <img class=\"img-thumbnail img-fluid mb-5\"\r\n                                src=\"http:\/\/patagonia.gov.ar\/wp2019\/wp-content\/uploads\/2019\/08\/mapa-patagonia-web-906x1280.jpg?v=1565402497\" \/>\r\n                        \r\n                        <!-- Button trigger modal --> <button class=\"btn btn-outline-brand btn-circle\" type=\"button\"\r\n                            data-toggle=\"modal\" data-target=\"#exampleModal\"> Descargar Mapa <i\r\n                                class=\"fas fa-file-pdf fa-lg\"><\/i> <\/button> <!-- Modal -->\r\n                        <div id=\"exampleModal\" class=\"modal fade\" tabindex=\"-1\" role=\"dialog\"\r\n                            aria-labelledby=\"exampleModalLabel\" aria-hidden=\"true\">\r\n                            <div class=\"modal-dialog modal-dialog-centered modal-lg\" role=\"document\">\r\n                                <div class=\"modal-content\">\r\n                                    <div class=\"modal-header\"><a class=\"btn btn-outline-brand btn-circle\" href=\"http:\/\/patagonia.gov.ar\/wp2019\/wp-content\/uploads\/2019\/11\/patagonia-mapa-web-2.pdf\" target=\"_blank\" rel=\"noopener noreferrer\">Descargar Mapa <i\r\n                                                class=\"fas fa-file-pdf fa-lg\"><\/i><\/a><\/div>\r\n                                    <div class=\"modal-body\">\r\n                                        <img class=\"img-fluid mb-5\"\r\n                                                src=\"http:\/\/patagonia.gov.ar\/wp2019\/wp-content\/uploads\/2019\/08\/mapa-patagonia-web-906x1280.jpg?v=1565402497\" \/>\r\n                                        \r\n                                    <\/div>\r\n                                <\/div>\r\n                            <\/div>\r\n                        <\/div>\r\n                    <\/div>\r\n                <\/div>\r\n            <\/div>\r\n        <\/div>\r\n    <\/div>\r\n    <div class=\"container\">\r\n        <div class=\"col bg-white border border-light p-5 rounded\">\r\n            <div class=\"row align-items-center mb-5\">\r\n                <div class=\"col-10 col-lg-9 text-center mx-auto\">\r\n                    <h2 class=\"text-center\">Territorio<\/h2>\r\n                    <p class=\"lead\">Formada por las provincias de La Pampa, Neuqu\u00e9n, R\u00edo Negro, Chubut, Santa Cruz y\r\n                        Tierra del Fuego, con una superficie de 930.731 Km2 y una poblaci\u00f3n total de 2.037.545 personas,\r\n                        cada rinc\u00f3n de la Patagonia Argentina ofrece una amplia gama de posibilidades para el relax, la\r\n                        recreaci\u00f3n y la aventura, en un marco donde la exuberante naturaleza es la gran protagonista.\r\n                    <\/p>\r\n                <\/div>\r\n            <\/div>\r\n            <div class=\"row mb-5\">\r\n                <div class=\"col-md-4 col-lg-4 post-item mb-4 text-center\">\r\n                    <img loading=\"lazy\" class=\"img-fluid rounded-circle mb-3 w-75\"\r\n                            src=\"http:\/\/patagonia.gob.ar\/wp2019\/wp-content\/uploads\/2023\/06\/salinas-recorte.jpeg\" alt=\"\"\r\n                            width=\"504\" height=\"505\" \/>\r\n                    <h5 class=\"my-3 h4 serif text-center\">La Pampa<\/h5>\r\n                    <p>La llanura pampeana, la Payunia y las estepas patag\u00f3nicas est\u00e1n a solo una hora de avi\u00f3n desde\r\n                        Buenos Aires, arribando a la capital de la provincia, Santa Rosa. La Pampa, portal de la\r\n                        Patagonia donde la arquitectura contempor\u00e1nea invita a una recorrida por su centro c\u00edvico y las\r\n                        opciones van desde turismo rural, gastronom\u00eda gourmet: carnes y vinos pampeanos; bosque de\r\n                        cald\u00e9n, \u00fanico en el mundo. Imponentes salinas. Ecoturismo, Antiguos Almacenes de Ramos\r\n                        Generales, pueblos con historias emocionantes. Casino, spa y mercado artesanal con piezas\r\n                        certificadas.<\/p>\r\n                <\/div>\r\n                <div class=\"col-md-4 col-lg-4 post-item mb-4 text-center\">\r\n                    <img class=\"img-fluid rounded-circle mb-3 w-75\"\r\n                            src=\"http:\/\/patagonia.gov.ar\/wp2019\/wp-content\/uploads\/2019\/08\/Cerro-Colorado_2015_SMA_efraindavila.com-59-720x720.jpg?v=1565390692\"\r\n                            alt=\"Neuqu\u00e9n\" \/>\r\n                    <h5 class=\"my-3 h4 serif text-center\">Neuqu\u00e9n<\/h5>\r\n                    <p>Al resguardo de la Cordillera de los Andes y custodiada por el majestuoso Volc\u00e1n Lan\u00edn, Neuqu\u00e9n\r\n                        encanta con sus aldeas de monta\u00f1a y con la belleza indescriptible del Camino de los Siete Lagos.\r\n                        Cuna de dinosaurios que habitaron hace millones de a\u00f1os, tierra de fuerte cultura con ambientes\r\n                        naturales propicios para la aventura, la pesca y la observaci\u00f3n de su variada flora y fauna que\r\n                        albergan sus parques nacionales y provinciales.<\/p>\r\n                <\/div>\r\n                <div class=\"col-md-4 col-lg-4 post-item mb-4 text-center\">\r\n                    <img class=\"img-fluid rounded-circle mb-3 w-75\"\r\n                            src=\"http:\/\/patagonia.gov.ar\/wp2019\/wp-content\/uploads\/2019\/07\/rionegro-Ri%CC%81o-Negro-Bariloche-Cerro-Catedral-EMPROTUR-720x720.jpg?v=1565390612\"\r\n                            alt=\"R\u00edo Negro\" \/>\r\n                    <h5 class=\"my-3 h4 serif text-center\">R\u00edo Negro<\/h5>\r\n                    <p>La monta\u00f1a, el mar, los valles y la estepa invitan a vivir la plenitud de R\u00edo Negro durante todo\r\n                        el a\u00f1o. El encanto de la nieve en invierno, y de los bosques y lagos en verano. El c\u00e1lido y\r\n                        transparente mar con extensas playas y acantilados. La cocina regional y la m\u00e1s variada oferta\r\n                        de alojamiento y servicios que satisfacen hasta al m\u00e1s exigente turista.<\/p>\r\n                <\/div>\r\n                <div class=\"col-md-4 col-lg-4 post-item mb-4 text-center\">\r\n                    <img class=\"img-fluid rounded-circle mb-3 w-75\"\r\n                            src=\"http:\/\/patagonia.gov.ar\/wp2019\/wp-content\/uploads\/2019\/07\/chubut-ST_0558-720x720.jpg?v=1565390660\"\r\n                            alt=\"Chubut\" \/>\r\n                    <h5 class=\"my-3 h4 serif text-center\">Chubut<\/h5>\r\n                    <p>Ubicada en el centro de la Patagonia, ofrece una diversidad de paisajes inigualables: monta\u00f1as,\r\n                        bosques andinos y lagos en el oeste, la inmensa meseta en el centro, y las playas y costas\r\n                        acantiladas al este. La conservaci\u00f3n y el cuidado del medio ambiente son caracter\u00edsticas que\r\n                        distinguen a la provincia, preservando lo m\u00e1s puro del entorno y respetando a la fauna en su\r\n                        h\u00e1bitat. Chubut posee diecisiete \u00e1reas naturales protegidas, tres parques nacionales y dos\r\n                        patrimonios mundiales de la humanidad.<\/p>\r\n                <\/div>\r\n                <div class=\"col-md-4 col-lg-4 post-item mb-4 text-center\">\r\n                    <img class=\"img-fluid rounded-circle mb-3 w-75\"\r\n                            src=\"http:\/\/patagonia.gov.ar\/wp2019\/wp-content\/uploads\/2019\/11\/Lago-Posadas-foto-Patrian-9-720x720.jpg?v=1576795964\"\r\n                            alt=\"Santa Cruz\" \/>\r\n                    <h5 class=\"my-3 h4 serif text-center\">Santa Cruz<\/h5>\r\n                    <p>Santa Cruz es la inmensidad. Cielos infinitos, una extensa costa mar\u00edtima habitada por la m\u00e1s\r\n                        populosa fauna aut\u00f3ctona y grandes ca\u00f1adones. La profundidad de su estepa alberga grandes\r\n                        estancias, valles y f\u00f3siles petrificados. El Lago Argentino y cientos de glaciares sorprenden\r\n                        con su magnificencia. El gigantesco Perito Moreno produce estruendosos rompimientos que irrumpen\r\n                        el silencio patag\u00f3nico.<\/p>\r\n                <\/div>\r\n                <div class=\"col-md-4 col-lg-4 post-item mb-4 text-center\">\r\n                    <img class=\"img-fluid rounded-circle mb-3 w-75\"\r\n                            src=\"http:\/\/patagonia.gov.ar\/wp2019\/wp-content\/uploads\/2019\/07\/tierradelfuego-Facundo-Santana25-720x720.jpg?v=1574277281\"\r\n                            alt=\"Tierra del Fuego\" \/>\r\n                    <h5 class=\"my-3 h4 serif text-center\">Tierra del Fuego<\/h5>\r\n                    <p>Antiguos navegantes que vislumbraban enormes hogueras alimentadas por los abor\u00edgenes del lugar le\r\n                        dieron su nombre: Tierra del Fuego. En el extremo m\u00e1s austral de Am\u00e9rica y separada del\r\n                        continente por el m\u00edtico estrecho de Magallanes, se encuentra la pintoresca ciudad de Ushuaia.\r\n                        Hoy sus museos recrean los or\u00edgenes de la ciudad. R\u00edo Grande al norte y la comuna de Tolhuin\r\n                        completan esta tierra de ensue\u00f1o y magia.<\/p>\r\n                <\/div>\r\n            <\/div>\r\n        <\/div>\r\n    <\/div>\r\n<\/section>\r\n\r\n\r\n\r\n<section id=\"mapa\" class=\"bg-paper d-none\">\r\n    <div class=\"container-fluid mx-0 px-0\">\r\n        <div class=\"row no-gutters align-items-center\">\r\n            <div class=\"offset-md-1 col-md-6 text-center order-md-2\">\r\n                <img class=\"img-fluid mb-5\"\r\n                        src=\"http:\/\/patagonia.gov.ar\/wp2019\/wp-content\/uploads\/2019\/08\/argentine20-01.png\" \/>\r\n                <p class=\"lead\">\u00a0<\/p>\r\n            <\/div>\r\n            <div class=\"offset-md-1 col-md-4 text-center order-md-1\">\r\n                <img class=\"w-75\"\r\n                        src=\"http:\/\/patagonia.gov.ar\/wp2019\/wp-content\/uploads\/2019\/08\/argentine20-02.png\" \/>\r\n                <p class=\"lead mb-5\">\u00a0<\/p>\r\n                <p class=\"lead serif text-secondary px-3 px-sm-0\">En el extremo sur del continente americano, entre la\r\n                    imponente Cordillera de los Andes y el oc\u00e9ano Atl\u00e1ntico, se despliega en toda su extensi\u00f3n la regi\u00f3n\r\n                    m\u00e1s austral del mundo.<\/p>\r\n                <p class=\"lead mb-5 px-3 px-sm-0\">Conjunci\u00f3n perfecta de lagos, r\u00edos, mar, monta\u00f1as, valles y estepa\r\n                    infinita, la Patagonia Argentina despliega en su magn\u00edfica y variada geograf\u00eda, propuestas que\r\n                    invitan a ser protagonistas de estos paisajes indomables.<\/p>\r\n            <\/div>\r\n        <\/div>\r\n    <\/div>\r\n<\/section>\r\n\r\n\r\n\r\n<section class=\"module-cover-slides\" data-module-cover-slides-options=\"{&quot;animation&quot;: &quot;fade&quot;}\">\r\n    <ul class=\"slides-container\">\r\n        <li class=\"parallax text-center\" data-overlay=\"0.0\">\r\n            <img\r\n                    src=\"http:\/\/patagonia.gov.ar\/wp2019\/wp-content\/uploads\/2019\/07\/tierradelfuego-Facundo-Santana25.jpg\"\r\n                    alt=\"\" \/>\r\n            <div class=\"container\">\r\n                <div class=\"row\">\r\n                    <div class=\"col-md-12 text-center\">\r\n                        <h1 class=\"mb-2 text-light serif display-4\">\u00a0<\/h1>\r\n                        <p class=\"lead\">\u00a0<\/p>\r\n                    <\/div>\r\n                <\/div>\r\n            <\/div>\r\n        <\/li>\r\n        <li class=\"parallax text-center\" data-overlay=\"0.0\">\r\n            <img\r\n                    src=\"http:\/\/patagonia.gov.ar\/wp2019\/wp-content\/uploads\/2019\/07\/santacruz-El-Chalten-Santa-Cruz-Foto-Juan-Carlos-Corral-8.jpg\"\r\n                    alt=\"\" \/>\r\n            <div class=\"container\">\r\n                <div class=\"row\">\r\n                    <div class=\"col-md-12 text-center\">\r\n                        <h1 class=\"mb-2 text-light serif display-4\">\u00a0<\/h1>\r\n                        <p class=\"lead\">\u00a0<\/p>\r\n                    <\/div>\r\n                <\/div>\r\n            <\/div>\r\n        <\/li>\r\n        <li class=\"parallax text-center\" data-overlay=\"0.0\">\r\n            <img\r\n                    src=\"http:\/\/patagonia.gov.ar\/wp2019\/wp-content\/uploads\/2019\/07\/rionegro-Ri%CC%81o-Negro-Bariloche-Tren-Patago%CC%81nico-Tren-Patago%CC%81nico-S.A.jpg\"\r\n                    alt=\"\" \/>\r\n            <div class=\"container\">\r\n                <div class=\"row\">\r\n                    <div class=\"col-md-12 text-center\">\r\n                        <h1 class=\"mb-2 text-light serif display-4\">\u00a0<\/h1>\r\n                        <p class=\"lead\">\u00a0<\/p>\r\n                    <\/div>\r\n                <\/div>\r\n            <\/div>\r\n        <\/li>\r\n        <li class=\"parallax text-center\" data-overlay=\"0.0\">\r\n            <img src=\"http:\/\/patagonia.gov.ar\/wp2019\/wp-content\/uploads\/2019\/07\/chubut-ST_9726.jpg\" alt=\"\" \/>\r\n            \r\n            <div class=\"container\">\r\n                <div class=\"row\">\r\n                    <div class=\"col-md-12 text-center\">\r\n                        <h1 class=\"mb-2 text-light serif display-4\">\u00a0<\/h1>\r\n                        <p class=\"lead\">\u00a0<\/p>\r\n                    <\/div>\r\n                <\/div>\r\n            <\/div>\r\n        <\/li>\r\n        <li class=\"parallax text-center\" data-overlay=\"0.0\">\r\n            <img\r\n                    src=\"http:\/\/patagonia.gov.ar\/wp2019\/wp-content\/uploads\/2019\/07\/lapampa-Reserva-Provincial-Parque-Luro-La-Pampa.jpg\"\r\n                    alt=\"\" \/>\r\n            <div class=\"container\">\r\n                <div class=\"row\">\r\n                    <div class=\"col-md-12 text-center\">\r\n                        <h1 class=\"mb-2 text-light serif display-4\">\u00a0<\/h1>\r\n                        <p class=\"lead\">\u00a0<\/p>\r\n                    <\/div>\r\n                <\/div>\r\n            <\/div>\r\n        <\/li>\r\n        <li class=\"parallax text-center\" data-overlay=\"0.0\">\r\n            <img src=\"http:\/\/patagonia.gov.ar\/wp2019\/wp-content\/uploads\/2019\/08\/262-1920x1280.jpg?v=1565373079\"\r\n                    alt=\"\" \/>\r\n            <div class=\"container\">\r\n                <div class=\"row\">\r\n                    <div class=\"col-md-12 text-center\">\r\n                        <h1 class=\"mb-2 text-light serif display-4\">\u00a0<\/h1>\r\n                        <p class=\"lead\">\u00a0<\/p>\r\n                    <\/div>\r\n                <\/div>\r\n            <\/div>\r\n        <\/li>\r\n    <\/ul>\r\n    <div class=\"slides-navigation\">\u00a0<\/div>\r\n<\/section>\r\n","protected":false},"excerpt":{"rendered":"<p>Acerca de Patagonia La Patagonia Argentina es un vasto territorio cargado de misterio, generador de un fuerte magnetismo, poseedor de un incre\u00edble poder de seducci\u00f3n, capaz de cautivar a todo aquel que se acerque hasta estos parajes y se deje abrazar por la inmensidad de sus horizontes, hasta rendirse ante tan contundente demostraci\u00f3n de la [&#8230;]<\/p>\n<p><a class=\"btn btn-secondary understrap-read-more-link\" href=\"https:\/\/patagonia.gob.ar\/wp2019\/acerca-de-patagonia\/\">Leer m\u00e1s&#8230;<\/a><\/p>\n","protected":false},"author":1,"featured_media":0,"parent":0,"menu_order":0,"comment_status":"closed","ping_status":"closed","template":"page-templates\/empty-page.php","meta":[],"_links":{"self":[{"href":"https:\/\/patagonia.gob.ar\/wp2019\/wp-json\/wp\/v2\/pages\/69"}],"collection":[{"href":"https:\/\/patagonia.gob.ar\/wp2019\/wp-json\/wp\/v2\/pages"}],"about":[{"href":"https:\/\/patagonia.gob.ar\/wp2019\/wp-json\/wp\/v2\/types\/page"}],"author":[{"embeddable":true,"href":"https:\/\/patagonia.gob.ar\/wp2019\/wp-json\/wp\/v2\/users\/1"}],"replies":[{"embeddable":true,"href":"https:\/\/patagonia.gob.ar\/wp2019\/wp-json\/wp\/v2\/comments?post=69"}],"version-history":[{"count":126,"href":"https:\/\/patagonia.gob.ar\/wp2019\/wp-json\/wp\/v2\/pages\/69\/revisions"}],"predecessor-version":[{"id":6452,"href":"https:\/\/patagonia.gob.ar\/wp2019\/wp-json\/wp\/v2\/pages\/69\/revisions\/6452"}],"wp:attachment":[{"href":"https:\/\/patagonia.gob.ar\/wp2019\/wp-json\/wp\/v2\/media?parent=69"}],"curies":[{"name":"wp","href":"https:\/\/api.w.org\/{rel}","templated":true}]}}