{"id":2396,"date":"2020-07-07T18:15:16","date_gmt":"2020-07-07T21:15:16","guid":{"rendered":"http:\/\/patagonia.gob.ar\/?page_id=2396"},"modified":"2021-03-25T14:02:20","modified_gmt":"2021-03-25T17:02:20","slug":"%e5%85%b3%e4%ba%8e%e5%b7%b4%e5%a1%94%e5%93%a5%e5%b0%bc%e4%ba%9a","status":"publish","type":"page","link":"https:\/\/patagonia.gob.ar\/wp2019\/zh-hans\/%e5%85%b3%e4%ba%8e%e5%b7%b4%e5%a1%94%e5%93%a5%e5%b0%bc%e4%ba%9a\/","title":{"rendered":"\u5173\u4e8e\u5df4\u5854\u54e5\u5c3c\u4e9a"},"content":{"rendered":"<section class=\"module bg-paper\">\r\n<div class=\"container\">\r\n<div class=\"row mb-5\">\r\n<div class=\"col-lg-7\">\r\n<div class=\"row\">\r\n<div class=\"col-12\">\r\n<h1 class=\"text-center mb-4 font-weight-bold\">\u5173\u4e8e\u5df4\u5854\u54e5\u5c3c\u4e9a<\/h1>\r\n<p class=\"text-center lead serif mb-5\">\u963f\u6839\u5ef7\u5df4\u5854\u54e5\u5c3c\u4e9a\u5730\u533a\u5e45\u5458\u8fbd\u9614\uff0c\u5145\u6ee1\u795e\u79d8\u6c14\u606f\uff0c\u4ea7\u751f\u5f3a\u70c8\u78c1\u6027\uff0c\u62e5\u6709\u60ca\u4eba\u9b45\u529b\u3002\u5b83\u5438\u5f15\u7740\u6240\u6709\u6765\u5230\u8fd9\u91cc\u7684\u4eba\uff0c\u8ba9\u4ed6\u4eec\u5f9c\u5f89\u5728\u5e7f\u88a4\u56db\u91ce\u7684\u6000\u62b1\u91cc\uff0c\u5bc4\u8709\u8763\u4e8e\u5929\u5730\uff0c\u6e3a\u6ca7\u6d77\u4e4b\u4e00\u7c9f\uff0c\u5c48\u670d\u4e8e\u5927\u81ea\u7136\u7684\u58ee\u7f8e<\/p>\r\n\r\n<div class=\"row mb-5\">\r\n<div class=\"col-md-6\">\r\n\r\n\u5df4\u5854\u54e5\u5c3c\u4e9a\u7684\u795e\u79d8\u4e16\u6240\u7f55\u6709\uff0c\u7b2c\u4e00\u4e2a\u8c1c\u9898\u5c31\u662f\u5b83\u540d\u5b57\u7684\u8d77\u6e90\u3002\u5173\u4e8e\u8fd9\u65b9\u9762\uff0c\u8bb8\u591a\u63a8\u8bba\u90fd\u8ba4\u4e3a\u9ea6\u54f2\u4f26\u662f\u5df4\u5854\u54e5\u5c3c\u4e9a\u7684\u547d\u540d\u8005\u3002\u5176\u4e2d\u4e00\u4e2a\u7248\u672c\u53c2\u9605\u4e86\u8fd9\u4f4d\u822a\u6d77\u5bb6\u7684\u4e00\u90e8\u5206\u6709\u5173\u8be5\u5730\u533a\u571f\u8457\u7279\u7ef4\u5c14\u5207\u4eba\u5de8\u5927\u8db3\u5370\u7684\u89c2\u5bdf\u8bb0\u5f55\uff0c\u4ed6\u4eec\u4f53\u683c\u5de8\u5927\uff0c\u8eab\u9ad8\u663e\u8457\u3002\r\n\r\n<\/div>\r\n<div class=\"col-md-6\">\r\n\r\n\u53e6\u4e00\u4e2a\u7248\u672c\u5219\u8ba4\u4e3a\u9ea6\u54f2\u4f26\u8fd9\u6837\u547d\u540d\u662f\u5728\u5f71\u5c04\u4e00\u4e2a\u4e2d\u4e16\u7eaa\u8457\u540d\u5c0f\u8bf4\u4e2d\u7684\u602a\u7269\u5f62\u8c61\u3002\r\n\r\n\u80fd\u591f\u786e\u5b9a\u7684\u662f\uff0c\u5982\u4eca\u5df4\u5854\u54e5\u5c3c\u4e9a\u662f\u6700\u5177\u5438\u5f15\u529b\u7684\u65c5\u6e38\u76ee\u7684\u5730\u4e4b\u4e00\uff0c\u662f\u60f3\u83b7\u5f97\u5b9d\u8d35\u7ecf\u5386\u7684\u65c5\u884c\u8005\u7684\u7406\u60f3\u4e4b\u5904\u3002\r\n\r\n<\/div>\r\n<\/div>\r\n<\/div>\r\n<\/div>\r\n<\/div>\r\n<div class=\"col-lg-4 offset-lg-1\">\r\n<div class=\"row\">\r\n<div class=\"col-12 text-center\">\r\n<figure><img class=\"img-thumbnail img-fluid mb-5\" src=\"http:\/\/patagonia.gov.ar\/wp2019\/wp-content\/uploads\/2019\/08\/mapa-patagonia-web-906x1280.jpg?v=1565402497\"><\/figure>\r\n<!-- Button trigger modal -->\r\n<button class=\"btn btn-outline-brand btn-circle\" type=\"button\" data-toggle=\"modal\" data-target=\"#exampleModal\">\r\n\u4e0b\u8f7d\u5730\u56fe <i class=\"fas fa-file-pdf fa-lg\"><\/i>\r\n<\/button>\r\n\r\n<!-- Modal -->\r\n<div id=\"exampleModal\" class=\"modal fade\" tabindex=\"-1\" role=\"dialog\" aria-labelledby=\"exampleModalLabel\" aria-hidden=\"true\">\r\n<div class=\"modal-dialog modal-dialog-centered modal-lg\" role=\"document\">\r\n<div class=\"modal-content\">\r\n<div class=\"modal-header\"><a class=\"btn btn-outline-brand btn-circle\" href=\"http:\/\/patagonia.gov.ar\/wp2019\/wp-content\/uploads\/2019\/11\/patagonia-mapa-web-2.pdf\" target=\"_blank\" rel=\"noopener noreferrer\">\u4e0b\u8f7d\u5730\u56fe <i class=\"fas fa-file-pdf fa-lg\"><\/i><\/a><\/div>\r\n<div class=\"modal-body\">\r\n<figure><img class=\"img-fluid mb-5\" src=\"http:\/\/patagonia.gov.ar\/wp2019\/wp-content\/uploads\/2019\/08\/mapa-patagonia-web-906x1280.jpg?v=1565402497\"><\/figure>\r\n<\/div>\r\n<\/div>\r\n<\/div>\r\n<\/div>\r\n<\/div>\r\n<\/div>\r\n<\/div>\r\n<\/div>\r\n<\/div>\r\n<div class=\"container\">\r\n<div class=\"col bg-white border border-light p-5 rounded\">\r\n<div class=\"row align-items-center mb-5\">\r\n<div class=\"col text-center\"><\/div>\r\n<div class=\"col-10 col-lg-9 text-center\">\r\n<h2 class=\"text-center\">\u5730\u533a\u7b80\u4ecb<\/h2>\r\n<p class=\"lead\">\u5df4\u5854\u54e5\u5c3c\u4e9a\u5730\u533a\u7531\u62c9\u6f58\u5e15\u3001\u5185\u4e4c\u80af\u3001\u91cc\u5965\u5185\u683c\u7f57\u3001\u4e18\u5e03\u7279\u3001\u5723\u514b\u9c81\u65af\u548c\u706b\u5730\u5c9b\u51e0\u4e2a\u7701\u4efd\u7ec4\u6210\uff0c\u5360\u573093.0731\u4e07\u5e73\u65b9\u516c\u91cc\uff0c\u5171\u6709203.7545\u4e07\u4eba\u53e3\uff0c\u6bcf\u4e2a\u5730\u65b9\u90fd\u63d0\u4f9b\u5e7f\u6cdb\u7684\u4f11\u95f2\u3001\u5a31\u4e50\u548c\u5192\u9669\u6d3b\u52a8\u3002\u5728\u8fd9\u91cc\uff0c\u7e41\u8302\u7684\u5927\u81ea\u7136\u624d\u662f\u4e3b\u89d2\u3002<\/p>\r\n\r\n<\/div>\r\n<div class=\"col text-center\"><\/div>\r\n<\/div>\r\n<div class=\"row text-center\">\r\n<div class=\"col-md-4 col-lg-4 post-item mb-4\">\r\n<figure><img class=\"img-fluid rounded-circle mb-3 w-75 mx-auto\" src=\"http:\/\/patagonia.gov.ar\/wp2019\/wp-content\/uploads\/2019\/11\/LA-PAMPA.-calden-720x720.jpg?v=1574277232\" alt=\"La Pampa\"><\/figure>\r\n<h5 class=\"my-3 h4 serif text-center\">\u62c9\u6f58\u5e15\u7701<\/h5>\r\n\u62c9\u6f58\u5e15\u7701\u5730\u5904\u5df4\u5854\u54e5\u5c3c\u4e9a\u5730\u533a\u7684\u6700\u5317\u5934\uff0c\u7701\u5185\u7684\u5404\u79cd\u666f\u89c2\u80fd\u591f\u5524\u9192\u6e38\u5ba2\u5f00\u5c55\u5192\u9669\u6d3b\u52a8\u3001\u9886\u7565\u81ea\u7136\u548c\u5386\u53f2\u9b45\u529b\u7684\u6e34\u671b\u3002\u5728\u65e0\u8fb9\u65e0\u9645\u7684\u5929\u7a7a\u4e0b\uff0c\u62c9\u6f58\u5e15\u7701\u5e7f\u88a4\u65e0\u57a0\u7684\u5e73\u539f\u662f\u4e00\u4e2a\u98ce\u666f\u4f18\u7f8e\u7684\u65c5\u884c\u76ee\u7684\u5730\uff0c\u5728\u8fd9\u91cc\uff0c\u6e38\u5ba2\u53ef\u4ee5\u6b23\u8d4f\u79cd\u7c7b\u7e41\u591a\u7684\u65c5\u6e38\u666f\u70b9\uff0c\u611f\u53d7\u7ec6\u81f4\u5165\u5fae\u7684\u5404\u9879\u670d\u52a1\u3002\r\n\r\n<\/div>\r\n<div class=\"col-md-4 col-lg-4 post-item mb-4\">\r\n<figure><img class=\"img-fluid rounded-circle mb-3 w-75 mx-auto\" src=\"http:\/\/patagonia.gov.ar\/wp2019\/wp-content\/uploads\/2019\/08\/Cerro-Colorado_2015_SMA_efraindavila.com-59-720x720.jpg?v=1565390692\" alt=\"Neuqu\u00e9n\"><\/figure>\r\n<h5 class=\"my-3 h4 serif text-center\">\u5185\u4e4c\u80af\u7701<\/h5>\r\n\u5728\u5b89\u7b2c\u65af\u5c71\u8109\u7684\u5b88\u62a4\u4e0b\uff0c\u5728\u96c4\u4f1f\u7684\u62c9\u5b81\u706b\u5c71\u7684\u4fdd\u62a4\u4e2d\uff0c\u5185\u4e4c\u80af\u7701\u7684\u5c71\u95f4\u6751\u5e84\u662f\u90a3\u4e48\u4ee4\u4eba\u7740\u8ff7\uff0c\u4e03\u6e56\u4e4b\u8def\u7684\u7f8e\u662f\u90a3\u6837\u65e0\u6cd5\u8a00\u55bb\u3002\u5343\u4e07\u5e74\u524d\u8fd9\u91cc\u66fe\u662f\u6050\u9f99\u7684\u6447\u7bee\uff0c\u5982\u4eca\u8fd9\u91cc\u5b55\u80b2\u7740\u4e30\u5bcc\u7684\u6587\u5316\uff0c\u5176\u81ea\u7136\u73af\u5883\u9002\u5408\u5192\u9669\u3001\u9493\u9c7c\uff0c\u4ee5\u53ca\u89c2\u8d4f\u56fd\u5bb6\u548c\u7701\u7ea7\u516c\u56ed\u5185\u591a\u79cd\u591a\u6837\u7684\u52a8\u690d\u7269\u7fa4\u3002\r\n\r\n<\/div>\r\n<div class=\"col-md-4 col-lg-4 post-item mb-4\">\r\n<figure><img class=\"img-fluid rounded-circle mb-3 w-75 mx-auto\" src=\"http:\/\/patagonia.gov.ar\/wp2019\/wp-content\/uploads\/2019\/07\/rionegro-Ri%CC%81o-Negro-Bariloche-Cerro-Catedral-EMPROTUR-720x720.jpg?v=1565390612\" alt=\"R\u00edo Negro\"><\/figure>\r\n<h5 class=\"my-3 h4 serif text-center\">\u91cc\u5965\u5185\u683c\u7f57\u7701<\/h5>\r\n\u9ad8\u5c71\u3001\u5927\u6d77\u3001\u5ce1\u8c37\u548c\u8349\u539f\u9080\u60a8\u4eab\u53d7\u91cc\u5965\u5185\u683c\u7f57\u7701\u5168\u5e74\u7684\u5b8c\u6ee1\u751f\u6d3b\u3002\u8fd9\u91cc\u51ac\u5929\u6709\u96ea\u8da3\uff0c\u590f\u5929\u6709\u68ee\u6797\u548c\u6e56\u6cca\u3002\u8fd9\u91cc\u6709\u6e29\u6696\u800c\u900f\u660e\u7684\u6d77\u6d0b\uff0c\u5e7f\u9614\u7684\u6c99\u6ee9\u548c\u60ac\u5d16\u3002\u5f53\u5730\u7f8e\u98df\u3001\u591a\u6837\u4f4f\u5bbf\u548c\u670d\u52a1\u8db3\u4ee5\u4ee4\u6700\u6311\u5254\u7684\u6e38\u5ba2\u6ee1\u610f\u3002\r\n\r\n<\/div>\r\n<div class=\"col-md-4 col-lg-4 post-item mb-4\">\r\n<figure><img class=\"img-fluid rounded-circle mb-3 w-75 mx-auto\" src=\"http:\/\/patagonia.gov.ar\/wp2019\/wp-content\/uploads\/2019\/07\/chubut-ST_0558-720x720.jpg?v=1565390660\" alt=\"Chubut\"><\/figure>\r\n<h5 class=\"my-3 h4 serif text-center\">\u4e18\u5e03\u7279\u7701<\/h5>\r\n\u4e18\u5e03\u7279\u7701\u4f4d\u4e8e\u5df4\u5854\u54e5\u5c3c\u4e9a\u5730\u533a\u7684\u4e2d\u5fc3\uff0c\u5404\u79cd\u98ce\u666f\u65e0\u4e0e\u4f26\u6bd4\uff1a\u897f\u90e8\u6709\u5c71\u8109\u3001\u5b89\u7b2c\u65af\u68ee\u6797\u548c\u6e56\u6cca\uff0c\u4e2d\u90e8\u6709\u5e7f\u9614\u65e0\u57a0\u7684\u5927\u8349\u539f\uff0c\u4e1c\u90e8\u6709\u6d77\u6ee9\u548c\u60ac\u5d16\u6d77\u5cb8\u3002\u5bf9\u73af\u5883\u7684\u7ef4\u6301\u548c\u5173\u7231\uff0c\u5bf9\u7eaf\u51c0\u81ea\u7136\u7684\u4fdd\u62a4\u548c\u5bf9\u6816\u606f\u5730\u52a8\u7269\u7684\u5c0a\u91cd\u662f\u533a\u5206\u4e18\u5e03\u7279\u4e0e\u5176\u5b83\u7701\u7684\u91cd\u8981\u7279\u5f81\u3002\u7701\u5185\u670917\u4e2a\u81ea\u7136\u4fdd\u62a4\u533a\uff0c3\u4e2a\u56fd\u5bb6\u516c\u56ed\u548c2\u4e2a\u4e16\u754c\u4eba\u7c7b\u9057\u4ea7\u3002\r\n\r\n<\/div>\r\n<div class=\"col-md-4 col-lg-4 post-item mb-4\">\r\n<figure><img class=\"img-fluid rounded-circle mb-3 w-75 mx-auto\" src=\"http:\/\/patagonia.gov.ar\/wp2019\/wp-content\/uploads\/2019\/11\/Lago-Posadas-foto-Patrian-9-720x720.jpg?v=1576795964\" alt=\"\u5723\u514b\u9c81\u65af\u7701\"><\/figure>\r\n<h5 class=\"my-3 h4 serif text-center\">\u5723\u514b\u9c81\u65af\u7701<\/h5>\r\n\u5723\u514b\u9c81\u65af\u7701\u65e0\u8fb9\u65e0\u9645\u3002\u4e00\u671b\u65e0\u9645\u7684\u5929\u7a7a\u7b3c\u7f69\u7740\u6df1\u8c37\u5c71\u6da7\u548c\u6816\u606f\u7740\u4f17\u591a\u539f\u751f\u52a8\u7269\u7684\u8fbd\u9614\u6d77\u5cb8\u3002\u8349\u539f\u6df1\u5904\u6709\u7740\u5e84\u56ed\u3001\u5c71\u8c37\u548c\u5316\u77f3\u3002\u963f\u6839\u5ef7\u6e56\u548c\u6210\u767e\u4e0a\u5343\u7684\u51b0\u5ddd\u4ee5\u5176\u58ee\u4e3d\u9707\u60ca\u4e16\u4eba\u3002\u4e16\u754c\u7b2c\u4e09\u5927\u51b0\u5ddd\u2014\u2014\u4f69\u91cc\u8bfa\u83ab\u96f7\u8bfa\u51b0\u5ddd\u53d1\u51fa\u96f7\u9e23\u822c\u7684\u9707\u54cd\uff0c\u6253\u7834\u4e86\u5df4\u5854\u54e5\u5c3c\u4e9a\u5730\u533a\u7684\u5bc2\u9759\u3002\r\n\r\n<\/div>\r\n<div class=\"col-md-4 col-lg-4 post-item mb-4\">\r\n<figure><img class=\"img-fluid rounded-circle mb-3 w-75 mx-auto\" src=\"http:\/\/patagonia.gov.ar\/wp2019\/wp-content\/uploads\/2019\/07\/tierradelfuego-Facundo-Santana25-720x720.jpg?v=1574277281\" alt=\"Tierra del Fuego\"><\/figure>\r\n<h5 class=\"my-3 h4 serif text-center\">\u706b\u5730\u5c9b\u7701<\/h5>\r\n\u53e4\u4ee3\u7684\u822a\u6d77\u5bb6\u4eec\u9065\u671b\u5230\u5f53\u5730\u4eba\u751f\u8d77\u7684\u5de8\u5927\u706b\u5806\uff0c\u5c31\u7ed9\u8fd9\u4e2a\u5730\u65b9\u8d77\u4e86\u706b\u5730\u5c9b\u8fd9\u6837\u4e00\u4e2a\u540d\u5b57\u3002\u98ce\u666f\u5982\u753b\u7684\u4e4c\u65af\u6000\u4e9a\u57ce\u4f4d\u4e8e\u7f8e\u6d32\u5927\u9646\u7684\u6700\u5357\u7aef\uff0c\u4e0e\u5927\u9646\u4e4b\u95f4\u9694\u7740\u795e\u79d8\u7684\u9ea6\u54f2\u4f26\u6d77\u5ce1\u3002\u5982\u4eca\uff0c\u57ce\u4e2d\u7684\u535a\u7269\u9986\u518d\u73b0\u4e86\u8fd9\u5ea7\u57ce\u5e02\u7684\u8d77\u6e90\u3002\u5317\u90e8\u7684\u683c\u5170\u5fb7\u6cb3\u548c\u6258\u80e1\u56e0\u516c\u793e\u9020\u5c31\u4e86\u8fd9\u7247\u571f\u5730\u7684\u68a6\u5e7b\u8272\u5f69\u3002\r\n\r\n<\/div>\r\n<\/div>\r\n<\/div>\r\n<\/div>\r\n<\/section><section id=\"mapa\" class=\"bg-paper d-none\">\r\n<div class=\"container-fluid mx-0 px-0\">\r\n<div class=\"row no-gutters align-items-center\">\r\n<div class=\"offset-md-1 col-md-6 text-center order-md-2\">\r\n<figure><img class=\"img-fluid mb-5\" src=\"http:\/\/patagonia.gov.ar\/wp2019\/wp-content\/uploads\/2019\/08\/argentine20-01.png\"><\/figure>\r\n<p class=\"lead\"><\/p>\r\n\r\n<\/div>\r\n<div class=\"offset-md-1 col-md-4 text-center order-md-1\">\r\n<figure><img class=\"w-75\" src=\"http:\/\/patagonia.gov.ar\/wp2019\/wp-content\/uploads\/2019\/08\/argentine20-02.png\"><\/figure>\r\n<p class=\"lead serif text-secondary px-3 px-sm-0\">En el extremo sur del continente americano, entre la imponente Cordillera de los Andes y el oc\u00e9ano Atl\u00e1ntico, se despliega en toda su extensi\u00f3n la regi\u00f3n m\u00e1s austral del mundo.<\/p>\r\n<p class=\"lead mb-5 px-3 px-sm-0\">Conjunci\u00f3n perfecta de lagos, r\u00edos, mar, monta\u00f1as, valles y estepa infinita, la Patagonia Argentina despliega en su magn\u00edfica y variada geograf\u00eda, propuestas que invitan a ser protagonistas de estos paisajes indomables.<\/p>\r\n\r\n<\/div>\r\n<\/div>\r\n<\/div>\r\n<\/section>\n<section class=\"module-cover-slides\" data-module-cover-slides-options='{\"animation\": \"fade\"}'>\n   <ul class=\"slides-container\">\n\t   <li class=\"parallax text-center\" data-overlay=\"0.0\">\n           <figure><img src=\"http:\/\/patagonia.gov.ar\/wp2019\/wp-content\/uploads\/2019\/07\/tierradelfuego-Facundo-Santana25.jpg\" alt=\"\"><\/figure>\n           <div class=\"container\">\n               <div class=\"row\">\n                   <div class=\"col-md-12 text-center\">\n                       <h1 class=\"mb-2 text-light serif display-4\"><\/h1>\n\t\t\t\t\t\t<p class=\"lead\"><\/p>\n                   <\/div>\n               <\/div>\n           <\/div>\n       <\/li>\n       <li class=\"parallax text-center\" data-overlay=\"0.0\">\n           <figure><img src=\"http:\/\/patagonia.gov.ar\/wp2019\/wp-content\/uploads\/2019\/07\/santacruz-El-Chalten-Santa-Cruz-Foto-Juan-Carlos-Corral-8.jpg\" alt=\"\"><\/figure>\n           <div class=\"container\">\n               <div class=\"row\">\n                   <div class=\"col-md-12 text-center\">\n                       <h1 class=\"mb-2 text-light serif display-4\"><\/h1>\n\t\t\t\t\t\t<p class=\"lead\"><\/p>\n                   <\/div>\n               <\/div>\n           <\/div>\n       <\/li>\n       <li class=\"parallax text-center\" data-overlay=\"0.0\">\n           <figure><img src=\"http:\/\/patagonia.gov.ar\/wp2019\/wp-content\/uploads\/2019\/07\/rionegro-Ri%CC%81o-Negro-Bariloche-Tren-Patago%CC%81nico-Tren-Patago%CC%81nico-S.A.jpg\" alt=\"\"><\/figure>\n           <div class=\"container\">\n               <div class=\"row\">\n                   <div class=\"col-md-12 text-center\">\n                       <h1 class=\"mb-2 text-light serif display-4\"><\/h1>\n\t\t\t\t\t\t<p class=\"lead\"><\/p>\n                   <\/div>\n               <\/div>\n           <\/div>\n       <\/li>\n       <li class=\"parallax text-center\" data-overlay=\"0.0\">\n           <figure><img src=\"http:\/\/patagonia.gov.ar\/wp2019\/wp-content\/uploads\/2019\/07\/chubut-ST_9726.jpg\" alt=\"\"><\/figure>\n           <div class=\"container\">\n               <div class=\"row\">\n                   <div class=\"col-md-12 text-center\">\n                       <h1 class=\"mb-2 text-light serif display-4\"><\/h1>\n\t\t\t\t\t\t<p class=\"lead\"><\/p>\n                   <\/div>\n               <\/div>\n           <\/div>\n       <\/li>\n       <li class=\"parallax text-center\" data-overlay=\"0.0\">\n           <figure><img src=\"http:\/\/patagonia.gov.ar\/wp2019\/wp-content\/uploads\/2019\/07\/lapampa-Reserva-Provincial-Parque-Luro-La-Pampa.jpg\" alt=\"\"><\/figure>\n           <div class=\"container\">\n               <div class=\"row\">\n                   <div class=\"col-md-12 text-center\">\n                       <h1 class=\"mb-2 text-light serif display-4\"><\/h1>\n\t\t\t\t\t\t<p class=\"lead\"><\/p>\n                   <\/div>\n               <\/div>\n           <\/div>\n       <\/li>\n       <li class=\"parallax text-center\" data-overlay=\"0.0\">\n           <figure><img src=\"http:\/\/patagonia.gov.ar\/wp2019\/wp-content\/uploads\/2019\/08\/262-1920x1280.jpg?v=1565373079\" alt=\"\"><\/figure>\n           <div class=\"container\">\n               <div class=\"row\">\n                   <div class=\"col-md-12 text-center\">\n                       <h1 class=\"mb-2 text-light serif display-4\"><\/h1>\n\t\t\t\t\t\t<p class=\"lead\"><\/p>\n                   <\/div>\n               <\/div>\n           <\/div>\n       <\/li>\n   <\/ul>\n   <div class=\"slides-navigation\">\n       <a class=\"prev\" href=\"#\"><span class=\"ti-angle-left\"><\/span><\/a>\n       <a class=\"next\" href=\"#\"><span class=\"ti-angle-right\"><\/span><\/a>\n   <\/div>\n<\/section>\n","protected":false},"excerpt":{"rendered":"<p>\u5173\u4e8e\u5df4\u5854\u54e5\u5c3c\u4e9a \u963f\u6839\u5ef7\u5df4\u5854\u54e5\u5c3c\u4e9a\u5730\u533a\u5e45\u5458\u8fbd\u9614\uff0c\u5145\u6ee1\u795e\u79d8\u6c14\u606f\uff0c\u4ea7\u751f\u5f3a\u70c8\u78c1\u6027\uff0c\u62e5\u6709\u60ca\u4eba\u9b45\u529b\u3002\u5b83\u5438\u5f15\u7740\u6240\u6709\u6765\u5230\u8fd9\u91cc\u7684\u4eba\uff0c\u8ba9\u4ed6\u4eec\u5f9c\u5f89\u5728\u5e7f\u88a4\u56db\u91ce\u7684\u6000\u62b1\u91cc\uff0c\u5bc4\u8709\u8763\u4e8e\u5929\u5730\uff0c\u6e3a\u6ca7\u6d77\u4e4b\u4e00\u7c9f\uff0c\u5c48\u670d\u4e8e\u5927\u81ea\u7136\u7684\u58ee\u7f8e \u5df4\u5854\u54e5\u5c3c\u4e9a\u7684\u795e\u79d8\u4e16\u6240\u7f55\u6709\uff0c\u7b2c\u4e00\u4e2a\u8c1c\u9898\u5c31\u662f\u5b83\u540d\u5b57\u7684\u8d77\u6e90\u3002\u5173\u4e8e\u8fd9\u65b9\u9762\uff0c\u8bb8\u591a\u63a8\u8bba\u90fd\u8ba4\u4e3a\u9ea6\u54f2\u4f26\u662f\u5df4\u5854\u54e5\u5c3c\u4e9a\u7684\u547d\u540d\u8005\u3002\u5176\u4e2d\u4e00\u4e2a\u7248\u672c\u53c2\u9605\u4e86\u8fd9\u4f4d\u822a\u6d77\u5bb6\u7684\u4e00\u90e8\u5206\u6709\u5173\u8be5\u5730\u533a\u571f\u8457\u7279\u7ef4\u5c14\u5207\u4eba\u5de8\u5927\u8db3\u5370\u7684\u89c2\u5bdf\u8bb0\u5f55\uff0c\u4ed6\u4eec\u4f53\u683c\u5de8\u5927\uff0c\u8eab\u9ad8\u663e\u8457\u3002 \u53e6\u4e00\u4e2a\u7248\u672c\u5219\u8ba4\u4e3a\u9ea6\u54f2\u4f26\u8fd9\u6837\u547d\u540d\u662f\u5728\u5f71\u5c04\u4e00\u4e2a\u4e2d\u4e16\u7eaa\u8457\u540d\u5c0f\u8bf4\u4e2d\u7684\u602a\u7269\u5f62\u8c61\u3002 \u80fd\u591f\u786e\u5b9a\u7684\u662f\uff0c\u5982\u4eca\u5df4\u5854\u54e5\u5c3c\u4e9a\u662f\u6700\u5177\u5438\u5f15\u529b\u7684\u65c5\u6e38\u76ee\u7684\u5730\u4e4b\u4e00\uff0c\u662f\u60f3\u83b7\u5f97\u5b9d\u8d35\u7ecf\u5386\u7684\u65c5\u884c\u8005\u7684\u7406\u60f3\u4e4b\u5904\u3002 \u4e0b\u8f7d\u5730\u56fe \u4e0b\u8f7d\u5730\u56fe \u5730\u533a\u7b80\u4ecb \u5df4\u5854\u54e5\u5c3c\u4e9a\u5730\u533a\u7531\u62c9\u6f58\u5e15\u3001\u5185\u4e4c\u80af\u3001\u91cc\u5965\u5185\u683c\u7f57\u3001\u4e18\u5e03\u7279\u3001\u5723\u514b\u9c81\u65af\u548c\u706b\u5730\u5c9b\u51e0\u4e2a\u7701\u4efd\u7ec4\u6210\uff0c\u5360\u573093.0731\u4e07\u5e73\u65b9\u516c\u91cc\uff0c\u5171\u6709203.7545\u4e07\u4eba\u53e3\uff0c\u6bcf\u4e2a\u5730\u65b9\u90fd\u63d0\u4f9b\u5e7f\u6cdb\u7684\u4f11\u95f2\u3001\u5a31\u4e50\u548c\u5192\u9669\u6d3b\u52a8\u3002\u5728\u8fd9\u91cc\uff0c\u7e41\u8302\u7684\u5927\u81ea\u7136\u624d\u662f\u4e3b\u89d2\u3002 \u62c9\u6f58\u5e15\u7701 \u62c9\u6f58\u5e15\u7701\u5730\u5904\u5df4\u5854\u54e5\u5c3c\u4e9a\u5730\u533a\u7684\u6700\u5317\u5934\uff0c\u7701\u5185\u7684\u5404\u79cd\u666f\u89c2\u80fd\u591f\u5524\u9192\u6e38\u5ba2\u5f00\u5c55\u5192\u9669\u6d3b\u52a8\u3001\u9886\u7565\u81ea\u7136\u548c\u5386\u53f2\u9b45\u529b\u7684\u6e34\u671b\u3002\u5728\u65e0\u8fb9\u65e0\u9645\u7684\u5929\u7a7a\u4e0b\uff0c\u62c9\u6f58\u5e15\u7701\u5e7f\u88a4\u65e0\u57a0\u7684\u5e73\u539f\u662f\u4e00\u4e2a\u98ce\u666f\u4f18\u7f8e\u7684\u65c5\u884c\u76ee\u7684\u5730\uff0c\u5728\u8fd9\u91cc\uff0c\u6e38\u5ba2\u53ef\u4ee5\u6b23\u8d4f\u79cd\u7c7b\u7e41\u591a\u7684\u65c5\u6e38\u666f\u70b9\uff0c\u611f\u53d7\u7ec6\u81f4\u5165\u5fae\u7684\u5404\u9879\u670d\u52a1\u3002 \u5185\u4e4c\u80af\u7701 \u5728\u5b89\u7b2c\u65af\u5c71\u8109\u7684\u5b88\u62a4\u4e0b\uff0c\u5728\u96c4\u4f1f\u7684\u62c9\u5b81\u706b\u5c71\u7684\u4fdd\u62a4\u4e2d\uff0c\u5185\u4e4c\u80af\u7701\u7684\u5c71\u95f4\u6751\u5e84\u662f\u90a3\u4e48\u4ee4\u4eba\u7740\u8ff7\uff0c\u4e03\u6e56\u4e4b\u8def\u7684\u7f8e\u662f\u90a3\u6837\u65e0\u6cd5\u8a00\u55bb\u3002\u5343\u4e07\u5e74\u524d\u8fd9\u91cc\u66fe\u662f\u6050\u9f99\u7684\u6447\u7bee\uff0c\u5982\u4eca\u8fd9\u91cc\u5b55\u80b2\u7740\u4e30\u5bcc\u7684\u6587\u5316\uff0c\u5176\u81ea\u7136\u73af\u5883\u9002\u5408\u5192\u9669\u3001\u9493\u9c7c\uff0c\u4ee5\u53ca\u89c2\u8d4f\u56fd\u5bb6\u548c\u7701\u7ea7\u516c\u56ed\u5185\u591a\u79cd\u591a\u6837\u7684\u52a8\u690d\u7269\u7fa4\u3002 \u91cc\u5965\u5185\u683c\u7f57\u7701 \u9ad8\u5c71\u3001\u5927\u6d77\u3001\u5ce1\u8c37\u548c\u8349\u539f\u9080\u60a8\u4eab\u53d7\u91cc\u5965\u5185\u683c\u7f57\u7701\u5168\u5e74\u7684\u5b8c\u6ee1\u751f\u6d3b\u3002\u8fd9\u91cc\u51ac\u5929\u6709\u96ea\u8da3\uff0c\u590f\u5929\u6709\u68ee\u6797\u548c\u6e56\u6cca\u3002\u8fd9\u91cc\u6709\u6e29\u6696\u800c\u900f\u660e\u7684\u6d77\u6d0b\uff0c\u5e7f\u9614\u7684\u6c99\u6ee9\u548c\u60ac\u5d16\u3002\u5f53\u5730\u7f8e\u98df\u3001\u591a\u6837\u4f4f\u5bbf\u548c\u670d\u52a1\u8db3\u4ee5\u4ee4\u6700\u6311\u5254\u7684\u6e38\u5ba2\u6ee1\u610f\u3002 \u4e18\u5e03\u7279\u7701 \u4e18\u5e03\u7279\u7701\u4f4d\u4e8e\u5df4\u5854\u54e5\u5c3c\u4e9a\u5730\u533a\u7684\u4e2d\u5fc3\uff0c\u5404\u79cd\u98ce\u666f\u65e0\u4e0e\u4f26\u6bd4\uff1a\u897f\u90e8\u6709\u5c71\u8109\u3001\u5b89\u7b2c\u65af\u68ee\u6797\u548c\u6e56\u6cca\uff0c\u4e2d\u90e8\u6709\u5e7f\u9614\u65e0\u57a0\u7684\u5927\u8349\u539f\uff0c\u4e1c\u90e8\u6709\u6d77\u6ee9\u548c\u60ac\u5d16\u6d77\u5cb8\u3002\u5bf9\u73af\u5883\u7684\u7ef4\u6301\u548c\u5173\u7231\uff0c\u5bf9\u7eaf\u51c0\u81ea\u7136\u7684\u4fdd\u62a4\u548c\u5bf9\u6816\u606f\u5730\u52a8\u7269\u7684\u5c0a\u91cd\u662f\u533a\u5206\u4e18\u5e03\u7279\u4e0e\u5176\u5b83\u7701\u7684\u91cd\u8981\u7279\u5f81\u3002\u7701\u5185\u670917\u4e2a\u81ea\u7136\u4fdd\u62a4\u533a\uff0c3\u4e2a\u56fd\u5bb6\u516c\u56ed\u548c2\u4e2a\u4e16\u754c\u4eba\u7c7b\u9057\u4ea7\u3002 \u5723\u514b\u9c81\u65af\u7701 \u5723\u514b\u9c81\u65af\u7701\u65e0\u8fb9\u65e0\u9645\u3002\u4e00\u671b\u65e0\u9645\u7684\u5929\u7a7a\u7b3c\u7f69\u7740\u6df1\u8c37\u5c71\u6da7\u548c\u6816\u606f\u7740\u4f17\u591a\u539f\u751f\u52a8\u7269\u7684\u8fbd\u9614\u6d77\u5cb8\u3002\u8349\u539f\u6df1\u5904\u6709\u7740\u5e84\u56ed\u3001\u5c71\u8c37\u548c\u5316\u77f3\u3002\u963f\u6839\u5ef7\u6e56\u548c\u6210\u767e\u4e0a\u5343\u7684\u51b0\u5ddd\u4ee5\u5176\u58ee\u4e3d\u9707\u60ca\u4e16\u4eba\u3002\u4e16\u754c\u7b2c\u4e09\u5927\u51b0\u5ddd\u2014\u2014\u4f69\u91cc\u8bfa\u83ab\u96f7\u8bfa\u51b0\u5ddd\u53d1\u51fa\u96f7\u9e23\u822c\u7684\u9707\u54cd\uff0c\u6253\u7834\u4e86\u5df4\u5854\u54e5\u5c3c\u4e9a\u5730\u533a\u7684\u5bc2\u9759\u3002 \u706b\u5730\u5c9b\u7701 \u53e4\u4ee3\u7684\u822a\u6d77\u5bb6\u4eec\u9065\u671b\u5230\u5f53\u5730\u4eba\u751f\u8d77\u7684\u5de8\u5927\u706b\u5806\uff0c\u5c31\u7ed9\u8fd9\u4e2a\u5730\u65b9\u8d77\u4e86\u706b\u5730\u5c9b\u8fd9\u6837\u4e00\u4e2a\u540d\u5b57\u3002\u98ce\u666f\u5982\u753b\u7684\u4e4c\u65af\u6000\u4e9a\u57ce\u4f4d\u4e8e\u7f8e\u6d32\u5927\u9646\u7684\u6700\u5357\u7aef\uff0c\u4e0e\u5927\u9646\u4e4b\u95f4\u9694\u7740\u795e\u79d8\u7684\u9ea6\u54f2\u4f26\u6d77\u5ce1\u3002\u5982\u4eca\uff0c\u57ce\u4e2d\u7684\u535a\u7269\u9986\u518d\u73b0\u4e86\u8fd9\u5ea7\u57ce\u5e02\u7684\u8d77\u6e90\u3002\u5317\u90e8\u7684\u683c\u5170\u5fb7\u6cb3\u548c\u6258\u80e1\u56e0\u516c\u793e\u9020\u5c31\u4e86\u8fd9\u7247\u571f\u5730\u7684\u68a6\u5e7b\u8272\u5f69\u3002 En el extremo sur del continente americano, entre la imponente Cordillera de los Andes y el oc\u00e9ano Atl\u00e1ntico, se despliega en toda su extensi\u00f3n la regi\u00f3n m\u00e1s austral del mundo. Conjunci\u00f3n perfecta de lagos, [&#8230;]<\/p>\n<p><a class=\"btn btn-secondary understrap-read-more-link\" href=\"https:\/\/patagonia.gob.ar\/wp2019\/zh-hans\/%e5%85%b3%e4%ba%8e%e5%b7%b4%e5%a1%94%e5%93%a5%e5%b0%bc%e4%ba%9a\/\">Read More&#8230;<\/a><\/p>\n","protected":false},"author":1,"featured_media":0,"parent":0,"menu_order":0,"comment_status":"closed","ping_status":"closed","template":"page-templates\/empty-page.php","meta":[],"_links":{"self":[{"href":"https:\/\/patagonia.gob.ar\/wp2019\/zh-hans\/wp-json\/wp\/v2\/pages\/2396"}],"collection":[{"href":"https:\/\/patagonia.gob.ar\/wp2019\/zh-hans\/wp-json\/wp\/v2\/pages"}],"about":[{"href":"https:\/\/patagonia.gob.ar\/wp2019\/zh-hans\/wp-json\/wp\/v2\/types\/page"}],"author":[{"embeddable":true,"href":"https:\/\/patagonia.gob.ar\/wp2019\/zh-hans\/wp-json\/wp\/v2\/users\/1"}],"replies":[{"embeddable":true,"href":"https:\/\/patagonia.gob.ar\/wp2019\/zh-hans\/wp-json\/wp\/v2\/comments?post=2396"}],"version-history":[{"count":2,"href":"https:\/\/patagonia.gob.ar\/wp2019\/zh-hans\/wp-json\/wp\/v2\/pages\/2396\/revisions"}],"predecessor-version":[{"id":2398,"href":"https:\/\/patagonia.gob.ar\/wp2019\/zh-hans\/wp-json\/wp\/v2\/pages\/2396\/revisions\/2398"}],"wp:attachment":[{"href":"https:\/\/patagonia.gob.ar\/wp2019\/zh-hans\/wp-json\/wp\/v2\/media?parent=2396"}],"curies":[{"name":"wp","href":"https:\/\/api.w.org\/{rel}","templated":true}]}}